{"id":28851,"date":"2025-04-10T09:22:04","date_gmt":"2025-04-10T07:22:04","guid":{"rendered":"https:\/\/www.happycolor.pl\/produkt\/blok-malego-artysty-yummy-yum\/"},"modified":"2025-04-10T09:22:04","modified_gmt":"2025-04-10T07:22:04","slug":"blok-malego-artysty-yummy-yum","status":"publish","type":"product","link":"https:\/\/happycolor.pl\/en\/product\/blok-malego-artysty-yummy-yum\/","title":{"rendered":"Blok Ma\u0142ego Artysty Yummy Yum"},"content":{"rendered":"","protected":false},"excerpt":{"rendered":"<ul>\n<li>Blok zawiera r\u00f3\u017cnorodne zadania, kt\u00f3re wp\u0142ywaj\u0105 na wyobra\u017anie dziecka<\/li>\n<li>Specjalnie zaprojektowany dla najm\u0142odszych artyst\u00f3w<\/li>\n<li>Idealny do rozwijania zdolno\u015bci manualnych<\/li>\n<li>Grube kontury u\u0142atwiaj\u0105 kolorowanie i ucz\u0105 precyzji<\/li>\n<\/ul>\n","protected":false},"featured_media":28551,"template":"","meta":[],"product_brand":[],"product_cat":[15],"product_tag":[],"class_list":{"0":"post-28851","1":"product","2":"type-product","3":"status-publish","4":"has-post-thumbnail","6":"product_cat-bez-kategorii","8":"first","9":"instock","10":"shipping-taxable","11":"product-type-simple"},"yoast_head":"<!-- This site is optimized with the Yoast SEO plugin v27.3 - https:\/\/yoast.com\/product\/yoast-seo-wordpress\/ -->\n<title>Blok Ma\u0142ego Artysty Yummy Yum - Happy Color<\/title>\n<meta name=\"robots\" content=\"index, follow, max-snippet:-1, max-image-preview:large, max-video-preview:-1\" \/>\n<link rel=\"canonical\" href=\"https:\/\/happycolor.pl\/en\/product\/blok-malego-artysty-yummy-yum\/\" \/>\n<meta property=\"og:locale\" content=\"en_US\" \/>\n<meta property=\"og:type\" content=\"article\" \/>\n<meta property=\"og:title\" content=\"Blok Ma\u0142ego Artysty Yummy Yum - Happy Color\" \/>\n<meta property=\"og:description\" content=\"Blok zawiera r\u00f3\u017cnorodne zadania, kt\u00f3re wp\u0142ywaj\u0105 na wyobra\u017anie dziecka  Specjalnie zaprojektowany dla najm\u0142odszych artyst\u00f3w  Idealny do rozwijania zdolno\u015bci manualnych  Grube kontury u\u0142atwiaj\u0105 kolorowanie i ucz\u0105 precyzji\" \/>\n<meta property=\"og:url\" content=\"https:\/\/happycolor.pl\/en\/product\/blok-malego-artysty-yummy-yum\/\" \/>\n<meta property=\"og:site_name\" content=\"Happy Color\" \/>\n<meta property=\"og:image\" content=\"https:\/\/happycolor.pl\/app\/uploads\/2025\/04\/zdjecia-na-strone-23-2.jpg\" \/>\n\t<meta property=\"og:image:width\" content=\"1200\" \/>\n\t<meta property=\"og:image:height\" content=\"1200\" \/>\n\t<meta property=\"og:image:type\" content=\"image\/jpeg\" \/>\n<meta name=\"twitter:card\" content=\"summary_large_image\" \/>\n<script type=\"application\/ld+json\" class=\"yoast-schema-graph\">{\"@context\":\"https:\\\/\\\/schema.org\",\"@graph\":[{\"@type\":\"WebPage\",\"@id\":\"https:\\\/\\\/happycolor.pl\\\/en\\\/product\\\/blok-malego-artysty-yummy-yum\\\/\",\"url\":\"https:\\\/\\\/happycolor.pl\\\/en\\\/product\\\/blok-malego-artysty-yummy-yum\\\/\",\"name\":\"Blok Ma\u0142ego Artysty Yummy Yum - Happy Color\",\"isPartOf\":{\"@id\":\"https:\\\/\\\/happycolor.pl\\\/#website\"},\"primaryImageOfPage\":{\"@id\":\"https:\\\/\\\/happycolor.pl\\\/en\\\/product\\\/blok-malego-artysty-yummy-yum\\\/#primaryimage\"},\"image\":{\"@id\":\"https:\\\/\\\/happycolor.pl\\\/en\\\/product\\\/blok-malego-artysty-yummy-yum\\\/#primaryimage\"},\"thumbnailUrl\":\"https:\\\/\\\/happycolor.pl\\\/app\\\/uploads\\\/2025\\\/04\\\/zdjecia-na-strone-23-2.jpg\",\"datePublished\":\"2025-04-10T07:22:04+00:00\",\"breadcrumb\":{\"@id\":\"https:\\\/\\\/happycolor.pl\\\/en\\\/product\\\/blok-malego-artysty-yummy-yum\\\/#breadcrumb\"},\"inLanguage\":\"en-US\",\"potentialAction\":[{\"@type\":\"ReadAction\",\"target\":[\"https:\\\/\\\/happycolor.pl\\\/en\\\/product\\\/blok-malego-artysty-yummy-yum\\\/\"]}]},{\"@type\":\"ImageObject\",\"inLanguage\":\"en-US\",\"@id\":\"https:\\\/\\\/happycolor.pl\\\/en\\\/product\\\/blok-malego-artysty-yummy-yum\\\/#primaryimage\",\"url\":\"https:\\\/\\\/happycolor.pl\\\/app\\\/uploads\\\/2025\\\/04\\\/zdjecia-na-strone-23-2.jpg\",\"contentUrl\":\"https:\\\/\\\/happycolor.pl\\\/app\\\/uploads\\\/2025\\\/04\\\/zdjecia-na-strone-23-2.jpg\",\"width\":1200,\"height\":1200,\"caption\":\"Blok zawiera r\u00f3\u017cnorodne zadania, kt\u00f3re wp\u0142ywaj\u0105 na wyobra\u017anie dziecka Specjalnie zaprojektowany dla najm\u0142odszych artyst\u00f3w Idealny do rozwijania zdolno\u015bci manualnych Grube kontury u\u0142atwiaj\u0105 kolorowanie i ucz\u0105 precyzji Rysowanie i kolorowanie po numerach anga\u017cuje dzieci w tw\u00f3rcz\u0105 zabaw\u0119 Wycinanki po z\u0142o\u017ceniu tworz\u0105 tr\u00f3jwymiarowe modele, kt\u00f3re mog\u0105 s\u0142u\u017cy\u0107 do zabawy lub jako ozdoba dzieci\u0119cego pokoju\"},{\"@type\":\"BreadcrumbList\",\"@id\":\"https:\\\/\\\/happycolor.pl\\\/en\\\/product\\\/blok-malego-artysty-yummy-yum\\\/#breadcrumb\",\"itemListElement\":[{\"@type\":\"ListItem\",\"position\":1,\"name\":\"Sklep\",\"item\":\"https:\\\/\\\/happycolor.pl\\\/sklep\\\/\"},{\"@type\":\"ListItem\",\"position\":2,\"name\":\"Blok Ma\u0142ego Artysty Yummy Yum\"}]},{\"@type\":\"WebSite\",\"@id\":\"https:\\\/\\\/happycolor.pl\\\/#website\",\"url\":\"https:\\\/\\\/happycolor.pl\\\/\",\"name\":\"Happy Color\",\"description\":\"Poznaj nasz kolorowy \u015bwiat\",\"potentialAction\":[{\"@type\":\"SearchAction\",\"target\":{\"@type\":\"EntryPoint\",\"urlTemplate\":\"https:\\\/\\\/happycolor.pl\\\/?s={search_term_string}\"},\"query-input\":{\"@type\":\"PropertyValueSpecification\",\"valueRequired\":true,\"valueName\":\"search_term_string\"}}],\"inLanguage\":\"en-US\"}]}<\/script>\n<!-- \/ Yoast SEO plugin. -->","yoast_head_json":{"title":"Blok Ma\u0142ego Artysty Yummy Yum - Happy Color","robots":{"index":"index","follow":"follow","max-snippet":"max-snippet:-1","max-image-preview":"max-image-preview:large","max-video-preview":"max-video-preview:-1"},"canonical":"https:\/\/happycolor.pl\/en\/product\/blok-malego-artysty-yummy-yum\/","og_locale":"en_US","og_type":"article","og_title":"Blok Ma\u0142ego Artysty Yummy Yum - Happy Color","og_description":"Blok zawiera r\u00f3\u017cnorodne zadania, kt\u00f3re wp\u0142ywaj\u0105 na wyobra\u017anie dziecka  Specjalnie zaprojektowany dla najm\u0142odszych artyst\u00f3w  Idealny do rozwijania zdolno\u015bci manualnych  Grube kontury u\u0142atwiaj\u0105 kolorowanie i ucz\u0105 precyzji","og_url":"https:\/\/happycolor.pl\/en\/product\/blok-malego-artysty-yummy-yum\/","og_site_name":"Happy Color","og_image":[{"width":1200,"height":1200,"url":"https:\/\/happycolor.pl\/app\/uploads\/2025\/04\/zdjecia-na-strone-23-2.jpg","type":"image\/jpeg"}],"twitter_card":"summary_large_image","schema":{"@context":"https:\/\/schema.org","@graph":[{"@type":"WebPage","@id":"https:\/\/happycolor.pl\/en\/product\/blok-malego-artysty-yummy-yum\/","url":"https:\/\/happycolor.pl\/en\/product\/blok-malego-artysty-yummy-yum\/","name":"Blok Ma\u0142ego Artysty Yummy Yum - Happy Color","isPartOf":{"@id":"https:\/\/happycolor.pl\/#website"},"primaryImageOfPage":{"@id":"https:\/\/happycolor.pl\/en\/product\/blok-malego-artysty-yummy-yum\/#primaryimage"},"image":{"@id":"https:\/\/happycolor.pl\/en\/product\/blok-malego-artysty-yummy-yum\/#primaryimage"},"thumbnailUrl":"https:\/\/happycolor.pl\/app\/uploads\/2025\/04\/zdjecia-na-strone-23-2.jpg","datePublished":"2025-04-10T07:22:04+00:00","breadcrumb":{"@id":"https:\/\/happycolor.pl\/en\/product\/blok-malego-artysty-yummy-yum\/#breadcrumb"},"inLanguage":"en-US","potentialAction":[{"@type":"ReadAction","target":["https:\/\/happycolor.pl\/en\/product\/blok-malego-artysty-yummy-yum\/"]}]},{"@type":"ImageObject","inLanguage":"en-US","@id":"https:\/\/happycolor.pl\/en\/product\/blok-malego-artysty-yummy-yum\/#primaryimage","url":"https:\/\/happycolor.pl\/app\/uploads\/2025\/04\/zdjecia-na-strone-23-2.jpg","contentUrl":"https:\/\/happycolor.pl\/app\/uploads\/2025\/04\/zdjecia-na-strone-23-2.jpg","width":1200,"height":1200,"caption":"Blok zawiera r\u00f3\u017cnorodne zadania, kt\u00f3re wp\u0142ywaj\u0105 na wyobra\u017anie dziecka Specjalnie zaprojektowany dla najm\u0142odszych artyst\u00f3w Idealny do rozwijania zdolno\u015bci manualnych Grube kontury u\u0142atwiaj\u0105 kolorowanie i ucz\u0105 precyzji Rysowanie i kolorowanie po numerach anga\u017cuje dzieci w tw\u00f3rcz\u0105 zabaw\u0119 Wycinanki po z\u0142o\u017ceniu tworz\u0105 tr\u00f3jwymiarowe modele, kt\u00f3re mog\u0105 s\u0142u\u017cy\u0107 do zabawy lub jako ozdoba dzieci\u0119cego pokoju"},{"@type":"BreadcrumbList","@id":"https:\/\/happycolor.pl\/en\/product\/blok-malego-artysty-yummy-yum\/#breadcrumb","itemListElement":[{"@type":"ListItem","position":1,"name":"Sklep","item":"https:\/\/happycolor.pl\/sklep\/"},{"@type":"ListItem","position":2,"name":"Blok Ma\u0142ego Artysty Yummy Yum"}]},{"@type":"WebSite","@id":"https:\/\/happycolor.pl\/#website","url":"https:\/\/happycolor.pl\/","name":"Happy Color","description":"Poznaj nasz kolorowy \u015bwiat","potentialAction":[{"@type":"SearchAction","target":{"@type":"EntryPoint","urlTemplate":"https:\/\/happycolor.pl\/?s={search_term_string}"},"query-input":{"@type":"PropertyValueSpecification","valueRequired":true,"valueName":"search_term_string"}}],"inLanguage":"en-US"}]}},"_links":{"self":[{"href":"https:\/\/happycolor.pl\/en\/wp-json\/wp\/v2\/product\/28851","targetHints":{"allow":["GET"]}}],"collection":[{"href":"https:\/\/happycolor.pl\/en\/wp-json\/wp\/v2\/product"}],"about":[{"href":"https:\/\/happycolor.pl\/en\/wp-json\/wp\/v2\/types\/product"}],"wp:featuredmedia":[{"embeddable":true,"href":"https:\/\/happycolor.pl\/en\/wp-json\/wp\/v2\/media\/28551"}],"wp:attachment":[{"href":"https:\/\/happycolor.pl\/en\/wp-json\/wp\/v2\/media?parent=28851"}],"wp:term":[{"taxonomy":"product_brand","embeddable":true,"href":"https:\/\/happycolor.pl\/en\/wp-json\/wp\/v2\/product_brand?post=28851"},{"taxonomy":"product_cat","embeddable":true,"href":"https:\/\/happycolor.pl\/en\/wp-json\/wp\/v2\/product_cat?post=28851"},{"taxonomy":"product_tag","embeddable":true,"href":"https:\/\/happycolor.pl\/en\/wp-json\/wp\/v2\/product_tag?post=28851"}],"curies":[{"name":"wp","href":"https:\/\/api.w.org\/{rel}","templated":true}]}}