{"id":27183,"date":"2021-12-01T11:56:59","date_gmt":"2021-12-01T10:56:59","guid":{"rendered":"https:\/\/www.happycolor.pl\/produkt\/all-craft-glue\/"},"modified":"2024-04-09T15:08:51","modified_gmt":"2024-04-09T13:08:51","slug":"all-craft-glue","status":"publish","type":"product","link":"https:\/\/happycolor.pl\/en\/product\/all-craft-glue\/","title":{"rendered":"All craft glue"},"content":{"rendered":"<table style=\"border-collapse: collapse; width: 100%;\">\n<tbody>\n<tr>\n<td style=\"width: 33.3333%; text-align: center;\"><strong>TYPE\u00a0<\/strong><\/td>\n<td style=\"width: 33.3333%; text-align: center;\"><strong>WEIGHT<\/strong><\/td>\n<td style=\"width: 33.3333%; text-align: center;\"><strong>PACKAGING<\/strong><\/td>\n<\/tr>\n<tr>\n<td style=\"width: 33.3333%; text-align: center;\">all craft<\/td>\n<td style=\"width: 33.3333%; text-align: center;\">100g<\/td>\n<td style=\"width: 33.3333%; text-align: center;\">bottle with an applicator<\/td>\n<\/tr>\n<\/tbody>\n<\/table>\n","protected":false},"excerpt":{"rendered":"<p>All craft glue<\/p>\n<ul>\n<li>Glue based on vinyl acetate and ethylene copolimer<\/li>\n<li>Perfect for scrapbooking and creating jewellery<\/li>\n<li>Resistant for high and low temperatures<\/li>\n<li>High penetration provides durable and elastic joint, resistant for crumbling<\/li>\n<li>After drying completely transparent<\/li>\n<li>For cold gluing<\/li>\n<\/ul>\n<p>&nbsp;<\/p>\n<p>APPLICATION<br \/>\n<img decoding=\"async\" class=\"emoji\" role=\"img\" draggable=\"false\" src=\"https:\/\/s.w.org\/images\/core\/emoji\/14.0.0\/svg\/25aa.svg\" alt=\"\u25aa\" \/>paper with UV varnish<img decoding=\"async\" class=\"emoji\" role=\"img\" draggable=\"false\" src=\"https:\/\/s.w.org\/images\/core\/emoji\/14.0.0\/svg\/25aa.svg\" alt=\"\u25aa\" \/>dispersion varnishes<img decoding=\"async\" class=\"emoji\" role=\"img\" draggable=\"false\" src=\"https:\/\/s.w.org\/images\/core\/emoji\/14.0.0\/svg\/25aa.svg\" alt=\"\u25aa\" \/>PVC<img decoding=\"async\" class=\"emoji\" role=\"img\" draggable=\"false\" src=\"https:\/\/s.w.org\/images\/core\/emoji\/14.0.0\/svg\/25aa.svg\" alt=\"\u25aa\" \/>aluminium foil<img decoding=\"async\" class=\"emoji\" role=\"img\" draggable=\"false\" src=\"https:\/\/s.w.org\/images\/core\/emoji\/14.0.0\/svg\/25aa.svg\" alt=\"\u25aa\" \/>stones<img decoding=\"async\" class=\"emoji\" role=\"img\" draggable=\"false\" src=\"https:\/\/s.w.org\/images\/core\/emoji\/14.0.0\/svg\/25aa.svg\" alt=\"\u25aa\" \/>paper<img decoding=\"async\" class=\"emoji\" role=\"img\" draggable=\"false\" src=\"https:\/\/s.w.org\/images\/core\/emoji\/14.0.0\/svg\/25aa.svg\" alt=\"\u25aa\" \/>carboard<img decoding=\"async\" class=\"emoji\" role=\"img\" draggable=\"false\" src=\"https:\/\/s.w.org\/images\/core\/emoji\/14.0.0\/svg\/25aa.svg\" alt=\"\u25aa\" \/>bristol<img decoding=\"async\" class=\"emoji\" role=\"img\" draggable=\"false\" src=\"https:\/\/s.w.org\/images\/core\/emoji\/14.0.0\/svg\/25aa.svg\" alt=\"\u25aa\" \/>wood<img decoding=\"async\" class=\"emoji\" role=\"img\" draggable=\"false\" src=\"https:\/\/s.w.org\/images\/core\/emoji\/14.0.0\/svg\/25aa.svg\" alt=\"\u25aa\" \/>felt<img decoding=\"async\" class=\"emoji\" role=\"img\" draggable=\"false\" src=\"https:\/\/s.w.org\/images\/core\/emoji\/14.0.0\/svg\/25aa.svg\" alt=\"\u25aa\" \/>cork<img decoding=\"async\" class=\"emoji\" role=\"img\" draggable=\"false\" src=\"https:\/\/s.w.org\/images\/core\/emoji\/14.0.0\/svg\/25aa.svg\" alt=\"\u25aa\" \/>styrofoam<img decoding=\"async\" class=\"emoji\" role=\"img\" draggable=\"false\" src=\"https:\/\/s.w.org\/images\/core\/emoji\/14.0.0\/svg\/25aa.svg\" alt=\"\u25aa\" \/>heavy carboard<img decoding=\"async\" class=\"emoji\" role=\"img\" draggable=\"false\" src=\"https:\/\/s.w.org\/images\/core\/emoji\/14.0.0\/svg\/25aa.svg\" alt=\"\u25aa\" \/>pottery<img decoding=\"async\" class=\"emoji\" role=\"img\" draggable=\"false\" src=\"https:\/\/s.w.org\/images\/core\/emoji\/14.0.0\/svg\/25aa.svg\" alt=\"\u25aa\" \/>lamination<\/p>\n","protected":false},"featured_media":29493,"template":"","meta":[],"product_brand":[],"product_cat":[273],"product_tag":[],"class_list":{"0":"post-27183","1":"product","2":"type-product","3":"status-publish","4":"has-post-thumbnail","6":"product_cat-glues","8":"first","9":"instock","10":"shipping-taxable","11":"product-type-simple"},"yoast_head":"<!-- This site is optimized with the Yoast SEO plugin v27.3 - https:\/\/yoast.com\/product\/yoast-seo-wordpress\/ -->\n<title>All craft glue - Happy Color<\/title>\n<meta name=\"robots\" content=\"index, follow, max-snippet:-1, max-image-preview:large, max-video-preview:-1\" \/>\n<link rel=\"canonical\" href=\"https:\/\/happycolor.pl\/en\/product\/all-craft-glue\/\" \/>\n<meta property=\"og:locale\" content=\"en_US\" \/>\n<meta property=\"og:type\" content=\"article\" \/>\n<meta property=\"og:title\" content=\"All craft glue - Happy Color\" \/>\n<meta property=\"og:description\" content=\"All craft glue   Glue based on vinyl acetate and ethylene copolimer  Perfect for scrapbooking and creating jewellery  Resistant for high and low temperatures  High penetration provides durable and elastic joint, resistant for crumbling  After drying completely transparent  For cold gluing  &nbsp;  APPLICATION paper with UV varnishdispersion varnishesPVCaluminium foilstonespapercarboardbristolwoodfeltcorkstyrofoamheavy carboardpotterylamination\" \/>\n<meta property=\"og:url\" content=\"https:\/\/happycolor.pl\/en\/product\/all-craft-glue\/\" \/>\n<meta property=\"og:site_name\" content=\"Happy Color\" \/>\n<meta property=\"article:modified_time\" content=\"2024-04-09T13:08:51+00:00\" \/>\n<meta property=\"og:image\" content=\"https:\/\/happycolor.pl\/app\/uploads\/2021\/12\/0000_HA-7480-0100.jpg\" \/>\n\t<meta property=\"og:image:width\" content=\"1200\" \/>\n\t<meta property=\"og:image:height\" content=\"1200\" \/>\n\t<meta property=\"og:image:type\" content=\"image\/jpeg\" \/>\n<meta name=\"twitter:card\" content=\"summary_large_image\" \/>\n<meta name=\"twitter:label1\" content=\"Est. reading time\" \/>\n\t<meta name=\"twitter:data1\" content=\"1 minute\" \/>\n<script type=\"application\/ld+json\" class=\"yoast-schema-graph\">{\"@context\":\"https:\\\/\\\/schema.org\",\"@graph\":[{\"@type\":\"WebPage\",\"@id\":\"https:\\\/\\\/happycolor.pl\\\/en\\\/product\\\/all-craft-glue\\\/\",\"url\":\"https:\\\/\\\/happycolor.pl\\\/en\\\/product\\\/all-craft-glue\\\/\",\"name\":\"All craft glue - Happy Color\",\"isPartOf\":{\"@id\":\"https:\\\/\\\/happycolor.pl\\\/#website\"},\"primaryImageOfPage\":{\"@id\":\"https:\\\/\\\/happycolor.pl\\\/en\\\/product\\\/all-craft-glue\\\/#primaryimage\"},\"image\":{\"@id\":\"https:\\\/\\\/happycolor.pl\\\/en\\\/product\\\/all-craft-glue\\\/#primaryimage\"},\"thumbnailUrl\":\"https:\\\/\\\/happycolor.pl\\\/app\\\/uploads\\\/2021\\\/12\\\/5905130034725.jpg\",\"datePublished\":\"2021-12-01T10:56:59+00:00\",\"dateModified\":\"2024-04-09T13:08:51+00:00\",\"breadcrumb\":{\"@id\":\"https:\\\/\\\/happycolor.pl\\\/en\\\/product\\\/all-craft-glue\\\/#breadcrumb\"},\"inLanguage\":\"en-US\",\"potentialAction\":[{\"@type\":\"ReadAction\",\"target\":[\"https:\\\/\\\/happycolor.pl\\\/en\\\/product\\\/all-craft-glue\\\/\"]}]},{\"@type\":\"ImageObject\",\"inLanguage\":\"en-US\",\"@id\":\"https:\\\/\\\/happycolor.pl\\\/en\\\/product\\\/all-craft-glue\\\/#primaryimage\",\"url\":\"https:\\\/\\\/happycolor.pl\\\/app\\\/uploads\\\/2021\\\/12\\\/5905130034725.jpg\",\"contentUrl\":\"https:\\\/\\\/happycolor.pl\\\/app\\\/uploads\\\/2021\\\/12\\\/5905130034725.jpg\",\"width\":1200,\"height\":1200,\"caption\":\"All Craft Klej na bazie octanu winylu oraz kopolimeru etylenu Idealny do scrapbookingu i tworzenia bi\u017cuterii Odporny na dzia\u0142anie niskich i wysokich temperatur Wysoka penetracja kleju zapewnia wytrzyma\u0142\u0105, elastyczn\u0105 spoin\u0119 odporn\u0105 na kruszenie Po wyschni\u0119ciu ca\u0142kowicie przezroczysty Do klejenia na zimno ZASTOSOWANIE\"},{\"@type\":\"BreadcrumbList\",\"@id\":\"https:\\\/\\\/happycolor.pl\\\/en\\\/product\\\/all-craft-glue\\\/#breadcrumb\",\"itemListElement\":[{\"@type\":\"ListItem\",\"position\":1,\"name\":\"Sklep\",\"item\":\"https:\\\/\\\/happycolor.pl\\\/sklep\\\/\"},{\"@type\":\"ListItem\",\"position\":2,\"name\":\"All craft glue\"}]},{\"@type\":\"WebSite\",\"@id\":\"https:\\\/\\\/happycolor.pl\\\/#website\",\"url\":\"https:\\\/\\\/happycolor.pl\\\/\",\"name\":\"Happy Color\",\"description\":\"Poznaj nasz kolorowy \u015bwiat\",\"potentialAction\":[{\"@type\":\"SearchAction\",\"target\":{\"@type\":\"EntryPoint\",\"urlTemplate\":\"https:\\\/\\\/happycolor.pl\\\/?s={search_term_string}\"},\"query-input\":{\"@type\":\"PropertyValueSpecification\",\"valueRequired\":true,\"valueName\":\"search_term_string\"}}],\"inLanguage\":\"en-US\"}]}<\/script>\n<!-- \/ Yoast SEO plugin. -->","yoast_head_json":{"title":"All craft glue - Happy Color","robots":{"index":"index","follow":"follow","max-snippet":"max-snippet:-1","max-image-preview":"max-image-preview:large","max-video-preview":"max-video-preview:-1"},"canonical":"https:\/\/happycolor.pl\/en\/product\/all-craft-glue\/","og_locale":"en_US","og_type":"article","og_title":"All craft glue - Happy Color","og_description":"All craft glue   Glue based on vinyl acetate and ethylene copolimer  Perfect for scrapbooking and creating jewellery  Resistant for high and low temperatures  High penetration provides durable and elastic joint, resistant for crumbling  After drying completely transparent  For cold gluing  &nbsp;  APPLICATION paper with UV varnishdispersion varnishesPVCaluminium foilstonespapercarboardbristolwoodfeltcorkstyrofoamheavy carboardpotterylamination","og_url":"https:\/\/happycolor.pl\/en\/product\/all-craft-glue\/","og_site_name":"Happy Color","article_modified_time":"2024-04-09T13:08:51+00:00","og_image":[{"width":1200,"height":1200,"url":"https:\/\/happycolor.pl\/app\/uploads\/2021\/12\/0000_HA-7480-0100.jpg","type":"image\/jpeg"}],"twitter_card":"summary_large_image","twitter_misc":{"Est. reading time":"1 minute"},"schema":{"@context":"https:\/\/schema.org","@graph":[{"@type":"WebPage","@id":"https:\/\/happycolor.pl\/en\/product\/all-craft-glue\/","url":"https:\/\/happycolor.pl\/en\/product\/all-craft-glue\/","name":"All craft glue - Happy Color","isPartOf":{"@id":"https:\/\/happycolor.pl\/#website"},"primaryImageOfPage":{"@id":"https:\/\/happycolor.pl\/en\/product\/all-craft-glue\/#primaryimage"},"image":{"@id":"https:\/\/happycolor.pl\/en\/product\/all-craft-glue\/#primaryimage"},"thumbnailUrl":"https:\/\/happycolor.pl\/app\/uploads\/2021\/12\/5905130034725.jpg","datePublished":"2021-12-01T10:56:59+00:00","dateModified":"2024-04-09T13:08:51+00:00","breadcrumb":{"@id":"https:\/\/happycolor.pl\/en\/product\/all-craft-glue\/#breadcrumb"},"inLanguage":"en-US","potentialAction":[{"@type":"ReadAction","target":["https:\/\/happycolor.pl\/en\/product\/all-craft-glue\/"]}]},{"@type":"ImageObject","inLanguage":"en-US","@id":"https:\/\/happycolor.pl\/en\/product\/all-craft-glue\/#primaryimage","url":"https:\/\/happycolor.pl\/app\/uploads\/2021\/12\/5905130034725.jpg","contentUrl":"https:\/\/happycolor.pl\/app\/uploads\/2021\/12\/5905130034725.jpg","width":1200,"height":1200,"caption":"All Craft Klej na bazie octanu winylu oraz kopolimeru etylenu Idealny do scrapbookingu i tworzenia bi\u017cuterii Odporny na dzia\u0142anie niskich i wysokich temperatur Wysoka penetracja kleju zapewnia wytrzyma\u0142\u0105, elastyczn\u0105 spoin\u0119 odporn\u0105 na kruszenie Po wyschni\u0119ciu ca\u0142kowicie przezroczysty Do klejenia na zimno ZASTOSOWANIE"},{"@type":"BreadcrumbList","@id":"https:\/\/happycolor.pl\/en\/product\/all-craft-glue\/#breadcrumb","itemListElement":[{"@type":"ListItem","position":1,"name":"Sklep","item":"https:\/\/happycolor.pl\/sklep\/"},{"@type":"ListItem","position":2,"name":"All craft glue"}]},{"@type":"WebSite","@id":"https:\/\/happycolor.pl\/#website","url":"https:\/\/happycolor.pl\/","name":"Happy Color","description":"Poznaj nasz kolorowy \u015bwiat","potentialAction":[{"@type":"SearchAction","target":{"@type":"EntryPoint","urlTemplate":"https:\/\/happycolor.pl\/?s={search_term_string}"},"query-input":{"@type":"PropertyValueSpecification","valueRequired":true,"valueName":"search_term_string"}}],"inLanguage":"en-US"}]}},"_links":{"self":[{"href":"https:\/\/happycolor.pl\/en\/wp-json\/wp\/v2\/product\/27183","targetHints":{"allow":["GET"]}}],"collection":[{"href":"https:\/\/happycolor.pl\/en\/wp-json\/wp\/v2\/product"}],"about":[{"href":"https:\/\/happycolor.pl\/en\/wp-json\/wp\/v2\/types\/product"}],"wp:featuredmedia":[{"embeddable":true,"href":"https:\/\/happycolor.pl\/en\/wp-json\/wp\/v2\/media\/29493"}],"wp:attachment":[{"href":"https:\/\/happycolor.pl\/en\/wp-json\/wp\/v2\/media?parent=27183"}],"wp:term":[{"taxonomy":"product_brand","embeddable":true,"href":"https:\/\/happycolor.pl\/en\/wp-json\/wp\/v2\/product_brand?post=27183"},{"taxonomy":"product_cat","embeddable":true,"href":"https:\/\/happycolor.pl\/en\/wp-json\/wp\/v2\/product_cat?post=27183"},{"taxonomy":"product_tag","embeddable":true,"href":"https:\/\/happycolor.pl\/en\/wp-json\/wp\/v2\/product_tag?post=27183"}],"curies":[{"name":"wp","href":"https:\/\/api.w.org\/{rel}","templated":true}]}}