{"id":27181,"date":"2021-12-01T12:01:34","date_gmt":"2021-12-01T11:01:34","guid":{"rendered":"https:\/\/www.happycolor.pl\/produkt\/scrapbooking-glue\/"},"modified":"2024-04-09T15:00:45","modified_gmt":"2024-04-09T13:00:45","slug":"scrapbooking-glue","status":"publish","type":"product","link":"https:\/\/happycolor.pl\/en\/product\/scrapbooking-glue\/","title":{"rendered":"Scrapbooking glue"},"content":{"rendered":"<table style=\"border-collapse: collapse; width: 100%;\">\n<tbody>\n<tr>\n<td style=\"width: 33.3333%; text-align: center;\"><strong>TYPE\u00a0<\/strong><\/td>\n<td style=\"width: 33.3333%; text-align: center;\"><strong>WEIGHT<\/strong><\/td>\n<td style=\"width: 33.3333%; text-align: center;\"><strong>PACKAGING<\/strong><\/td>\n<\/tr>\n<tr>\n<td style=\"width: 33.3333%; text-align: center;\">scrapbooking<\/td>\n<td style=\"width: 33.3333%; text-align: center;\">100g<\/td>\n<td style=\"width: 33.3333%; text-align: center;\">bottle with an applicator<\/td>\n<\/tr>\n<tr>\n<td style=\"width: 33.3333%; text-align: center;\">scrapbooking<\/td>\n<td style=\"width: 33.3333%; text-align: center;\">250g<\/td>\n<td style=\"width: 33.3333%; text-align: center;\">bottle with an applicator<\/td>\n<\/tr>\n<\/tbody>\n<\/table>\n","protected":false},"excerpt":{"rendered":"<p>Scrapbooking glue<\/p>\n<ul>\n<li>All-purpose glue based on vinyl acetate<\/li>\n<li>For all hobbystic, model making and scrapbooking techniques, as well as creating jewellery<\/li>\n<li>High penetration provides durable and elastic joint, resistant for crumbling<\/li>\n<li>After drying completely transparent<\/li>\n<li>For cold gluing<\/li>\n<\/ul>\n<p>&nbsp;<\/p>\n<p>APPLICATION<br \/>\n<img decoding=\"async\" class=\"emoji\" role=\"img\" draggable=\"false\" src=\"https:\/\/s.w.org\/images\/core\/emoji\/14.0.0\/svg\/25aa.svg\" alt=\"\u25aa\" \/>paper<img decoding=\"async\" class=\"emoji\" role=\"img\" draggable=\"false\" src=\"https:\/\/s.w.org\/images\/core\/emoji\/14.0.0\/svg\/25aa.svg\" alt=\"\u25aa\" \/>brystol<img decoding=\"async\" class=\"emoji\" role=\"img\" draggable=\"false\" src=\"https:\/\/s.w.org\/images\/core\/emoji\/14.0.0\/svg\/25aa.svg\" alt=\"\u25aa\" \/>carboard<img decoding=\"async\" class=\"emoji\" role=\"img\" draggable=\"false\" src=\"https:\/\/s.w.org\/images\/core\/emoji\/14.0.0\/svg\/25aa.svg\" alt=\"\u25aa\" \/>wood<img decoding=\"async\" class=\"emoji\" role=\"img\" draggable=\"false\" src=\"https:\/\/s.w.org\/images\/core\/emoji\/14.0.0\/svg\/25aa.svg\" alt=\"\u25aa\" \/>cork<\/p>\n","protected":false},"featured_media":29499,"template":"","meta":[],"product_brand":[],"product_cat":[273],"product_tag":[],"class_list":{"0":"post-27181","1":"product","2":"type-product","3":"status-publish","4":"has-post-thumbnail","6":"product_cat-glues","8":"first","9":"instock","10":"shipping-taxable","11":"product-type-simple"},"yoast_head":"<!-- This site is optimized with the Yoast SEO plugin v27.3 - https:\/\/yoast.com\/product\/yoast-seo-wordpress\/ -->\n<title>Scrapbooking glue - Happy Color<\/title>\n<meta name=\"robots\" content=\"index, follow, max-snippet:-1, max-image-preview:large, max-video-preview:-1\" \/>\n<link rel=\"canonical\" href=\"https:\/\/happycolor.pl\/en\/product\/scrapbooking-glue\/\" \/>\n<meta property=\"og:locale\" content=\"en_US\" \/>\n<meta property=\"og:type\" content=\"article\" \/>\n<meta property=\"og:title\" content=\"Scrapbooking glue - Happy Color\" \/>\n<meta property=\"og:description\" content=\"Scrapbooking glue   All-purpose glue based on vinyl acetate  For all hobbystic, model making and scrapbooking techniques, as well as creating jewellery  High penetration provides durable and elastic joint, resistant for crumbling  After drying completely transparent  For cold gluing  &nbsp;  APPLICATION paperbrystolcarboardwoodcork\" \/>\n<meta property=\"og:url\" content=\"https:\/\/happycolor.pl\/en\/product\/scrapbooking-glue\/\" \/>\n<meta property=\"og:site_name\" content=\"Happy Color\" \/>\n<meta property=\"article:modified_time\" content=\"2024-04-09T13:00:45+00:00\" \/>\n<meta property=\"og:image\" content=\"https:\/\/happycolor.pl\/app\/uploads\/2021\/12\/0001_HA-7460-0100.jpg\" \/>\n\t<meta property=\"og:image:width\" content=\"1200\" \/>\n\t<meta property=\"og:image:height\" content=\"1200\" \/>\n\t<meta property=\"og:image:type\" content=\"image\/jpeg\" \/>\n<meta name=\"twitter:card\" content=\"summary_large_image\" \/>\n<meta name=\"twitter:label1\" content=\"Est. reading time\" \/>\n\t<meta name=\"twitter:data1\" content=\"1 minute\" \/>\n<script type=\"application\/ld+json\" class=\"yoast-schema-graph\">{\"@context\":\"https:\\\/\\\/schema.org\",\"@graph\":[{\"@type\":\"WebPage\",\"@id\":\"https:\\\/\\\/happycolor.pl\\\/en\\\/product\\\/scrapbooking-glue\\\/\",\"url\":\"https:\\\/\\\/happycolor.pl\\\/en\\\/product\\\/scrapbooking-glue\\\/\",\"name\":\"Scrapbooking glue - Happy Color\",\"isPartOf\":{\"@id\":\"https:\\\/\\\/happycolor.pl\\\/#website\"},\"primaryImageOfPage\":{\"@id\":\"https:\\\/\\\/happycolor.pl\\\/en\\\/product\\\/scrapbooking-glue\\\/#primaryimage\"},\"image\":{\"@id\":\"https:\\\/\\\/happycolor.pl\\\/en\\\/product\\\/scrapbooking-glue\\\/#primaryimage\"},\"thumbnailUrl\":\"https:\\\/\\\/happycolor.pl\\\/app\\\/uploads\\\/2021\\\/12\\\/HA-7460-0100-1.jpg\",\"datePublished\":\"2021-12-01T11:01:34+00:00\",\"dateModified\":\"2024-04-09T13:00:45+00:00\",\"breadcrumb\":{\"@id\":\"https:\\\/\\\/happycolor.pl\\\/en\\\/product\\\/scrapbooking-glue\\\/#breadcrumb\"},\"inLanguage\":\"en-US\",\"potentialAction\":[{\"@type\":\"ReadAction\",\"target\":[\"https:\\\/\\\/happycolor.pl\\\/en\\\/product\\\/scrapbooking-glue\\\/\"]}]},{\"@type\":\"ImageObject\",\"inLanguage\":\"en-US\",\"@id\":\"https:\\\/\\\/happycolor.pl\\\/en\\\/product\\\/scrapbooking-glue\\\/#primaryimage\",\"url\":\"https:\\\/\\\/happycolor.pl\\\/app\\\/uploads\\\/2021\\\/12\\\/HA-7460-0100-1.jpg\",\"contentUrl\":\"https:\\\/\\\/happycolor.pl\\\/app\\\/uploads\\\/2021\\\/12\\\/HA-7460-0100-1.jpg\",\"width\":1200,\"height\":1200,\"caption\":\"Klej do scrapbookingu Uniwersalny klej na bazie octanu winylu Do wszystkich technik hobbystycznych, modelarskich, scrapbooking oraz tworzenie bi\u017cuterii Wysoka penetracja kleju zapewnia wytrzyma\u0142\u0105 elastyczn\u0105 spoin\u0119 odporn\u0105 na kruszenie Po wyschni\u0119ciu ca\u0142kowicie przezroczysty Do klejenia na zimno ZASTOSOWANIE papierbrystolkarton drewnokorek\"},{\"@type\":\"BreadcrumbList\",\"@id\":\"https:\\\/\\\/happycolor.pl\\\/en\\\/product\\\/scrapbooking-glue\\\/#breadcrumb\",\"itemListElement\":[{\"@type\":\"ListItem\",\"position\":1,\"name\":\"Sklep\",\"item\":\"https:\\\/\\\/happycolor.pl\\\/sklep\\\/\"},{\"@type\":\"ListItem\",\"position\":2,\"name\":\"Scrapbooking glue\"}]},{\"@type\":\"WebSite\",\"@id\":\"https:\\\/\\\/happycolor.pl\\\/#website\",\"url\":\"https:\\\/\\\/happycolor.pl\\\/\",\"name\":\"Happy Color\",\"description\":\"Poznaj nasz kolorowy \u015bwiat\",\"potentialAction\":[{\"@type\":\"SearchAction\",\"target\":{\"@type\":\"EntryPoint\",\"urlTemplate\":\"https:\\\/\\\/happycolor.pl\\\/?s={search_term_string}\"},\"query-input\":{\"@type\":\"PropertyValueSpecification\",\"valueRequired\":true,\"valueName\":\"search_term_string\"}}],\"inLanguage\":\"en-US\"}]}<\/script>\n<!-- \/ Yoast SEO plugin. -->","yoast_head_json":{"title":"Scrapbooking glue - Happy Color","robots":{"index":"index","follow":"follow","max-snippet":"max-snippet:-1","max-image-preview":"max-image-preview:large","max-video-preview":"max-video-preview:-1"},"canonical":"https:\/\/happycolor.pl\/en\/product\/scrapbooking-glue\/","og_locale":"en_US","og_type":"article","og_title":"Scrapbooking glue - Happy Color","og_description":"Scrapbooking glue   All-purpose glue based on vinyl acetate  For all hobbystic, model making and scrapbooking techniques, as well as creating jewellery  High penetration provides durable and elastic joint, resistant for crumbling  After drying completely transparent  For cold gluing  &nbsp;  APPLICATION paperbrystolcarboardwoodcork","og_url":"https:\/\/happycolor.pl\/en\/product\/scrapbooking-glue\/","og_site_name":"Happy Color","article_modified_time":"2024-04-09T13:00:45+00:00","og_image":[{"width":1200,"height":1200,"url":"https:\/\/happycolor.pl\/app\/uploads\/2021\/12\/0001_HA-7460-0100.jpg","type":"image\/jpeg"}],"twitter_card":"summary_large_image","twitter_misc":{"Est. reading time":"1 minute"},"schema":{"@context":"https:\/\/schema.org","@graph":[{"@type":"WebPage","@id":"https:\/\/happycolor.pl\/en\/product\/scrapbooking-glue\/","url":"https:\/\/happycolor.pl\/en\/product\/scrapbooking-glue\/","name":"Scrapbooking glue - Happy Color","isPartOf":{"@id":"https:\/\/happycolor.pl\/#website"},"primaryImageOfPage":{"@id":"https:\/\/happycolor.pl\/en\/product\/scrapbooking-glue\/#primaryimage"},"image":{"@id":"https:\/\/happycolor.pl\/en\/product\/scrapbooking-glue\/#primaryimage"},"thumbnailUrl":"https:\/\/happycolor.pl\/app\/uploads\/2021\/12\/HA-7460-0100-1.jpg","datePublished":"2021-12-01T11:01:34+00:00","dateModified":"2024-04-09T13:00:45+00:00","breadcrumb":{"@id":"https:\/\/happycolor.pl\/en\/product\/scrapbooking-glue\/#breadcrumb"},"inLanguage":"en-US","potentialAction":[{"@type":"ReadAction","target":["https:\/\/happycolor.pl\/en\/product\/scrapbooking-glue\/"]}]},{"@type":"ImageObject","inLanguage":"en-US","@id":"https:\/\/happycolor.pl\/en\/product\/scrapbooking-glue\/#primaryimage","url":"https:\/\/happycolor.pl\/app\/uploads\/2021\/12\/HA-7460-0100-1.jpg","contentUrl":"https:\/\/happycolor.pl\/app\/uploads\/2021\/12\/HA-7460-0100-1.jpg","width":1200,"height":1200,"caption":"Klej do scrapbookingu Uniwersalny klej na bazie octanu winylu Do wszystkich technik hobbystycznych, modelarskich, scrapbooking oraz tworzenie bi\u017cuterii Wysoka penetracja kleju zapewnia wytrzyma\u0142\u0105 elastyczn\u0105 spoin\u0119 odporn\u0105 na kruszenie Po wyschni\u0119ciu ca\u0142kowicie przezroczysty Do klejenia na zimno ZASTOSOWANIE papierbrystolkarton drewnokorek"},{"@type":"BreadcrumbList","@id":"https:\/\/happycolor.pl\/en\/product\/scrapbooking-glue\/#breadcrumb","itemListElement":[{"@type":"ListItem","position":1,"name":"Sklep","item":"https:\/\/happycolor.pl\/sklep\/"},{"@type":"ListItem","position":2,"name":"Scrapbooking glue"}]},{"@type":"WebSite","@id":"https:\/\/happycolor.pl\/#website","url":"https:\/\/happycolor.pl\/","name":"Happy Color","description":"Poznaj nasz kolorowy \u015bwiat","potentialAction":[{"@type":"SearchAction","target":{"@type":"EntryPoint","urlTemplate":"https:\/\/happycolor.pl\/?s={search_term_string}"},"query-input":{"@type":"PropertyValueSpecification","valueRequired":true,"valueName":"search_term_string"}}],"inLanguage":"en-US"}]}},"_links":{"self":[{"href":"https:\/\/happycolor.pl\/en\/wp-json\/wp\/v2\/product\/27181","targetHints":{"allow":["GET"]}}],"collection":[{"href":"https:\/\/happycolor.pl\/en\/wp-json\/wp\/v2\/product"}],"about":[{"href":"https:\/\/happycolor.pl\/en\/wp-json\/wp\/v2\/types\/product"}],"wp:featuredmedia":[{"embeddable":true,"href":"https:\/\/happycolor.pl\/en\/wp-json\/wp\/v2\/media\/29499"}],"wp:attachment":[{"href":"https:\/\/happycolor.pl\/en\/wp-json\/wp\/v2\/media?parent=27181"}],"wp:term":[{"taxonomy":"product_brand","embeddable":true,"href":"https:\/\/happycolor.pl\/en\/wp-json\/wp\/v2\/product_brand?post=27181"},{"taxonomy":"product_cat","embeddable":true,"href":"https:\/\/happycolor.pl\/en\/wp-json\/wp\/v2\/product_cat?post=27181"},{"taxonomy":"product_tag","embeddable":true,"href":"https:\/\/happycolor.pl\/en\/wp-json\/wp\/v2\/product_tag?post=27181"}],"curies":[{"name":"wp","href":"https:\/\/api.w.org\/{rel}","templated":true}]}}