{"id":27057,"date":"2021-12-01T11:00:37","date_gmt":"2021-12-01T10:00:37","guid":{"rendered":"https:\/\/www.happycolor.pl\/produkt\/malarski-mlody-artysta\/"},"modified":"2024-03-13T17:20:48","modified_gmt":"2024-03-13T16:20:48","slug":"malarski-mlody-artysta","status":"publish","type":"product","link":"https:\/\/happycolor.pl\/en\/product\/malarski-mlody-artysta\/","title":{"rendered":"Drawing paper pad Young Artist"},"content":{"rendered":"<table style=\"border-collapse: collapse; width: 100%;\">\n<tbody>\n<tr class=\"cmsmasters_table_row_header\">\n<th class=\"cmsmasters_table_cell_aligncenter\" style=\"width: 33.3002%; text-align: center;\">FORMAT<\/th>\n<th class=\"cmsmasters_table_cell_aligncenter\" style=\"width: 33.3002%; text-align: center;\">SHEET<\/th>\n<th class=\"cmsmasters_table_cell_aligncenter\" style=\"width: 33.3002%; text-align: center;\">WEIGHT<\/th>\n<\/tr>\n<tr>\n<td class=\"cmsmasters_table_cell_aligncenter\" style=\"width: 33.3002%; text-align: center;\">A4 \u2013 21 x 29,7 cm<\/td>\n<td class=\"cmsmasters_table_cell_aligncenter\" style=\"width: 33.3002%; text-align: center;\">10<\/td>\n<td class=\"cmsmasters_table_cell_aligncenter\" style=\"width: 33.3002%; text-align: center;\">200gsm<\/td>\n<\/tr>\n<tr>\n<td class=\"cmsmasters_table_cell_aligncenter\" style=\"width: 33.3002%; text-align: center;\">A3 \u2013 29,7 x 42 cm<\/td>\n<td class=\"cmsmasters_table_cell_aligncenter\" style=\"width: 33.3002%; text-align: center;\">10<\/td>\n<td class=\"cmsmasters_table_cell_aligncenter\" style=\"width: 33.3002%; text-align: center;\">200gsm<\/td>\n<\/tr>\n<\/tbody>\n<\/table>\n","protected":false},"excerpt":{"rendered":"<p>Wysokiej jako\u015bci uniwersalny blok przeznaczony do wielu technik<\/p>\n<p>PAPIER<\/p>\n<ul>\n<li>\u015anie\u017cnobia\u0142y, lekko g\u0142adzony<\/li>\n<li>Wysoce nieprzepuszczalny, o du\u017cej ch\u0142onno\u015bci &#8211; nie faluje si\u0119 nadmiernie pod wp\u0142ywem farb wodnych<\/li>\n<li>Dzi\u0119ki odpowiednio zwartej strukturze powierzchni jest odporny na korekty, rozmazywanie oraz wycieranie gumk\u0105<\/li>\n<li>Bezkwasowy, bezdrzewny, 100% celulozy<\/li>\n<li>Trwa\u0142y, d\u0142ugowieczny i odporny na starzenie (ISO 9706)<\/li>\n<li>Czysta biel bez wybielaczy optycznych (ECF)<\/li>\n<\/ul>\n<p>ZASTOSOWANIE<br \/>\n<img decoding=\"async\" class=\"emoji\" role=\"img\" draggable=\"false\" src=\"https:\/\/s.w.org\/images\/core\/emoji\/14.0.0\/svg\/25aa.svg\" alt=\"\u25aa\" \/>pisaki<img decoding=\"async\" class=\"emoji\" role=\"img\" draggable=\"false\" src=\"https:\/\/s.w.org\/images\/core\/emoji\/14.0.0\/svg\/25aa.svg\" alt=\"\u25aa\" \/>tusz<img decoding=\"async\" class=\"emoji\" role=\"img\" draggable=\"false\" src=\"https:\/\/s.w.org\/images\/core\/emoji\/14.0.0\/svg\/25aa.svg\" alt=\"\u25aa\" \/>akwarela <img decoding=\"async\" class=\"emoji\" role=\"img\" draggable=\"false\" src=\"https:\/\/s.w.org\/images\/core\/emoji\/14.0.0\/svg\/25aa.svg\" alt=\"\u25aa\" \/>tempera<img decoding=\"async\" class=\"emoji\" role=\"img\" draggable=\"false\" src=\"https:\/\/s.w.org\/images\/core\/emoji\/14.0.0\/svg\/25aa.svg\" alt=\"\u25aa\" \/>gwasz<img decoding=\"async\" class=\"emoji\" role=\"img\" draggable=\"false\" src=\"https:\/\/s.w.org\/images\/core\/emoji\/14.0.0\/svg\/25aa.svg\" alt=\"\u25aa\" \/>plakat\u00f3wka<img decoding=\"async\" class=\"emoji\" role=\"img\" draggable=\"false\" src=\"https:\/\/s.w.org\/images\/core\/emoji\/14.0.0\/svg\/25aa.svg\" alt=\"\u25aa\" \/>akryle<img decoding=\"async\" class=\"emoji\" role=\"img\" draggable=\"false\" src=\"https:\/\/s.w.org\/images\/core\/emoji\/14.0.0\/svg\/25aa.svg\" alt=\"\u25aa\" \/>pastele<img decoding=\"async\" class=\"emoji\" role=\"img\" draggable=\"false\" src=\"https:\/\/s.w.org\/images\/core\/emoji\/14.0.0\/svg\/25aa.svg\" alt=\"\u25aa\" \/>kredki<img decoding=\"async\" class=\"emoji\" role=\"img\" draggable=\"false\" src=\"https:\/\/s.w.org\/images\/core\/emoji\/14.0.0\/svg\/25aa.svg\" alt=\"\u25aa\" \/>o\u0142\u00f3wek<img decoding=\"async\" class=\"emoji\" role=\"img\" draggable=\"false\" src=\"https:\/\/s.w.org\/images\/core\/emoji\/14.0.0\/svg\/25aa.svg\" alt=\"\u25aa\" \/>w\u0119giel<img decoding=\"async\" class=\"emoji\" role=\"img\" draggable=\"false\" src=\"https:\/\/s.w.org\/images\/core\/emoji\/14.0.0\/svg\/25aa.svg\" alt=\"\u25aa\" \/>sangwina<\/p>\n","protected":false},"featured_media":29651,"template":"","meta":[],"product_brand":[],"product_cat":[221],"product_tag":[],"class_list":{"0":"post-27057","1":"product","2":"type-product","3":"status-publish","4":"has-post-thumbnail","6":"product_cat-artistic-paper-pads","8":"first","9":"instock","10":"shipping-taxable","11":"product-type-simple"},"yoast_head":"<!-- This site is optimized with the Yoast SEO plugin v27.3 - https:\/\/yoast.com\/product\/yoast-seo-wordpress\/ -->\n<title>Drawing paper pad Young Artist - Happy Color<\/title>\n<meta name=\"robots\" content=\"index, follow, max-snippet:-1, max-image-preview:large, max-video-preview:-1\" \/>\n<link rel=\"canonical\" href=\"https:\/\/happycolor.pl\/en\/product\/malarski-mlody-artysta\/\" \/>\n<meta property=\"og:locale\" content=\"en_US\" \/>\n<meta property=\"og:type\" content=\"article\" \/>\n<meta property=\"og:title\" content=\"Drawing paper pad Young Artist - Happy Color\" \/>\n<meta property=\"og:description\" content=\"Wysokiej jako\u015bci uniwersalny blok przeznaczony do wielu technik  PAPIER   \u015anie\u017cnobia\u0142y, lekko g\u0142adzony  Wysoce nieprzepuszczalny, o du\u017cej ch\u0142onno\u015bci - nie faluje si\u0119 nadmiernie pod wp\u0142ywem farb wodnych  Dzi\u0119ki odpowiednio zwartej strukturze powierzchni jest odporny na korekty, rozmazywanie oraz wycieranie gumk\u0105  Bezkwasowy, bezdrzewny, 100% celulozy  Trwa\u0142y, d\u0142ugowieczny i odporny na starzenie (ISO 9706)  Czysta biel bez wybielaczy optycznych (ECF)  ZASTOSOWANIE pisakituszakwarela temperagwaszplakat\u00f3wkaakrylepastelekredkio\u0142\u00f3wekw\u0119gielsangwina\" \/>\n<meta property=\"og:url\" content=\"https:\/\/happycolor.pl\/en\/product\/malarski-mlody-artysta\/\" \/>\n<meta property=\"og:site_name\" content=\"Happy Color\" \/>\n<meta property=\"article:modified_time\" content=\"2024-03-13T16:20:48+00:00\" \/>\n<meta property=\"og:image\" content=\"https:\/\/happycolor.pl\/app\/uploads\/2021\/12\/HA-3720-2030-MA10.jpg\" \/>\n\t<meta property=\"og:image:width\" content=\"1200\" \/>\n\t<meta property=\"og:image:height\" content=\"1200\" \/>\n\t<meta property=\"og:image:type\" content=\"image\/jpeg\" \/>\n<meta name=\"twitter:card\" content=\"summary_large_image\" \/>\n<meta name=\"twitter:label1\" content=\"Est. reading time\" \/>\n\t<meta name=\"twitter:data1\" content=\"1 minute\" \/>\n<script type=\"application\/ld+json\" class=\"yoast-schema-graph\">{\"@context\":\"https:\\\/\\\/schema.org\",\"@graph\":[{\"@type\":\"WebPage\",\"@id\":\"https:\\\/\\\/happycolor.pl\\\/en\\\/product\\\/malarski-mlody-artysta\\\/\",\"url\":\"https:\\\/\\\/happycolor.pl\\\/en\\\/product\\\/malarski-mlody-artysta\\\/\",\"name\":\"Drawing paper pad Young Artist - Happy Color\",\"isPartOf\":{\"@id\":\"https:\\\/\\\/happycolor.pl\\\/#website\"},\"primaryImageOfPage\":{\"@id\":\"https:\\\/\\\/happycolor.pl\\\/en\\\/product\\\/malarski-mlody-artysta\\\/#primaryimage\"},\"image\":{\"@id\":\"https:\\\/\\\/happycolor.pl\\\/en\\\/product\\\/malarski-mlody-artysta\\\/#primaryimage\"},\"thumbnailUrl\":\"https:\\\/\\\/happycolor.pl\\\/app\\\/uploads\\\/2021\\\/12\\\/HA-3720-2030-MA10.jpg\",\"datePublished\":\"2021-12-01T10:00:37+00:00\",\"dateModified\":\"2024-03-13T16:20:48+00:00\",\"breadcrumb\":{\"@id\":\"https:\\\/\\\/happycolor.pl\\\/en\\\/product\\\/malarski-mlody-artysta\\\/#breadcrumb\"},\"inLanguage\":\"en-US\",\"potentialAction\":[{\"@type\":\"ReadAction\",\"target\":[\"https:\\\/\\\/happycolor.pl\\\/en\\\/product\\\/malarski-mlody-artysta\\\/\"]}]},{\"@type\":\"ImageObject\",\"inLanguage\":\"en-US\",\"@id\":\"https:\\\/\\\/happycolor.pl\\\/en\\\/product\\\/malarski-mlody-artysta\\\/#primaryimage\",\"url\":\"https:\\\/\\\/happycolor.pl\\\/app\\\/uploads\\\/2021\\\/12\\\/HA-3720-2030-MA10.jpg\",\"contentUrl\":\"https:\\\/\\\/happycolor.pl\\\/app\\\/uploads\\\/2021\\\/12\\\/HA-3720-2030-MA10.jpg\",\"width\":1200,\"height\":1200,\"caption\":\"Wysokiej jako\u015bci uniwersalny blok przeznaczony do wielu technik PAPIER \u015anie\u017cnobia\u0142y, lekko g\u0142adzony Wysoce nieprzepuszczalny, o du\u017cej ch\u0142onno\u015bci - nie faluje si\u0119 nadmiernie pod wp\u0142ywem farb wodnych Dzi\u0119ki odpowiednio zwartej strukturze powierzchni jest odporny na korekty, rozmazywanie oraz wycieranie gumk\u0105 Bezkwasowy, bezdrzewny, 100% celulozy Trwa\u0142y, d\u0142ugowieczny i odporny na starzenie (ISO 9706) Czysta biel bez wybielaczy optycznych (ECF) ZASTOSOWANIE pisakituszakwarela temperagwaszplakat\u00f3wkaakrylepastelekredkio\u0142\u00f3wekw\u0119gielsangwina\"},{\"@type\":\"BreadcrumbList\",\"@id\":\"https:\\\/\\\/happycolor.pl\\\/en\\\/product\\\/malarski-mlody-artysta\\\/#breadcrumb\",\"itemListElement\":[{\"@type\":\"ListItem\",\"position\":1,\"name\":\"Sklep\",\"item\":\"https:\\\/\\\/happycolor.pl\\\/sklep\\\/\"},{\"@type\":\"ListItem\",\"position\":2,\"name\":\"Drawing paper pad Young Artist\"}]},{\"@type\":\"WebSite\",\"@id\":\"https:\\\/\\\/happycolor.pl\\\/#website\",\"url\":\"https:\\\/\\\/happycolor.pl\\\/\",\"name\":\"Happy Color\",\"description\":\"Poznaj nasz kolorowy \u015bwiat\",\"potentialAction\":[{\"@type\":\"SearchAction\",\"target\":{\"@type\":\"EntryPoint\",\"urlTemplate\":\"https:\\\/\\\/happycolor.pl\\\/?s={search_term_string}\"},\"query-input\":{\"@type\":\"PropertyValueSpecification\",\"valueRequired\":true,\"valueName\":\"search_term_string\"}}],\"inLanguage\":\"en-US\"}]}<\/script>\n<!-- \/ Yoast SEO plugin. -->","yoast_head_json":{"title":"Drawing paper pad Young Artist - Happy Color","robots":{"index":"index","follow":"follow","max-snippet":"max-snippet:-1","max-image-preview":"max-image-preview:large","max-video-preview":"max-video-preview:-1"},"canonical":"https:\/\/happycolor.pl\/en\/product\/malarski-mlody-artysta\/","og_locale":"en_US","og_type":"article","og_title":"Drawing paper pad Young Artist - Happy Color","og_description":"Wysokiej jako\u015bci uniwersalny blok przeznaczony do wielu technik  PAPIER   \u015anie\u017cnobia\u0142y, lekko g\u0142adzony  Wysoce nieprzepuszczalny, o du\u017cej ch\u0142onno\u015bci - nie faluje si\u0119 nadmiernie pod wp\u0142ywem farb wodnych  Dzi\u0119ki odpowiednio zwartej strukturze powierzchni jest odporny na korekty, rozmazywanie oraz wycieranie gumk\u0105  Bezkwasowy, bezdrzewny, 100% celulozy  Trwa\u0142y, d\u0142ugowieczny i odporny na starzenie (ISO 9706)  Czysta biel bez wybielaczy optycznych (ECF)  ZASTOSOWANIE pisakituszakwarela temperagwaszplakat\u00f3wkaakrylepastelekredkio\u0142\u00f3wekw\u0119gielsangwina","og_url":"https:\/\/happycolor.pl\/en\/product\/malarski-mlody-artysta\/","og_site_name":"Happy Color","article_modified_time":"2024-03-13T16:20:48+00:00","og_image":[{"width":1200,"height":1200,"url":"https:\/\/happycolor.pl\/app\/uploads\/2021\/12\/HA-3720-2030-MA10.jpg","type":"image\/jpeg"}],"twitter_card":"summary_large_image","twitter_misc":{"Est. reading time":"1 minute"},"schema":{"@context":"https:\/\/schema.org","@graph":[{"@type":"WebPage","@id":"https:\/\/happycolor.pl\/en\/product\/malarski-mlody-artysta\/","url":"https:\/\/happycolor.pl\/en\/product\/malarski-mlody-artysta\/","name":"Drawing paper pad Young Artist - Happy Color","isPartOf":{"@id":"https:\/\/happycolor.pl\/#website"},"primaryImageOfPage":{"@id":"https:\/\/happycolor.pl\/en\/product\/malarski-mlody-artysta\/#primaryimage"},"image":{"@id":"https:\/\/happycolor.pl\/en\/product\/malarski-mlody-artysta\/#primaryimage"},"thumbnailUrl":"https:\/\/happycolor.pl\/app\/uploads\/2021\/12\/HA-3720-2030-MA10.jpg","datePublished":"2021-12-01T10:00:37+00:00","dateModified":"2024-03-13T16:20:48+00:00","breadcrumb":{"@id":"https:\/\/happycolor.pl\/en\/product\/malarski-mlody-artysta\/#breadcrumb"},"inLanguage":"en-US","potentialAction":[{"@type":"ReadAction","target":["https:\/\/happycolor.pl\/en\/product\/malarski-mlody-artysta\/"]}]},{"@type":"ImageObject","inLanguage":"en-US","@id":"https:\/\/happycolor.pl\/en\/product\/malarski-mlody-artysta\/#primaryimage","url":"https:\/\/happycolor.pl\/app\/uploads\/2021\/12\/HA-3720-2030-MA10.jpg","contentUrl":"https:\/\/happycolor.pl\/app\/uploads\/2021\/12\/HA-3720-2030-MA10.jpg","width":1200,"height":1200,"caption":"Wysokiej jako\u015bci uniwersalny blok przeznaczony do wielu technik PAPIER \u015anie\u017cnobia\u0142y, lekko g\u0142adzony Wysoce nieprzepuszczalny, o du\u017cej ch\u0142onno\u015bci - nie faluje si\u0119 nadmiernie pod wp\u0142ywem farb wodnych Dzi\u0119ki odpowiednio zwartej strukturze powierzchni jest odporny na korekty, rozmazywanie oraz wycieranie gumk\u0105 Bezkwasowy, bezdrzewny, 100% celulozy Trwa\u0142y, d\u0142ugowieczny i odporny na starzenie (ISO 9706) Czysta biel bez wybielaczy optycznych (ECF) ZASTOSOWANIE pisakituszakwarela temperagwaszplakat\u00f3wkaakrylepastelekredkio\u0142\u00f3wekw\u0119gielsangwina"},{"@type":"BreadcrumbList","@id":"https:\/\/happycolor.pl\/en\/product\/malarski-mlody-artysta\/#breadcrumb","itemListElement":[{"@type":"ListItem","position":1,"name":"Sklep","item":"https:\/\/happycolor.pl\/sklep\/"},{"@type":"ListItem","position":2,"name":"Drawing paper pad Young Artist"}]},{"@type":"WebSite","@id":"https:\/\/happycolor.pl\/#website","url":"https:\/\/happycolor.pl\/","name":"Happy Color","description":"Poznaj nasz kolorowy \u015bwiat","potentialAction":[{"@type":"SearchAction","target":{"@type":"EntryPoint","urlTemplate":"https:\/\/happycolor.pl\/?s={search_term_string}"},"query-input":{"@type":"PropertyValueSpecification","valueRequired":true,"valueName":"search_term_string"}}],"inLanguage":"en-US"}]}},"_links":{"self":[{"href":"https:\/\/happycolor.pl\/en\/wp-json\/wp\/v2\/product\/27057","targetHints":{"allow":["GET"]}}],"collection":[{"href":"https:\/\/happycolor.pl\/en\/wp-json\/wp\/v2\/product"}],"about":[{"href":"https:\/\/happycolor.pl\/en\/wp-json\/wp\/v2\/types\/product"}],"wp:featuredmedia":[{"embeddable":true,"href":"https:\/\/happycolor.pl\/en\/wp-json\/wp\/v2\/media\/29651"}],"wp:attachment":[{"href":"https:\/\/happycolor.pl\/en\/wp-json\/wp\/v2\/media?parent=27057"}],"wp:term":[{"taxonomy":"product_brand","embeddable":true,"href":"https:\/\/happycolor.pl\/en\/wp-json\/wp\/v2\/product_brand?post=27057"},{"taxonomy":"product_cat","embeddable":true,"href":"https:\/\/happycolor.pl\/en\/wp-json\/wp\/v2\/product_cat?post=27057"},{"taxonomy":"product_tag","embeddable":true,"href":"https:\/\/happycolor.pl\/en\/wp-json\/wp\/v2\/product_tag?post=27057"}],"curies":[{"name":"wp","href":"https:\/\/api.w.org\/{rel}","templated":true}]}}