{"id":27039,"date":"2022-03-07T11:36:38","date_gmt":"2022-03-07T10:36:38","guid":{"rendered":"https:\/\/www.happycolor.pl\/produkt\/techniczny-czarny\/"},"modified":"2022-03-07T11:36:38","modified_gmt":"2022-03-07T10:36:38","slug":"techniczny-czarny","status":"publish","type":"product","link":"https:\/\/happycolor.pl\/en\/product\/techniczny-czarny\/","title":{"rendered":"Techniczny czarny"},"content":{"rendered":"<table style=\"border-collapse: collapse; width: 100%;\">\n<tbody>\n<tr class=\"cmsmasters_table_row_header\">\n<th class=\"cmsmasters_table_cell_aligncenter\" style=\"width: 33.3002%; text-align: center;\">FORMAT<\/th>\n<th class=\"cmsmasters_table_cell_aligncenter\" style=\"width: 33.3002%; text-align: center;\">ARKUSZE<\/th>\n<th class=\"cmsmasters_table_cell_aligncenter\" style=\"width: 33.3002%; text-align: center;\">GRAMATURA<\/th>\n<\/tr>\n<tr>\n<td class=\"cmsmasters_table_cell_aligncenter\" style=\"width: 33.3002%; text-align: center;\">A4 \u2013 21 x 29,7 cm<\/td>\n<td class=\"cmsmasters_table_cell_aligncenter\" style=\"width: 33.3002%; text-align: center;\">10<\/td>\n<td class=\"cmsmasters_table_cell_aligncenter\" style=\"width: 33.3002%; text-align: center;\">170g m\u00b2<\/td>\n<\/tr>\n<tr>\n<td class=\"cmsmasters_table_cell_aligncenter\" style=\"width: 33.3002%; text-align: center;\">A3 \u2013 29,7 x 42 cm<\/td>\n<td class=\"cmsmasters_table_cell_aligncenter\" style=\"width: 33.3002%; text-align: center;\">10<\/td>\n<td class=\"cmsmasters_table_cell_aligncenter\" style=\"width: 33.3002%; text-align: center;\">170g m\u00b2<\/td>\n<\/tr>\n<\/tbody>\n<\/table>\n<p>&nbsp;<\/p>\n","protected":false},"excerpt":{"rendered":"<p>Idealnie czarny papier doskona\u0142y do rysowania<\/p>\n<p>PAPIER 170 g\/m2<\/p>\n<ul>\n<li>Idealnie czarny papier barwiony w masie<\/li>\n<li>O ziarnistej powierzchni<\/li>\n<li>Bezkwasowy, bezdrzewny<\/li>\n<li>Wysoka odporno\u015b\u0107 na blakni\u0119cie przez promienie UV<\/li>\n<li>Posiada certyfikat Blue Angel oraz FSC<\/li>\n<\/ul>\n<p>ZASTOSOWANIE<br \/>\n<img decoding=\"async\" class=\"emoji\" role=\"img\" draggable=\"false\" src=\"https:\/\/s.w.org\/images\/core\/emoji\/14.0.0\/svg\/25aa.svg\" alt=\"\u25aa\" \/>kredka<img decoding=\"async\" class=\"emoji\" role=\"img\" draggable=\"false\" src=\"https:\/\/s.w.org\/images\/core\/emoji\/14.0.0\/svg\/25aa.svg\" alt=\"\u25aa\" \/>pastele<img decoding=\"async\" class=\"emoji\" role=\"img\" draggable=\"false\" src=\"https:\/\/s.w.org\/images\/core\/emoji\/14.0.0\/svg\/25aa.svg\" alt=\"\u25aa\" \/>pisaki metaliczne<img decoding=\"async\" class=\"emoji\" role=\"img\" draggable=\"false\" src=\"https:\/\/s.w.org\/images\/core\/emoji\/14.0.0\/svg\/25aa.svg\" alt=\"\u25aa\" \/>gel peny<img decoding=\"async\" class=\"emoji\" role=\"img\" draggable=\"false\" src=\"https:\/\/s.w.org\/images\/core\/emoji\/14.0.0\/svg\/25aa.svg\" alt=\"\u25aa\" \/>kreda<img decoding=\"async\" class=\"emoji\" role=\"img\" draggable=\"false\" src=\"https:\/\/s.w.org\/images\/core\/emoji\/14.0.0\/svg\/25aa.svg\" alt=\"\u25aa\" \/>prace manualne<\/p>\n","protected":false},"featured_media":24630,"template":"","meta":[],"product_brand":[],"product_cat":[222],"product_tag":[],"class_list":{"0":"post-27039","1":"product","2":"type-product","3":"status-publish","4":"has-post-thumbnail","6":"product_cat-school-paper-pads","8":"first","9":"instock","10":"shipping-taxable","11":"product-type-simple"},"yoast_head":"<!-- This site is optimized with the Yoast SEO plugin v27.3 - https:\/\/yoast.com\/product\/yoast-seo-wordpress\/ -->\n<title>Techniczny czarny - Happy Color<\/title>\n<meta name=\"robots\" content=\"index, follow, max-snippet:-1, max-image-preview:large, max-video-preview:-1\" \/>\n<link rel=\"canonical\" href=\"https:\/\/happycolor.pl\/en\/product\/techniczny-czarny\/\" \/>\n<meta property=\"og:locale\" content=\"en_US\" \/>\n<meta property=\"og:type\" content=\"article\" \/>\n<meta property=\"og:title\" content=\"Techniczny czarny - Happy Color\" \/>\n<meta property=\"og:description\" content=\"Idealnie czarny papier doskona\u0142y do rysowania  PAPIER 170 g\/m2   Idealnie czarny papier barwiony w masie  O ziarnistej powierzchni  Bezkwasowy, bezdrzewny  Wysoka odporno\u015b\u0107 na blakni\u0119cie przez promienie UV  Posiada certyfikat Blue Angel oraz FSC  ZASTOSOWANIE kredkapastelepisaki metalicznegel penykredaprace manualne\" \/>\n<meta property=\"og:url\" content=\"https:\/\/happycolor.pl\/en\/product\/techniczny-czarny\/\" \/>\n<meta property=\"og:site_name\" content=\"Happy Color\" \/>\n<meta property=\"og:image\" content=\"https:\/\/happycolor.pl\/app\/uploads\/2022\/03\/HA-3717-2030-9-1.jpg\" \/>\n\t<meta property=\"og:image:width\" content=\"1200\" \/>\n\t<meta property=\"og:image:height\" content=\"1200\" \/>\n\t<meta property=\"og:image:type\" content=\"image\/jpeg\" \/>\n<meta name=\"twitter:card\" content=\"summary_large_image\" \/>\n<meta name=\"twitter:label1\" content=\"Est. reading time\" \/>\n\t<meta name=\"twitter:data1\" content=\"1 minute\" \/>\n<script type=\"application\/ld+json\" class=\"yoast-schema-graph\">{\"@context\":\"https:\\\/\\\/schema.org\",\"@graph\":[{\"@type\":\"WebPage\",\"@id\":\"https:\\\/\\\/happycolor.pl\\\/en\\\/product\\\/techniczny-czarny\\\/\",\"url\":\"https:\\\/\\\/happycolor.pl\\\/en\\\/product\\\/techniczny-czarny\\\/\",\"name\":\"Techniczny czarny - Happy Color\",\"isPartOf\":{\"@id\":\"https:\\\/\\\/happycolor.pl\\\/#website\"},\"primaryImageOfPage\":{\"@id\":\"https:\\\/\\\/happycolor.pl\\\/en\\\/product\\\/techniczny-czarny\\\/#primaryimage\"},\"image\":{\"@id\":\"https:\\\/\\\/happycolor.pl\\\/en\\\/product\\\/techniczny-czarny\\\/#primaryimage\"},\"thumbnailUrl\":\"https:\\\/\\\/happycolor.pl\\\/app\\\/uploads\\\/2022\\\/03\\\/HA-3717-2030-9-1.jpg\",\"datePublished\":\"2022-03-07T10:36:38+00:00\",\"breadcrumb\":{\"@id\":\"https:\\\/\\\/happycolor.pl\\\/en\\\/product\\\/techniczny-czarny\\\/#breadcrumb\"},\"inLanguage\":\"en-US\",\"potentialAction\":[{\"@type\":\"ReadAction\",\"target\":[\"https:\\\/\\\/happycolor.pl\\\/en\\\/product\\\/techniczny-czarny\\\/\"]}]},{\"@type\":\"ImageObject\",\"inLanguage\":\"en-US\",\"@id\":\"https:\\\/\\\/happycolor.pl\\\/en\\\/product\\\/techniczny-czarny\\\/#primaryimage\",\"url\":\"https:\\\/\\\/happycolor.pl\\\/app\\\/uploads\\\/2022\\\/03\\\/HA-3717-2030-9-1.jpg\",\"contentUrl\":\"https:\\\/\\\/happycolor.pl\\\/app\\\/uploads\\\/2022\\\/03\\\/HA-3717-2030-9-1.jpg\",\"width\":1200,\"height\":1200},{\"@type\":\"BreadcrumbList\",\"@id\":\"https:\\\/\\\/happycolor.pl\\\/en\\\/product\\\/techniczny-czarny\\\/#breadcrumb\",\"itemListElement\":[{\"@type\":\"ListItem\",\"position\":1,\"name\":\"Sklep\",\"item\":\"https:\\\/\\\/happycolor.pl\\\/sklep\\\/\"},{\"@type\":\"ListItem\",\"position\":2,\"name\":\"Techniczny czarny\"}]},{\"@type\":\"WebSite\",\"@id\":\"https:\\\/\\\/happycolor.pl\\\/#website\",\"url\":\"https:\\\/\\\/happycolor.pl\\\/\",\"name\":\"Happy Color\",\"description\":\"Poznaj nasz kolorowy \u015bwiat\",\"potentialAction\":[{\"@type\":\"SearchAction\",\"target\":{\"@type\":\"EntryPoint\",\"urlTemplate\":\"https:\\\/\\\/happycolor.pl\\\/?s={search_term_string}\"},\"query-input\":{\"@type\":\"PropertyValueSpecification\",\"valueRequired\":true,\"valueName\":\"search_term_string\"}}],\"inLanguage\":\"en-US\"}]}<\/script>\n<!-- \/ Yoast SEO plugin. -->","yoast_head_json":{"title":"Techniczny czarny - Happy Color","robots":{"index":"index","follow":"follow","max-snippet":"max-snippet:-1","max-image-preview":"max-image-preview:large","max-video-preview":"max-video-preview:-1"},"canonical":"https:\/\/happycolor.pl\/en\/product\/techniczny-czarny\/","og_locale":"en_US","og_type":"article","og_title":"Techniczny czarny - Happy Color","og_description":"Idealnie czarny papier doskona\u0142y do rysowania  PAPIER 170 g\/m2   Idealnie czarny papier barwiony w masie  O ziarnistej powierzchni  Bezkwasowy, bezdrzewny  Wysoka odporno\u015b\u0107 na blakni\u0119cie przez promienie UV  Posiada certyfikat Blue Angel oraz FSC  ZASTOSOWANIE kredkapastelepisaki metalicznegel penykredaprace manualne","og_url":"https:\/\/happycolor.pl\/en\/product\/techniczny-czarny\/","og_site_name":"Happy Color","og_image":[{"width":1200,"height":1200,"url":"https:\/\/happycolor.pl\/app\/uploads\/2022\/03\/HA-3717-2030-9-1.jpg","type":"image\/jpeg"}],"twitter_card":"summary_large_image","twitter_misc":{"Est. reading time":"1 minute"},"schema":{"@context":"https:\/\/schema.org","@graph":[{"@type":"WebPage","@id":"https:\/\/happycolor.pl\/en\/product\/techniczny-czarny\/","url":"https:\/\/happycolor.pl\/en\/product\/techniczny-czarny\/","name":"Techniczny czarny - Happy Color","isPartOf":{"@id":"https:\/\/happycolor.pl\/#website"},"primaryImageOfPage":{"@id":"https:\/\/happycolor.pl\/en\/product\/techniczny-czarny\/#primaryimage"},"image":{"@id":"https:\/\/happycolor.pl\/en\/product\/techniczny-czarny\/#primaryimage"},"thumbnailUrl":"https:\/\/happycolor.pl\/app\/uploads\/2022\/03\/HA-3717-2030-9-1.jpg","datePublished":"2022-03-07T10:36:38+00:00","breadcrumb":{"@id":"https:\/\/happycolor.pl\/en\/product\/techniczny-czarny\/#breadcrumb"},"inLanguage":"en-US","potentialAction":[{"@type":"ReadAction","target":["https:\/\/happycolor.pl\/en\/product\/techniczny-czarny\/"]}]},{"@type":"ImageObject","inLanguage":"en-US","@id":"https:\/\/happycolor.pl\/en\/product\/techniczny-czarny\/#primaryimage","url":"https:\/\/happycolor.pl\/app\/uploads\/2022\/03\/HA-3717-2030-9-1.jpg","contentUrl":"https:\/\/happycolor.pl\/app\/uploads\/2022\/03\/HA-3717-2030-9-1.jpg","width":1200,"height":1200},{"@type":"BreadcrumbList","@id":"https:\/\/happycolor.pl\/en\/product\/techniczny-czarny\/#breadcrumb","itemListElement":[{"@type":"ListItem","position":1,"name":"Sklep","item":"https:\/\/happycolor.pl\/sklep\/"},{"@type":"ListItem","position":2,"name":"Techniczny czarny"}]},{"@type":"WebSite","@id":"https:\/\/happycolor.pl\/#website","url":"https:\/\/happycolor.pl\/","name":"Happy Color","description":"Poznaj nasz kolorowy \u015bwiat","potentialAction":[{"@type":"SearchAction","target":{"@type":"EntryPoint","urlTemplate":"https:\/\/happycolor.pl\/?s={search_term_string}"},"query-input":{"@type":"PropertyValueSpecification","valueRequired":true,"valueName":"search_term_string"}}],"inLanguage":"en-US"}]}},"_links":{"self":[{"href":"https:\/\/happycolor.pl\/en\/wp-json\/wp\/v2\/product\/27039","targetHints":{"allow":["GET"]}}],"collection":[{"href":"https:\/\/happycolor.pl\/en\/wp-json\/wp\/v2\/product"}],"about":[{"href":"https:\/\/happycolor.pl\/en\/wp-json\/wp\/v2\/types\/product"}],"wp:featuredmedia":[{"embeddable":true,"href":"https:\/\/happycolor.pl\/en\/wp-json\/wp\/v2\/media\/24630"}],"wp:attachment":[{"href":"https:\/\/happycolor.pl\/en\/wp-json\/wp\/v2\/media?parent=27039"}],"wp:term":[{"taxonomy":"product_brand","embeddable":true,"href":"https:\/\/happycolor.pl\/en\/wp-json\/wp\/v2\/product_brand?post=27039"},{"taxonomy":"product_cat","embeddable":true,"href":"https:\/\/happycolor.pl\/en\/wp-json\/wp\/v2\/product_cat?post=27039"},{"taxonomy":"product_tag","embeddable":true,"href":"https:\/\/happycolor.pl\/en\/wp-json\/wp\/v2\/product_tag?post=27039"}],"curies":[{"name":"wp","href":"https:\/\/api.w.org\/{rel}","templated":true}]}}