{"id":27001,"date":"2021-11-30T15:58:11","date_gmt":"2021-11-30T14:58:11","guid":{"rendered":"https:\/\/www.happycolor.pl\/produkt\/rysunkowy-bialy\/"},"modified":"2025-07-31T08:38:49","modified_gmt":"2025-07-31T06:38:49","slug":"rysunkowy-bialy","status":"publish","type":"product","link":"https:\/\/happycolor.pl\/en\/product\/rysunkowy-bialy\/","title":{"rendered":"Rysunkowy bia\u0142y"},"content":{"rendered":"<table style=\"border-collapse: collapse; width: 100%;\">\n<tbody>\n<tr class=\"cmsmasters_table_row_header\">\n<th class=\"cmsmasters_table_cell_aligncenter\" style=\"width: 33.3002%; text-align: center;\">FORMAT<\/th>\n<th class=\"cmsmasters_table_cell_aligncenter\" style=\"width: 33.3002%; text-align: center;\">ARKUSZE<\/th>\n<th class=\"cmsmasters_table_cell_aligncenter\" style=\"width: 33.3002%; text-align: center;\">GRAMATURA<\/th>\n<\/tr>\n<tr>\n<td class=\"cmsmasters_table_cell_aligncenter\" style=\"width: 33.3002%; text-align: center;\">A4 \u2013 21 x 29,7 cm<\/td>\n<td class=\"cmsmasters_table_cell_aligncenter\" style=\"width: 33.3002%; text-align: center;\">20<\/td>\n<td class=\"cmsmasters_table_cell_aligncenter\" style=\"width: 33.3002%; text-align: center;\">100g m\u00b2<\/td>\n<\/tr>\n<tr>\n<td class=\"cmsmasters_table_cell_aligncenter\" style=\"width: 33.3002%; text-align: center;\">A3 \u2013 29,7 x 42 cm<\/td>\n<td class=\"cmsmasters_table_cell_aligncenter\" style=\"width: 33.3002%; text-align: center;\">20<\/td>\n<td class=\"cmsmasters_table_cell_aligncenter\" style=\"width: 33.3002%; text-align: center;\">100g m\u00b2<\/td>\n<\/tr>\n<\/tbody>\n<\/table>\n","protected":false},"excerpt":{"rendered":"<p>Papier o ziarnistej powierzchni idealny do rysowania<\/p>\n<p>PAPIER 100 g\/m2<\/p>\n<ul>\n<li>Naturalnie bia\u0142y, o lekko ziarnistej powierzchni<\/li>\n<li>Odporny na wielokrotne wymazywanie i poprawki<\/li>\n<li>Bezkwasowy, 100% celulozy<\/li>\n<li>Zapewnia dobr\u0105 przyczepno\u015b\u0107 grafitu i pigment\u00f3w<\/li>\n<li>Gwarantuje dobre efekty i rysunki z charakterem<\/li>\n<li>Certyfikaty: FSC, PEFC, ISO 14001<\/li>\n<\/ul>\n<p>ZASTOSOWANIE<br \/>\n<img decoding=\"async\" class=\"emoji\" role=\"img\" draggable=\"false\" src=\"https:\/\/s.w.org\/images\/core\/emoji\/14.0.0\/svg\/25aa.svg\" alt=\"\u25aa\" \/>pastele<img decoding=\"async\" class=\"emoji\" role=\"img\" draggable=\"false\" src=\"https:\/\/s.w.org\/images\/core\/emoji\/14.0.0\/svg\/25aa.svg\" alt=\"\u25aa\" \/>kredki<img decoding=\"async\" class=\"emoji\" role=\"img\" draggable=\"false\" src=\"https:\/\/s.w.org\/images\/core\/emoji\/14.0.0\/svg\/25aa.svg\" alt=\"\u25aa\" \/>o\u0142\u00f3wek<img decoding=\"async\" class=\"emoji\" role=\"img\" draggable=\"false\" src=\"https:\/\/s.w.org\/images\/core\/emoji\/14.0.0\/svg\/25aa.svg\" alt=\"\u25aa\" \/>farby wodne<\/p>\n","protected":false},"featured_media":28906,"template":"","meta":[],"product_brand":[],"product_cat":[222],"product_tag":[],"class_list":{"0":"post-27001","1":"product","2":"type-product","3":"status-publish","4":"has-post-thumbnail","6":"product_cat-school-paper-pads","8":"first","9":"instock","10":"shipping-taxable","11":"product-type-simple"},"yoast_head":"<!-- This site is optimized with the Yoast SEO plugin v27.3 - https:\/\/yoast.com\/product\/yoast-seo-wordpress\/ -->\n<title>Rysunkowy bia\u0142y - Happy Color<\/title>\n<meta name=\"robots\" content=\"index, follow, max-snippet:-1, max-image-preview:large, max-video-preview:-1\" \/>\n<link rel=\"canonical\" href=\"https:\/\/happycolor.pl\/en\/product\/rysunkowy-bialy\/\" \/>\n<meta property=\"og:locale\" content=\"en_US\" \/>\n<meta property=\"og:type\" content=\"article\" \/>\n<meta property=\"og:title\" content=\"Rysunkowy bia\u0142y - Happy Color\" \/>\n<meta property=\"og:description\" content=\"Papier o ziarnistej powierzchni idealny do rysowania  PAPIER 100 g\/m2   Naturalnie bia\u0142y, o lekko ziarnistej powierzchni  Odporny na wielokrotne wymazywanie i poprawki  Bezkwasowy, 100% celulozy  Zapewnia dobr\u0105 przyczepno\u015b\u0107 grafitu i pigment\u00f3w  Gwarantuje dobre efekty i rysunki z charakterem  Certyfikaty: FSC, PEFC, ISO 14001  ZASTOSOWANIE pastelekredkio\u0142\u00f3wekfarby wodne\" \/>\n<meta property=\"og:url\" content=\"https:\/\/happycolor.pl\/en\/product\/rysunkowy-bialy\/\" \/>\n<meta property=\"og:site_name\" content=\"Happy Color\" \/>\n<meta property=\"article:modified_time\" content=\"2025-07-31T06:38:49+00:00\" \/>\n<meta property=\"og:image\" content=\"https:\/\/happycolor.pl\/app\/uploads\/2021\/11\/0000_HA-3710-2030-0.jpg\" \/>\n\t<meta property=\"og:image:width\" content=\"1200\" \/>\n\t<meta property=\"og:image:height\" content=\"1200\" \/>\n\t<meta property=\"og:image:type\" content=\"image\/jpeg\" \/>\n<meta name=\"twitter:card\" content=\"summary_large_image\" \/>\n<meta name=\"twitter:label1\" content=\"Est. reading time\" \/>\n\t<meta name=\"twitter:data1\" content=\"1 minute\" \/>\n<script type=\"application\/ld+json\" class=\"yoast-schema-graph\">{\"@context\":\"https:\\\/\\\/schema.org\",\"@graph\":[{\"@type\":\"WebPage\",\"@id\":\"https:\\\/\\\/happycolor.pl\\\/en\\\/product\\\/rysunkowy-bialy\\\/\",\"url\":\"https:\\\/\\\/happycolor.pl\\\/en\\\/product\\\/rysunkowy-bialy\\\/\",\"name\":\"Rysunkowy bia\u0142y - Happy Color\",\"isPartOf\":{\"@id\":\"https:\\\/\\\/happycolor.pl\\\/#website\"},\"primaryImageOfPage\":{\"@id\":\"https:\\\/\\\/happycolor.pl\\\/en\\\/product\\\/rysunkowy-bialy\\\/#primaryimage\"},\"image\":{\"@id\":\"https:\\\/\\\/happycolor.pl\\\/en\\\/product\\\/rysunkowy-bialy\\\/#primaryimage\"},\"thumbnailUrl\":\"https:\\\/\\\/happycolor.pl\\\/app\\\/uploads\\\/2021\\\/11\\\/0000_HA-3710-2030-0.jpg\",\"datePublished\":\"2021-11-30T14:58:11+00:00\",\"dateModified\":\"2025-07-31T06:38:49+00:00\",\"breadcrumb\":{\"@id\":\"https:\\\/\\\/happycolor.pl\\\/en\\\/product\\\/rysunkowy-bialy\\\/#breadcrumb\"},\"inLanguage\":\"en-US\",\"potentialAction\":[{\"@type\":\"ReadAction\",\"target\":[\"https:\\\/\\\/happycolor.pl\\\/en\\\/product\\\/rysunkowy-bialy\\\/\"]}]},{\"@type\":\"ImageObject\",\"inLanguage\":\"en-US\",\"@id\":\"https:\\\/\\\/happycolor.pl\\\/en\\\/product\\\/rysunkowy-bialy\\\/#primaryimage\",\"url\":\"https:\\\/\\\/happycolor.pl\\\/app\\\/uploads\\\/2021\\\/11\\\/0000_HA-3710-2030-0.jpg\",\"contentUrl\":\"https:\\\/\\\/happycolor.pl\\\/app\\\/uploads\\\/2021\\\/11\\\/0000_HA-3710-2030-0.jpg\",\"width\":1200,\"height\":1200,\"caption\":\"Blok rysunkowy HAPPY COLORS \u015anie\u017cnobia\u0142y 20 arkuszy A4 A3 do rysowania kredkami, pastelami i farbami\"},{\"@type\":\"BreadcrumbList\",\"@id\":\"https:\\\/\\\/happycolor.pl\\\/en\\\/product\\\/rysunkowy-bialy\\\/#breadcrumb\",\"itemListElement\":[{\"@type\":\"ListItem\",\"position\":1,\"name\":\"Sklep\",\"item\":\"https:\\\/\\\/happycolor.pl\\\/sklep\\\/\"},{\"@type\":\"ListItem\",\"position\":2,\"name\":\"Rysunkowy bia\u0142y\"}]},{\"@type\":\"WebSite\",\"@id\":\"https:\\\/\\\/happycolor.pl\\\/#website\",\"url\":\"https:\\\/\\\/happycolor.pl\\\/\",\"name\":\"Happy Color\",\"description\":\"Poznaj nasz kolorowy \u015bwiat\",\"potentialAction\":[{\"@type\":\"SearchAction\",\"target\":{\"@type\":\"EntryPoint\",\"urlTemplate\":\"https:\\\/\\\/happycolor.pl\\\/?s={search_term_string}\"},\"query-input\":{\"@type\":\"PropertyValueSpecification\",\"valueRequired\":true,\"valueName\":\"search_term_string\"}}],\"inLanguage\":\"en-US\"}]}<\/script>\n<!-- \/ Yoast SEO plugin. -->","yoast_head_json":{"title":"Rysunkowy bia\u0142y - Happy Color","robots":{"index":"index","follow":"follow","max-snippet":"max-snippet:-1","max-image-preview":"max-image-preview:large","max-video-preview":"max-video-preview:-1"},"canonical":"https:\/\/happycolor.pl\/en\/product\/rysunkowy-bialy\/","og_locale":"en_US","og_type":"article","og_title":"Rysunkowy bia\u0142y - Happy Color","og_description":"Papier o ziarnistej powierzchni idealny do rysowania  PAPIER 100 g\/m2   Naturalnie bia\u0142y, o lekko ziarnistej powierzchni  Odporny na wielokrotne wymazywanie i poprawki  Bezkwasowy, 100% celulozy  Zapewnia dobr\u0105 przyczepno\u015b\u0107 grafitu i pigment\u00f3w  Gwarantuje dobre efekty i rysunki z charakterem  Certyfikaty: FSC, PEFC, ISO 14001  ZASTOSOWANIE pastelekredkio\u0142\u00f3wekfarby wodne","og_url":"https:\/\/happycolor.pl\/en\/product\/rysunkowy-bialy\/","og_site_name":"Happy Color","article_modified_time":"2025-07-31T06:38:49+00:00","og_image":[{"width":1200,"height":1200,"url":"https:\/\/happycolor.pl\/app\/uploads\/2021\/11\/0000_HA-3710-2030-0.jpg","type":"image\/jpeg"}],"twitter_card":"summary_large_image","twitter_misc":{"Est. reading time":"1 minute"},"schema":{"@context":"https:\/\/schema.org","@graph":[{"@type":"WebPage","@id":"https:\/\/happycolor.pl\/en\/product\/rysunkowy-bialy\/","url":"https:\/\/happycolor.pl\/en\/product\/rysunkowy-bialy\/","name":"Rysunkowy bia\u0142y - Happy Color","isPartOf":{"@id":"https:\/\/happycolor.pl\/#website"},"primaryImageOfPage":{"@id":"https:\/\/happycolor.pl\/en\/product\/rysunkowy-bialy\/#primaryimage"},"image":{"@id":"https:\/\/happycolor.pl\/en\/product\/rysunkowy-bialy\/#primaryimage"},"thumbnailUrl":"https:\/\/happycolor.pl\/app\/uploads\/2021\/11\/0000_HA-3710-2030-0.jpg","datePublished":"2021-11-30T14:58:11+00:00","dateModified":"2025-07-31T06:38:49+00:00","breadcrumb":{"@id":"https:\/\/happycolor.pl\/en\/product\/rysunkowy-bialy\/#breadcrumb"},"inLanguage":"en-US","potentialAction":[{"@type":"ReadAction","target":["https:\/\/happycolor.pl\/en\/product\/rysunkowy-bialy\/"]}]},{"@type":"ImageObject","inLanguage":"en-US","@id":"https:\/\/happycolor.pl\/en\/product\/rysunkowy-bialy\/#primaryimage","url":"https:\/\/happycolor.pl\/app\/uploads\/2021\/11\/0000_HA-3710-2030-0.jpg","contentUrl":"https:\/\/happycolor.pl\/app\/uploads\/2021\/11\/0000_HA-3710-2030-0.jpg","width":1200,"height":1200,"caption":"Blok rysunkowy HAPPY COLORS \u015anie\u017cnobia\u0142y 20 arkuszy A4 A3 do rysowania kredkami, pastelami i farbami"},{"@type":"BreadcrumbList","@id":"https:\/\/happycolor.pl\/en\/product\/rysunkowy-bialy\/#breadcrumb","itemListElement":[{"@type":"ListItem","position":1,"name":"Sklep","item":"https:\/\/happycolor.pl\/sklep\/"},{"@type":"ListItem","position":2,"name":"Rysunkowy bia\u0142y"}]},{"@type":"WebSite","@id":"https:\/\/happycolor.pl\/#website","url":"https:\/\/happycolor.pl\/","name":"Happy Color","description":"Poznaj nasz kolorowy \u015bwiat","potentialAction":[{"@type":"SearchAction","target":{"@type":"EntryPoint","urlTemplate":"https:\/\/happycolor.pl\/?s={search_term_string}"},"query-input":{"@type":"PropertyValueSpecification","valueRequired":true,"valueName":"search_term_string"}}],"inLanguage":"en-US"}]}},"_links":{"self":[{"href":"https:\/\/happycolor.pl\/en\/wp-json\/wp\/v2\/product\/27001","targetHints":{"allow":["GET"]}}],"collection":[{"href":"https:\/\/happycolor.pl\/en\/wp-json\/wp\/v2\/product"}],"about":[{"href":"https:\/\/happycolor.pl\/en\/wp-json\/wp\/v2\/types\/product"}],"wp:featuredmedia":[{"embeddable":true,"href":"https:\/\/happycolor.pl\/en\/wp-json\/wp\/v2\/media\/28906"}],"wp:attachment":[{"href":"https:\/\/happycolor.pl\/en\/wp-json\/wp\/v2\/media?parent=27001"}],"wp:term":[{"taxonomy":"product_brand","embeddable":true,"href":"https:\/\/happycolor.pl\/en\/wp-json\/wp\/v2\/product_brand?post=27001"},{"taxonomy":"product_cat","embeddable":true,"href":"https:\/\/happycolor.pl\/en\/wp-json\/wp\/v2\/product_cat?post=27001"},{"taxonomy":"product_tag","embeddable":true,"href":"https:\/\/happycolor.pl\/en\/wp-json\/wp\/v2\/product_tag?post=27001"}],"curies":[{"name":"wp","href":"https:\/\/api.w.org\/{rel}","templated":true}]}}