{"id":26995,"date":"2021-12-01T11:10:10","date_gmt":"2021-12-01T10:10:10","guid":{"rendered":"https:\/\/www.happycolor.pl\/produkt\/szkicownik-na-spirali-mlody-artysta\/"},"modified":"2024-03-13T16:26:36","modified_gmt":"2024-03-13T15:26:36","slug":"szkicownik-na-spirali-mlody-artysta","status":"publish","type":"product","link":"https:\/\/happycolor.pl\/en\/product\/szkicownik-na-spirali-mlody-artysta\/","title":{"rendered":"Spiral sketch pad Young Artist"},"content":{"rendered":"<p>&nbsp;<\/p>\n<table style=\"border-collapse: collapse; width: 100%;\">\n<tbody>\n<tr class=\"cmsmasters_table_row_header\">\n<th class=\"cmsmasters_table_cell_aligncenter\" style=\"width: 38.8849%; text-align: center;\">FORMAT<\/th>\n<th class=\"cmsmasters_table_cell_aligncenter\" style=\"width: 25.8508%; text-align: center;\">SHEET<\/th>\n<th class=\"cmsmasters_table_cell_aligncenter\" style=\"width: 35.1195%; text-align: center;\">WEIGHT<\/th>\n<\/tr>\n<tr>\n<td class=\"cmsmasters_table_cell_aligncenter\" style=\"width: 38.8849%; text-align: center;\">A5 \u2013 14,8 x 21 cm<\/td>\n<td class=\"cmsmasters_table_cell_aligncenter\" style=\"width: 25.8508%; text-align: center;\">30+30<\/td>\n<td class=\"cmsmasters_table_cell_aligncenter\" style=\"width: 35.1195%; text-align: center;\">80\/90gsm<\/td>\n<\/tr>\n<tr>\n<td class=\"cmsmasters_table_cell_aligncenter\" style=\"width: 38.8849%; text-align: center;\">A4 \u2013 21 x 29,7 cm<\/td>\n<td class=\"cmsmasters_table_cell_aligncenter\" style=\"width: 25.8508%; text-align: center;\">30+30<\/td>\n<td class=\"cmsmasters_table_cell_aligncenter\" style=\"width: 35.1195%; text-align: center;\">80\/90gsm<\/td>\n<\/tr>\n<tr>\n<td class=\"cmsmasters_table_cell_aligncenter\" style=\"width: 38.8849%; text-align: center;\">A3 \u2013 29,7 x 42 cm<\/td>\n<td class=\"cmsmasters_table_cell_aligncenter\" style=\"width: 25.8508%; text-align: center;\">20+20<\/td>\n<td class=\"cmsmasters_table_cell_aligncenter\" style=\"width: 35.1195%; text-align: center;\">80\/90gsm<\/td>\n<\/tr>\n<tr>\n<td class=\"cmsmasters_table_cell_aligncenter\" style=\"width: 38.8849%; text-align: center;\">A2 \u2013 42 x 49,4 cm<\/td>\n<td class=\"cmsmasters_table_cell_aligncenter\" style=\"width: 25.8508%; text-align: center;\">20+20<\/td>\n<td class=\"cmsmasters_table_cell_aligncenter\" style=\"width: 35.1195%; text-align: center;\">80\/90gsm<\/td>\n<\/tr>\n<\/tbody>\n<\/table>\n<p>&nbsp;<\/p>\n","protected":false},"excerpt":{"rendered":"<p>Sketch pad in hard cover perfect for students and hobbyists for drawing outdoors with two types of paper white and brown<\/p>\n<p>PAPER 90gsm &#8211; white<\/p>\n<ul>\n<li>Natural white paper with light grain surface<\/li>\n<li>Very cohesive, resistant to erasure and corrections<\/li>\n<li>100% cellulose, acid-free<\/li>\n<li>Ensures good adhesion of graphite and pigments<\/li>\n<li>Guaranteeing good results and drawings with character<\/li>\n<\/ul>\n<p>PAPER 80gsm &#8211; eco-friendly recycled paper<\/p>\n<ul>\n<li>With a slightly rough structure<\/li>\n<li>In ocher colour, which gives the works a warm colour<\/li>\n<\/ul>\n<p>APPLICATION<br \/>\n<img decoding=\"async\" class=\"emoji\" role=\"img\" draggable=\"false\" src=\"https:\/\/s.w.org\/images\/core\/emoji\/14.0.0\/svg\/25aa.svg\" alt=\"\u25aa\" \/>pencil<img decoding=\"async\" class=\"emoji\" role=\"img\" draggable=\"false\" src=\"https:\/\/s.w.org\/images\/core\/emoji\/14.0.0\/svg\/25aa.svg\" alt=\"\u25aa\" \/>crayon<img decoding=\"async\" class=\"emoji\" role=\"img\" draggable=\"false\" src=\"https:\/\/s.w.org\/images\/core\/emoji\/14.0.0\/svg\/25aa.svg\" alt=\"\u25aa\" \/>pastel<img decoding=\"async\" class=\"emoji\" role=\"img\" draggable=\"false\" src=\"https:\/\/s.w.org\/images\/core\/emoji\/14.0.0\/svg\/25aa.svg\" alt=\"\u25aa\" \/>sepia<img decoding=\"async\" class=\"emoji\" role=\"img\" draggable=\"false\" src=\"https:\/\/s.w.org\/images\/core\/emoji\/14.0.0\/svg\/25aa.svg\" alt=\"\u25aa\" \/>charcoal<img decoding=\"async\" class=\"emoji\" role=\"img\" draggable=\"false\" src=\"https:\/\/s.w.org\/images\/core\/emoji\/14.0.0\/svg\/25aa.svg\" alt=\"\u25aa\" \/>chalk<\/p>\n","protected":false},"featured_media":29761,"template":"","meta":[],"product_brand":[],"product_cat":[221],"product_tag":[],"class_list":{"0":"post-26995","1":"product","2":"type-product","3":"status-publish","4":"has-post-thumbnail","6":"product_cat-artistic-paper-pads","8":"first","9":"instock","10":"shipping-taxable","11":"product-type-simple"},"yoast_head":"<!-- This site is optimized with the Yoast SEO plugin v27.3 - https:\/\/yoast.com\/product\/yoast-seo-wordpress\/ -->\n<title>Spiral sketch pad Young Artist - Happy Color<\/title>\n<meta name=\"robots\" content=\"index, follow, max-snippet:-1, max-image-preview:large, max-video-preview:-1\" \/>\n<link rel=\"canonical\" href=\"https:\/\/happycolor.pl\/en\/product\/szkicownik-na-spirali-mlody-artysta\/\" \/>\n<meta property=\"og:locale\" content=\"en_US\" \/>\n<meta property=\"og:type\" content=\"article\" \/>\n<meta property=\"og:title\" content=\"Spiral sketch pad Young Artist - Happy Color\" \/>\n<meta property=\"og:description\" content=\"Sketch pad in hard cover perfect for students and hobbyists for drawing outdoors with two types of paper white and brown  PAPER 90gsm - white   Natural white paper with light grain surface  Very cohesive, resistant to erasure and corrections  100% cellulose, acid-free  Ensures good adhesion of graphite and pigments  Guaranteeing good results and drawings with character  PAPER 80gsm - eco-friendly recycled paper   With a slightly rough structure  In ocher colour, which gives the works a warm colour  APPLICATION pencilcrayonpastelsepiacharcoalchalk\" \/>\n<meta property=\"og:url\" content=\"https:\/\/happycolor.pl\/en\/product\/szkicownik-na-spirali-mlody-artysta\/\" \/>\n<meta property=\"og:site_name\" content=\"Happy Color\" \/>\n<meta property=\"article:modified_time\" content=\"2024-03-13T15:26:36+00:00\" \/>\n<meta property=\"og:image\" content=\"https:\/\/happycolor.pl\/app\/uploads\/2021\/12\/HA-3809-2030-MA60.jpg\" \/>\n\t<meta property=\"og:image:width\" content=\"1200\" \/>\n\t<meta property=\"og:image:height\" content=\"1200\" \/>\n\t<meta property=\"og:image:type\" content=\"image\/jpeg\" \/>\n<meta name=\"twitter:card\" content=\"summary_large_image\" \/>\n<meta name=\"twitter:label1\" content=\"Est. reading time\" \/>\n\t<meta name=\"twitter:data1\" content=\"1 minute\" \/>\n<script type=\"application\/ld+json\" class=\"yoast-schema-graph\">{\"@context\":\"https:\\\/\\\/schema.org\",\"@graph\":[{\"@type\":\"WebPage\",\"@id\":\"https:\\\/\\\/happycolor.pl\\\/en\\\/product\\\/szkicownik-na-spirali-mlody-artysta\\\/\",\"url\":\"https:\\\/\\\/happycolor.pl\\\/en\\\/product\\\/szkicownik-na-spirali-mlody-artysta\\\/\",\"name\":\"Spiral sketch pad Young Artist - Happy Color\",\"isPartOf\":{\"@id\":\"https:\\\/\\\/happycolor.pl\\\/#website\"},\"primaryImageOfPage\":{\"@id\":\"https:\\\/\\\/happycolor.pl\\\/en\\\/product\\\/szkicownik-na-spirali-mlody-artysta\\\/#primaryimage\"},\"image\":{\"@id\":\"https:\\\/\\\/happycolor.pl\\\/en\\\/product\\\/szkicownik-na-spirali-mlody-artysta\\\/#primaryimage\"},\"thumbnailUrl\":\"https:\\\/\\\/happycolor.pl\\\/app\\\/uploads\\\/2021\\\/12\\\/HA-3809-2030-MA60.jpg\",\"datePublished\":\"2021-12-01T10:10:10+00:00\",\"dateModified\":\"2024-03-13T15:26:36+00:00\",\"breadcrumb\":{\"@id\":\"https:\\\/\\\/happycolor.pl\\\/en\\\/product\\\/szkicownik-na-spirali-mlody-artysta\\\/#breadcrumb\"},\"inLanguage\":\"en-US\",\"potentialAction\":[{\"@type\":\"ReadAction\",\"target\":[\"https:\\\/\\\/happycolor.pl\\\/en\\\/product\\\/szkicownik-na-spirali-mlody-artysta\\\/\"]}]},{\"@type\":\"ImageObject\",\"inLanguage\":\"en-US\",\"@id\":\"https:\\\/\\\/happycolor.pl\\\/en\\\/product\\\/szkicownik-na-spirali-mlody-artysta\\\/#primaryimage\",\"url\":\"https:\\\/\\\/happycolor.pl\\\/app\\\/uploads\\\/2021\\\/12\\\/HA-3809-2030-MA60.jpg\",\"contentUrl\":\"https:\\\/\\\/happycolor.pl\\\/app\\\/uploads\\\/2021\\\/12\\\/HA-3809-2030-MA60.jpg\",\"width\":1200,\"height\":1200,\"caption\":\"Szkicownik w twardej oprawie idealny dla uczni\u00f3w oraz hobbyst\u00f3w do rysowania w plenerze PAPIER Naturalnie bia\u0142y papier 90g\\\/m2 o lekko ziarnistej powierzchni. Bardzo spoisty, wytrzyma\u0142y na wymazywanie i poprawki korekcyjne. 100% celulozy, bezkwasowy. Zapewnia dobr\u0105 przyczepno\u015b\u0107 grafitu i pigment\u00f3w. Gwarantuj\u0105cy dobre efekty i rysunki z charakterem. Ekologiczny papier 80g\\\/m2 z recyklingu. O delikatnie szorstkiej strukturze. W kolorze ochry, co nadaje pracom ciep\u0142\u0105 kolorystyk\u0119. ZASTOSOWANIE o\u0142\u00f3wek kredka pastela sepia w\u0119giel kreda\"},{\"@type\":\"BreadcrumbList\",\"@id\":\"https:\\\/\\\/happycolor.pl\\\/en\\\/product\\\/szkicownik-na-spirali-mlody-artysta\\\/#breadcrumb\",\"itemListElement\":[{\"@type\":\"ListItem\",\"position\":1,\"name\":\"Sklep\",\"item\":\"https:\\\/\\\/happycolor.pl\\\/sklep\\\/\"},{\"@type\":\"ListItem\",\"position\":2,\"name\":\"Spiral sketch pad Young Artist\"}]},{\"@type\":\"WebSite\",\"@id\":\"https:\\\/\\\/happycolor.pl\\\/#website\",\"url\":\"https:\\\/\\\/happycolor.pl\\\/\",\"name\":\"Happy Color\",\"description\":\"Poznaj nasz kolorowy \u015bwiat\",\"potentialAction\":[{\"@type\":\"SearchAction\",\"target\":{\"@type\":\"EntryPoint\",\"urlTemplate\":\"https:\\\/\\\/happycolor.pl\\\/?s={search_term_string}\"},\"query-input\":{\"@type\":\"PropertyValueSpecification\",\"valueRequired\":true,\"valueName\":\"search_term_string\"}}],\"inLanguage\":\"en-US\"}]}<\/script>\n<!-- \/ Yoast SEO plugin. -->","yoast_head_json":{"title":"Spiral sketch pad Young Artist - Happy Color","robots":{"index":"index","follow":"follow","max-snippet":"max-snippet:-1","max-image-preview":"max-image-preview:large","max-video-preview":"max-video-preview:-1"},"canonical":"https:\/\/happycolor.pl\/en\/product\/szkicownik-na-spirali-mlody-artysta\/","og_locale":"en_US","og_type":"article","og_title":"Spiral sketch pad Young Artist - Happy Color","og_description":"Sketch pad in hard cover perfect for students and hobbyists for drawing outdoors with two types of paper white and brown  PAPER 90gsm - white   Natural white paper with light grain surface  Very cohesive, resistant to erasure and corrections  100% cellulose, acid-free  Ensures good adhesion of graphite and pigments  Guaranteeing good results and drawings with character  PAPER 80gsm - eco-friendly recycled paper   With a slightly rough structure  In ocher colour, which gives the works a warm colour  APPLICATION pencilcrayonpastelsepiacharcoalchalk","og_url":"https:\/\/happycolor.pl\/en\/product\/szkicownik-na-spirali-mlody-artysta\/","og_site_name":"Happy Color","article_modified_time":"2024-03-13T15:26:36+00:00","og_image":[{"width":1200,"height":1200,"url":"https:\/\/happycolor.pl\/app\/uploads\/2021\/12\/HA-3809-2030-MA60.jpg","type":"image\/jpeg"}],"twitter_card":"summary_large_image","twitter_misc":{"Est. reading time":"1 minute"},"schema":{"@context":"https:\/\/schema.org","@graph":[{"@type":"WebPage","@id":"https:\/\/happycolor.pl\/en\/product\/szkicownik-na-spirali-mlody-artysta\/","url":"https:\/\/happycolor.pl\/en\/product\/szkicownik-na-spirali-mlody-artysta\/","name":"Spiral sketch pad Young Artist - Happy Color","isPartOf":{"@id":"https:\/\/happycolor.pl\/#website"},"primaryImageOfPage":{"@id":"https:\/\/happycolor.pl\/en\/product\/szkicownik-na-spirali-mlody-artysta\/#primaryimage"},"image":{"@id":"https:\/\/happycolor.pl\/en\/product\/szkicownik-na-spirali-mlody-artysta\/#primaryimage"},"thumbnailUrl":"https:\/\/happycolor.pl\/app\/uploads\/2021\/12\/HA-3809-2030-MA60.jpg","datePublished":"2021-12-01T10:10:10+00:00","dateModified":"2024-03-13T15:26:36+00:00","breadcrumb":{"@id":"https:\/\/happycolor.pl\/en\/product\/szkicownik-na-spirali-mlody-artysta\/#breadcrumb"},"inLanguage":"en-US","potentialAction":[{"@type":"ReadAction","target":["https:\/\/happycolor.pl\/en\/product\/szkicownik-na-spirali-mlody-artysta\/"]}]},{"@type":"ImageObject","inLanguage":"en-US","@id":"https:\/\/happycolor.pl\/en\/product\/szkicownik-na-spirali-mlody-artysta\/#primaryimage","url":"https:\/\/happycolor.pl\/app\/uploads\/2021\/12\/HA-3809-2030-MA60.jpg","contentUrl":"https:\/\/happycolor.pl\/app\/uploads\/2021\/12\/HA-3809-2030-MA60.jpg","width":1200,"height":1200,"caption":"Szkicownik w twardej oprawie idealny dla uczni\u00f3w oraz hobbyst\u00f3w do rysowania w plenerze PAPIER Naturalnie bia\u0142y papier 90g\/m2 o lekko ziarnistej powierzchni. Bardzo spoisty, wytrzyma\u0142y na wymazywanie i poprawki korekcyjne. 100% celulozy, bezkwasowy. Zapewnia dobr\u0105 przyczepno\u015b\u0107 grafitu i pigment\u00f3w. Gwarantuj\u0105cy dobre efekty i rysunki z charakterem. Ekologiczny papier 80g\/m2 z recyklingu. O delikatnie szorstkiej strukturze. W kolorze ochry, co nadaje pracom ciep\u0142\u0105 kolorystyk\u0119. ZASTOSOWANIE o\u0142\u00f3wek kredka pastela sepia w\u0119giel kreda"},{"@type":"BreadcrumbList","@id":"https:\/\/happycolor.pl\/en\/product\/szkicownik-na-spirali-mlody-artysta\/#breadcrumb","itemListElement":[{"@type":"ListItem","position":1,"name":"Sklep","item":"https:\/\/happycolor.pl\/sklep\/"},{"@type":"ListItem","position":2,"name":"Spiral sketch pad Young Artist"}]},{"@type":"WebSite","@id":"https:\/\/happycolor.pl\/#website","url":"https:\/\/happycolor.pl\/","name":"Happy Color","description":"Poznaj nasz kolorowy \u015bwiat","potentialAction":[{"@type":"SearchAction","target":{"@type":"EntryPoint","urlTemplate":"https:\/\/happycolor.pl\/?s={search_term_string}"},"query-input":{"@type":"PropertyValueSpecification","valueRequired":true,"valueName":"search_term_string"}}],"inLanguage":"en-US"}]}},"_links":{"self":[{"href":"https:\/\/happycolor.pl\/en\/wp-json\/wp\/v2\/product\/26995","targetHints":{"allow":["GET"]}}],"collection":[{"href":"https:\/\/happycolor.pl\/en\/wp-json\/wp\/v2\/product"}],"about":[{"href":"https:\/\/happycolor.pl\/en\/wp-json\/wp\/v2\/types\/product"}],"wp:featuredmedia":[{"embeddable":true,"href":"https:\/\/happycolor.pl\/en\/wp-json\/wp\/v2\/media\/29761"}],"wp:attachment":[{"href":"https:\/\/happycolor.pl\/en\/wp-json\/wp\/v2\/media?parent=26995"}],"wp:term":[{"taxonomy":"product_brand","embeddable":true,"href":"https:\/\/happycolor.pl\/en\/wp-json\/wp\/v2\/product_brand?post=26995"},{"taxonomy":"product_cat","embeddable":true,"href":"https:\/\/happycolor.pl\/en\/wp-json\/wp\/v2\/product_cat?post=26995"},{"taxonomy":"product_tag","embeddable":true,"href":"https:\/\/happycolor.pl\/en\/wp-json\/wp\/v2\/product_tag?post=26995"}],"curies":[{"name":"wp","href":"https:\/\/api.w.org\/{rel}","templated":true}]}}