{"id":26993,"date":"2021-12-01T11:45:04","date_gmt":"2021-12-01T10:45:04","guid":{"rendered":"https:\/\/www.happycolor.pl\/produkt\/black-brown-szkicownik-na-spirali-kopia\/"},"modified":"2024-03-13T16:12:17","modified_gmt":"2024-03-13T15:12:17","slug":"black-brown-szkicownik-na-spirali-kopia","status":"publish","type":"product","link":"https:\/\/happycolor.pl\/en\/product\/black-brown-szkicownik-na-spirali-kopia\/","title":{"rendered":"Spiral sketch pad EN PLEIN-AIR"},"content":{"rendered":"<table style=\"border-collapse: collapse; width: 100%;\">\n<tbody>\n<tr class=\"cmsmasters_table_row_header\">\n<th class=\"cmsmasters_table_cell_aligncenter\" style=\"width: 38.3127%; text-align: center;\">FORMAT<\/th>\n<th class=\"cmsmasters_table_cell_aligncenter\" style=\"width: 26.1538%; text-align: center;\">SHEET<\/th>\n<th class=\"cmsmasters_table_cell_aligncenter\" style=\"width: 35.4839%; text-align: center;\">WEIGHT<\/th>\n<\/tr>\n<tr>\n<td class=\"cmsmasters_table_cell_aligncenter\" style=\"width: 38.3127%; text-align: center;\">A5 \u2013 14,8 x 21 cm<\/td>\n<td class=\"cmsmasters_table_cell_aligncenter\" style=\"width: 26.1538%; text-align: center;\">70<\/td>\n<td class=\"cmsmasters_table_cell_aligncenter\" style=\"width: 35.4839%; text-align: center;\">80\/90gsm<\/td>\n<\/tr>\n<tr>\n<td class=\"cmsmasters_table_cell_aligncenter\" style=\"width: 38.3127%; text-align: center;\">A4 \u2013 21 x 29,7 cm<\/td>\n<td class=\"cmsmasters_table_cell_aligncenter\" style=\"width: 26.1538%; text-align: center;\">70<\/td>\n<td class=\"cmsmasters_table_cell_aligncenter\" style=\"width: 35.4839%; text-align: center;\">80\/90gsm<\/td>\n<\/tr>\n<\/tbody>\n<\/table>\n","protected":false},"excerpt":{"rendered":"<p>OUTDOOR spiral sketch pad on hard cardboard base with tree types of paper &#8211; white, black and brown<\/p>\n<p>PAPER 90gsm &#8211; white<\/p>\n<ul>\n<li>Naturally white, with light grain surface<\/li>\n<li>Very cohesive, resistant to erasure and corrections<\/li>\n<li>Acid-free, 100% cellulose<\/li>\n<li>Ensures good adhesion of graphite and pigments<\/li>\n<li>It guarantees good results and drawings with character<\/li>\n<li>It is PEFC, SGS and ISO 9706 certified<\/li>\n<\/ul>\n<p>PAPER 80gsm &#8211; brown<\/p>\n<ul>\n<li>Ecological recycled paper<\/li>\n<li>With a slightly rough structure<\/li>\n<li>In ocher colour, which gives the works a warm colour<\/li>\n<li>Perfect for students and hobbyists to draw outdoors<\/li>\n<\/ul>\n<p>PAPER 80gsm &#8211; black<\/p>\n<ul>\n<li>Perfectly black pulp-dyed paper<\/li>\n<li>With a light grain surface<\/li>\n<li>Acid-free, wood-free<\/li>\n<li>Highly resistant to fading by UV rays<\/li>\n<li>It is Blue Angel and\u00a0FSC certified<\/li>\n<\/ul>\n<p>APPLICATION<br \/>\n<img decoding=\"async\" class=\"emoji\" role=\"img\" draggable=\"false\" src=\"https:\/\/s.w.org\/images\/core\/emoji\/14.0.0\/svg\/25aa.svg\" alt=\"\u25aa\" \/>crayon<img decoding=\"async\" class=\"emoji\" role=\"img\" draggable=\"false\" src=\"https:\/\/s.w.org\/images\/core\/emoji\/14.0.0\/svg\/25aa.svg\" alt=\"\u25aa\" \/>pastel<img decoding=\"async\" class=\"emoji\" role=\"img\" draggable=\"false\" src=\"https:\/\/s.w.org\/images\/core\/emoji\/14.0.0\/svg\/25aa.svg\" alt=\"\u25aa\" \/>marker<img decoding=\"async\" class=\"emoji\" role=\"img\" draggable=\"false\" src=\"https:\/\/s.w.org\/images\/core\/emoji\/14.0.0\/svg\/25aa.svg\" alt=\"\u25aa\" \/>chalk<img decoding=\"async\" class=\"emoji\" role=\"img\" draggable=\"false\" src=\"https:\/\/s.w.org\/images\/core\/emoji\/14.0.0\/svg\/25aa.svg\" alt=\"\u25aa\" \/>pencil<img decoding=\"async\" class=\"emoji\" role=\"img\" draggable=\"false\" src=\"https:\/\/s.w.org\/images\/core\/emoji\/14.0.0\/svg\/25aa.svg\" alt=\"\u25aa\" \/>charcoal<img decoding=\"async\" class=\"emoji\" role=\"img\" draggable=\"false\" src=\"https:\/\/s.w.org\/images\/core\/emoji\/14.0.0\/svg\/25aa.svg\" alt=\"\u25aa\" \/>sanguine<\/p>\n","protected":false},"featured_media":29763,"template":"","meta":[],"product_brand":[],"product_cat":[221],"product_tag":[],"class_list":{"0":"post-26993","1":"product","2":"type-product","3":"status-publish","4":"has-post-thumbnail","6":"product_cat-artistic-paper-pads","8":"first","9":"instock","10":"shipping-taxable","11":"product-type-simple"},"yoast_head":"<!-- This site is optimized with the Yoast SEO plugin v27.3 - https:\/\/yoast.com\/product\/yoast-seo-wordpress\/ -->\n<title>Spiral sketch pad EN PLEIN-AIR - Happy Color<\/title>\n<meta name=\"robots\" content=\"index, follow, max-snippet:-1, max-image-preview:large, max-video-preview:-1\" \/>\n<link rel=\"canonical\" href=\"https:\/\/happycolor.pl\/en\/product\/black-brown-szkicownik-na-spirali-kopia\/\" \/>\n<meta property=\"og:locale\" content=\"en_US\" \/>\n<meta property=\"og:type\" content=\"article\" \/>\n<meta property=\"og:title\" content=\"Spiral sketch pad EN PLEIN-AIR - Happy Color\" \/>\n<meta property=\"og:description\" content=\"OUTDOOR spiral sketch pad on hard cardboard base with tree types of paper - white, black and brown  PAPER 90gsm - white   Naturally white, with light grain surface  Very cohesive, resistant to erasure and corrections  Acid-free, 100% cellulose  Ensures good adhesion of graphite and pigments  It guarantees good results and drawings with character  It is PEFC, SGS and ISO 9706 certified  PAPER 80gsm - brown   Ecological recycled paper  With a slightly rough structure  In ocher colour, which gives the works a warm colour  Perfect for students and hobbyists to draw outdoors  PAPER 80gsm - black   Perfectly black pulp-dyed paper  With a light grain surface  Acid-free, wood-free  Highly resistant to fading by UV rays  It is Blue Angel and\u00a0FSC certified  APPLICATION crayonpastelmarkerchalkpencilcharcoalsanguine\" \/>\n<meta property=\"og:url\" content=\"https:\/\/happycolor.pl\/en\/product\/black-brown-szkicownik-na-spirali-kopia\/\" \/>\n<meta property=\"og:site_name\" content=\"Happy Color\" \/>\n<meta property=\"article:modified_time\" content=\"2024-03-13T15:12:17+00:00\" \/>\n<meta name=\"twitter:card\" content=\"summary_large_image\" \/>\n<meta name=\"twitter:label1\" content=\"Est. reading time\" \/>\n\t<meta name=\"twitter:data1\" content=\"1 minute\" \/>\n<script type=\"application\/ld+json\" class=\"yoast-schema-graph\">{\"@context\":\"https:\\\/\\\/schema.org\",\"@graph\":[{\"@type\":\"WebPage\",\"@id\":\"https:\\\/\\\/happycolor.pl\\\/en\\\/product\\\/black-brown-szkicownik-na-spirali-kopia\\\/\",\"url\":\"https:\\\/\\\/happycolor.pl\\\/en\\\/product\\\/black-brown-szkicownik-na-spirali-kopia\\\/\",\"name\":\"Spiral sketch pad EN PLEIN-AIR - Happy Color\",\"isPartOf\":{\"@id\":\"https:\\\/\\\/happycolor.pl\\\/#website\"},\"primaryImageOfPage\":{\"@id\":\"https:\\\/\\\/happycolor.pl\\\/en\\\/product\\\/black-brown-szkicownik-na-spirali-kopia\\\/#primaryimage\"},\"image\":{\"@id\":\"https:\\\/\\\/happycolor.pl\\\/en\\\/product\\\/black-brown-szkicownik-na-spirali-kopia\\\/#primaryimage\"},\"thumbnailUrl\":\"https:\\\/\\\/happycolor.pl\\\/app\\\/uploads\\\/2021\\\/12\\\/HA-3808-2030-PL70.jpg\",\"datePublished\":\"2021-12-01T10:45:04+00:00\",\"dateModified\":\"2024-03-13T15:12:17+00:00\",\"breadcrumb\":{\"@id\":\"https:\\\/\\\/happycolor.pl\\\/en\\\/product\\\/black-brown-szkicownik-na-spirali-kopia\\\/#breadcrumb\"},\"inLanguage\":\"en-US\",\"potentialAction\":[{\"@type\":\"ReadAction\",\"target\":[\"https:\\\/\\\/happycolor.pl\\\/en\\\/product\\\/black-brown-szkicownik-na-spirali-kopia\\\/\"]}]},{\"@type\":\"ImageObject\",\"inLanguage\":\"en-US\",\"@id\":\"https:\\\/\\\/happycolor.pl\\\/en\\\/product\\\/black-brown-szkicownik-na-spirali-kopia\\\/#primaryimage\",\"url\":\"https:\\\/\\\/happycolor.pl\\\/app\\\/uploads\\\/2021\\\/12\\\/HA-3808-2030-PL70.jpg\",\"contentUrl\":\"https:\\\/\\\/happycolor.pl\\\/app\\\/uploads\\\/2021\\\/12\\\/HA-3808-2030-PL70.jpg\",\"width\":1200,\"height\":1200,\"caption\":\"Szkicownik na spirali PLENEROWY PAPIER 90 g\\\/m2 Naturalnie bia\u0142y, o lekko ziarnistej powierzchni Bardzo spoisty, wytrzyma\u0142y na wymazywanie i poprawki korekcyjne Bezkwasowy, 100% celulozy Zapewnia dobr\u0105 przyczepno\u015b\u0107 grafitu i pigment\u00f3w Gwarantuje dobre efekty i rysunki z charakterem Posiada certyfikat PEFC, SGS oraz ISO 9706 PAPIER 80 g\\\/m2 Ekologiczny papier z recyklingu O delikatnie szorstkiej strukturze W kolorze ochry, co nadaje pracom ciep\u0142\u0105 kolorystyk\u0119 Idealny dla uczni\u00f3w oraz hobbyst\u00f3w do rysowania w plenerze PAPIER 80 g\\\/m2 Idealnie czarny papier barwiony w masie O lekko ziarnistej powierzchni Bezkwasowy, bezdrzewny Wysoka odporno\u015b\u0107 na blakni\u0119cie przez promienie UV Posiada certyfikat Blue Angel oraz FSC ZASTOSOWANIE kredka pastela\u00a0pisaki\u00a0kredao\u0142\u00f3wekw\u0119gielsangwina\"},{\"@type\":\"BreadcrumbList\",\"@id\":\"https:\\\/\\\/happycolor.pl\\\/en\\\/product\\\/black-brown-szkicownik-na-spirali-kopia\\\/#breadcrumb\",\"itemListElement\":[{\"@type\":\"ListItem\",\"position\":1,\"name\":\"Sklep\",\"item\":\"https:\\\/\\\/happycolor.pl\\\/sklep\\\/\"},{\"@type\":\"ListItem\",\"position\":2,\"name\":\"Spiral sketch pad EN PLEIN-AIR\"}]},{\"@type\":\"WebSite\",\"@id\":\"https:\\\/\\\/happycolor.pl\\\/#website\",\"url\":\"https:\\\/\\\/happycolor.pl\\\/\",\"name\":\"Happy Color\",\"description\":\"Poznaj nasz kolorowy \u015bwiat\",\"potentialAction\":[{\"@type\":\"SearchAction\",\"target\":{\"@type\":\"EntryPoint\",\"urlTemplate\":\"https:\\\/\\\/happycolor.pl\\\/?s={search_term_string}\"},\"query-input\":{\"@type\":\"PropertyValueSpecification\",\"valueRequired\":true,\"valueName\":\"search_term_string\"}}],\"inLanguage\":\"en-US\"}]}<\/script>\n<!-- \/ Yoast SEO plugin. -->","yoast_head_json":{"title":"Spiral sketch pad EN PLEIN-AIR - Happy Color","robots":{"index":"index","follow":"follow","max-snippet":"max-snippet:-1","max-image-preview":"max-image-preview:large","max-video-preview":"max-video-preview:-1"},"canonical":"https:\/\/happycolor.pl\/en\/product\/black-brown-szkicownik-na-spirali-kopia\/","og_locale":"en_US","og_type":"article","og_title":"Spiral sketch pad EN PLEIN-AIR - Happy Color","og_description":"OUTDOOR spiral sketch pad on hard cardboard base with tree types of paper - white, black and brown  PAPER 90gsm - white   Naturally white, with light grain surface  Very cohesive, resistant to erasure and corrections  Acid-free, 100% cellulose  Ensures good adhesion of graphite and pigments  It guarantees good results and drawings with character  It is PEFC, SGS and ISO 9706 certified  PAPER 80gsm - brown   Ecological recycled paper  With a slightly rough structure  In ocher colour, which gives the works a warm colour  Perfect for students and hobbyists to draw outdoors  PAPER 80gsm - black   Perfectly black pulp-dyed paper  With a light grain surface  Acid-free, wood-free  Highly resistant to fading by UV rays  It is Blue Angel and\u00a0FSC certified  APPLICATION crayonpastelmarkerchalkpencilcharcoalsanguine","og_url":"https:\/\/happycolor.pl\/en\/product\/black-brown-szkicownik-na-spirali-kopia\/","og_site_name":"Happy Color","article_modified_time":"2024-03-13T15:12:17+00:00","twitter_card":"summary_large_image","twitter_misc":{"Est. reading time":"1 minute"},"schema":{"@context":"https:\/\/schema.org","@graph":[{"@type":"WebPage","@id":"https:\/\/happycolor.pl\/en\/product\/black-brown-szkicownik-na-spirali-kopia\/","url":"https:\/\/happycolor.pl\/en\/product\/black-brown-szkicownik-na-spirali-kopia\/","name":"Spiral sketch pad EN PLEIN-AIR - Happy Color","isPartOf":{"@id":"https:\/\/happycolor.pl\/#website"},"primaryImageOfPage":{"@id":"https:\/\/happycolor.pl\/en\/product\/black-brown-szkicownik-na-spirali-kopia\/#primaryimage"},"image":{"@id":"https:\/\/happycolor.pl\/en\/product\/black-brown-szkicownik-na-spirali-kopia\/#primaryimage"},"thumbnailUrl":"https:\/\/happycolor.pl\/app\/uploads\/2021\/12\/HA-3808-2030-PL70.jpg","datePublished":"2021-12-01T10:45:04+00:00","dateModified":"2024-03-13T15:12:17+00:00","breadcrumb":{"@id":"https:\/\/happycolor.pl\/en\/product\/black-brown-szkicownik-na-spirali-kopia\/#breadcrumb"},"inLanguage":"en-US","potentialAction":[{"@type":"ReadAction","target":["https:\/\/happycolor.pl\/en\/product\/black-brown-szkicownik-na-spirali-kopia\/"]}]},{"@type":"ImageObject","inLanguage":"en-US","@id":"https:\/\/happycolor.pl\/en\/product\/black-brown-szkicownik-na-spirali-kopia\/#primaryimage","url":"https:\/\/happycolor.pl\/app\/uploads\/2021\/12\/HA-3808-2030-PL70.jpg","contentUrl":"https:\/\/happycolor.pl\/app\/uploads\/2021\/12\/HA-3808-2030-PL70.jpg","width":1200,"height":1200,"caption":"Szkicownik na spirali PLENEROWY PAPIER 90 g\/m2 Naturalnie bia\u0142y, o lekko ziarnistej powierzchni Bardzo spoisty, wytrzyma\u0142y na wymazywanie i poprawki korekcyjne Bezkwasowy, 100% celulozy Zapewnia dobr\u0105 przyczepno\u015b\u0107 grafitu i pigment\u00f3w Gwarantuje dobre efekty i rysunki z charakterem Posiada certyfikat PEFC, SGS oraz ISO 9706 PAPIER 80 g\/m2 Ekologiczny papier z recyklingu O delikatnie szorstkiej strukturze W kolorze ochry, co nadaje pracom ciep\u0142\u0105 kolorystyk\u0119 Idealny dla uczni\u00f3w oraz hobbyst\u00f3w do rysowania w plenerze PAPIER 80 g\/m2 Idealnie czarny papier barwiony w masie O lekko ziarnistej powierzchni Bezkwasowy, bezdrzewny Wysoka odporno\u015b\u0107 na blakni\u0119cie przez promienie UV Posiada certyfikat Blue Angel oraz FSC ZASTOSOWANIE kredka pastela\u00a0pisaki\u00a0kredao\u0142\u00f3wekw\u0119gielsangwina"},{"@type":"BreadcrumbList","@id":"https:\/\/happycolor.pl\/en\/product\/black-brown-szkicownik-na-spirali-kopia\/#breadcrumb","itemListElement":[{"@type":"ListItem","position":1,"name":"Sklep","item":"https:\/\/happycolor.pl\/sklep\/"},{"@type":"ListItem","position":2,"name":"Spiral sketch pad EN PLEIN-AIR"}]},{"@type":"WebSite","@id":"https:\/\/happycolor.pl\/#website","url":"https:\/\/happycolor.pl\/","name":"Happy Color","description":"Poznaj nasz kolorowy \u015bwiat","potentialAction":[{"@type":"SearchAction","target":{"@type":"EntryPoint","urlTemplate":"https:\/\/happycolor.pl\/?s={search_term_string}"},"query-input":{"@type":"PropertyValueSpecification","valueRequired":true,"valueName":"search_term_string"}}],"inLanguage":"en-US"}]}},"_links":{"self":[{"href":"https:\/\/happycolor.pl\/en\/wp-json\/wp\/v2\/product\/26993","targetHints":{"allow":["GET"]}}],"collection":[{"href":"https:\/\/happycolor.pl\/en\/wp-json\/wp\/v2\/product"}],"about":[{"href":"https:\/\/happycolor.pl\/en\/wp-json\/wp\/v2\/types\/product"}],"wp:featuredmedia":[{"embeddable":true,"href":"https:\/\/happycolor.pl\/en\/wp-json\/wp\/v2\/media\/29763"}],"wp:attachment":[{"href":"https:\/\/happycolor.pl\/en\/wp-json\/wp\/v2\/media?parent=26993"}],"wp:term":[{"taxonomy":"product_brand","embeddable":true,"href":"https:\/\/happycolor.pl\/en\/wp-json\/wp\/v2\/product_brand?post=26993"},{"taxonomy":"product_cat","embeddable":true,"href":"https:\/\/happycolor.pl\/en\/wp-json\/wp\/v2\/product_cat?post=26993"},{"taxonomy":"product_tag","embeddable":true,"href":"https:\/\/happycolor.pl\/en\/wp-json\/wp\/v2\/product_tag?post=26993"}],"curies":[{"name":"wp","href":"https:\/\/api.w.org\/{rel}","templated":true}]}}