{"id":26988,"date":"2021-12-01T12:31:16","date_gmt":"2021-12-01T11:31:16","guid":{"rendered":"https:\/\/www.happycolor.pl\/produkt\/drawing\/"},"modified":"2024-03-13T12:35:58","modified_gmt":"2024-03-13T11:35:58","slug":"drawing","status":"publish","type":"product","link":"https:\/\/happycolor.pl\/en\/product\/drawing\/","title":{"rendered":"Drawing"},"content":{"rendered":"<table style=\"border-collapse: collapse; width: 100%;\">\n<tbody>\n<tr class=\"cmsmasters_table_row_header\">\n<th class=\"cmsmasters_table_cell_aligncenter\" style=\"width: 38.66%; text-align: center;\">FORMAT<\/th>\n<th class=\"cmsmasters_table_cell_aligncenter\" style=\"width: 26.005%; text-align: center;\">SHEET<\/th>\n<th class=\"cmsmasters_table_cell_aligncenter\" style=\"width: 35.2854%; text-align: center;\">WEIGHT<\/th>\n<\/tr>\n<tr>\n<td class=\"cmsmasters_table_cell_aligncenter\" style=\"width: 38.66%; text-align: center;\">A5 \u2013 14,8 x 21 cm<\/td>\n<td class=\"cmsmasters_table_cell_aligncenter\" style=\"width: 26.005%; text-align: center;\">15<\/td>\n<td class=\"cmsmasters_table_cell_aligncenter\" style=\"width: 35.2854%; text-align: center;\">300gsm<\/td>\n<\/tr>\n<tr>\n<td class=\"cmsmasters_table_cell_aligncenter\" style=\"width: 38.66%; text-align: center;\">A4 \u2013 21 x 29,7 cm<\/td>\n<td class=\"cmsmasters_table_cell_aligncenter\" style=\"width: 26.005%; text-align: center;\">15<\/td>\n<td class=\"cmsmasters_table_cell_aligncenter\" style=\"width: 35.2854%; text-align: center;\">300gsm<\/td>\n<\/tr>\n<tr>\n<td class=\"cmsmasters_table_cell_aligncenter\" style=\"width: 38.66%; text-align: center;\">A3 \u2013 29,7 x 42 cm<\/td>\n<td class=\"cmsmasters_table_cell_aligncenter\" style=\"width: 26.005%; text-align: center;\">15<\/td>\n<td class=\"cmsmasters_table_cell_aligncenter\" style=\"width: 35.2854%; text-align: center;\">300gsm<\/td>\n<\/tr>\n<\/tbody>\n<\/table>\n<p>&nbsp;<\/p>\n","protected":false},"excerpt":{"rendered":"<p>Drawing paper pad perfect for drawing with crayons, pencils, ink, graphite and painting with tempera and acrylic paints<\/p>\n<p>PAPER PAD<\/p>\n<ul>\n<li>Snow-white paper with satin finish<\/li>\n<li>Enables to draw smooth continous tones due to smooth surface<\/li>\n<li>Perfectly deep white colour provides good contrasts in fantasy, comic book and manga drawings<\/li>\n<li>Acid-free, wood-free, 100% cellulose<\/li>\n<li>Durable, long-lasting and resistant to aging (ISO 9706)<\/li>\n<li>Certificates: FSC, PEFC, ISO 14001, EMAS<\/li>\n<\/ul>\n<p>APPLICATION<\/p>\n<p><img decoding=\"async\" class=\"emoji\" role=\"img\" draggable=\"false\" src=\"https:\/\/s.w.org\/images\/core\/emoji\/14.0.0\/svg\/25aa.svg\" alt=\"\u25aa\" \/>pens<img decoding=\"async\" class=\"emoji\" role=\"img\" draggable=\"false\" src=\"https:\/\/s.w.org\/images\/core\/emoji\/14.0.0\/svg\/25aa.svg\" alt=\"\u25aa\" \/>acrylics<img decoding=\"async\" class=\"emoji\" role=\"img\" draggable=\"false\" src=\"https:\/\/s.w.org\/images\/core\/emoji\/14.0.0\/svg\/25aa.svg\" alt=\"\u25aa\" \/>tempera<img decoding=\"async\" class=\"emoji\" role=\"img\" draggable=\"false\" src=\"https:\/\/s.w.org\/images\/core\/emoji\/14.0.0\/svg\/25aa.svg\" alt=\"\u25aa \" \/>charcoal<img decoding=\"async\" class=\"emoji\" role=\"img\" draggable=\"false\" src=\"https:\/\/s.w.org\/images\/core\/emoji\/14.0.0\/svg\/25aa.svg\" alt=\" \u25aa\" \/>pencil<img decoding=\"async\" class=\"emoji\" role=\"img\" draggable=\"false\" src=\"https:\/\/s.w.org\/images\/core\/emoji\/14.0.0\/svg\/25aa.svg\" alt=\"\u25aa\" \/>pastels<img decoding=\"async\" class=\"emoji\" role=\"img\" draggable=\"false\" src=\"https:\/\/s.w.org\/images\/core\/emoji\/14.0.0\/svg\/25aa.svg\" alt=\"\u25aa\" \/>crayons<\/p>\n","protected":false},"featured_media":29247,"template":"","meta":[],"product_brand":[],"product_cat":[221],"product_tag":[],"class_list":{"0":"post-26988","1":"product","2":"type-product","3":"status-publish","4":"has-post-thumbnail","6":"product_cat-artistic-paper-pads","8":"first","9":"instock","10":"shipping-taxable","11":"product-type-simple"},"yoast_head":"<!-- This site is optimized with the Yoast SEO plugin v27.3 - https:\/\/yoast.com\/product\/yoast-seo-wordpress\/ -->\n<title>Drawing - Happy Color<\/title>\n<meta name=\"robots\" content=\"index, follow, max-snippet:-1, max-image-preview:large, max-video-preview:-1\" \/>\n<link rel=\"canonical\" href=\"https:\/\/happycolor.pl\/en\/product\/drawing\/\" \/>\n<meta property=\"og:locale\" content=\"en_US\" \/>\n<meta property=\"og:type\" content=\"article\" \/>\n<meta property=\"og:title\" content=\"Drawing - Happy Color\" \/>\n<meta property=\"og:description\" content=\"Drawing paper pad perfect for drawing with crayons, pencils, ink, graphite and painting with tempera and acrylic paints  PAPER PAD   Snow-white paper with satin finish  Enables to draw smooth continous tones due to smooth surface  Perfectly deep white colour provides good contrasts in fantasy, comic book and manga drawings  Acid-free, wood-free, 100% cellulose  Durable, long-lasting and resistant to aging (ISO 9706)  Certificates: FSC, PEFC, ISO 14001, EMAS  APPLICATION  pensacrylicstemperacharcoalpencilpastelscrayons\" \/>\n<meta property=\"og:url\" content=\"https:\/\/happycolor.pl\/en\/product\/drawing\/\" \/>\n<meta property=\"og:site_name\" content=\"Happy Color\" \/>\n<meta property=\"article:modified_time\" content=\"2024-03-13T11:35:58+00:00\" \/>\n<meta name=\"twitter:card\" content=\"summary_large_image\" \/>\n<meta name=\"twitter:label1\" content=\"Est. reading time\" \/>\n\t<meta name=\"twitter:data1\" content=\"1 minute\" \/>\n<script type=\"application\/ld+json\" class=\"yoast-schema-graph\">{\"@context\":\"https:\\\/\\\/schema.org\",\"@graph\":[{\"@type\":\"WebPage\",\"@id\":\"https:\\\/\\\/happycolor.pl\\\/en\\\/product\\\/drawing\\\/\",\"url\":\"https:\\\/\\\/happycolor.pl\\\/en\\\/product\\\/drawing\\\/\",\"name\":\"Drawing - Happy Color\",\"isPartOf\":{\"@id\":\"https:\\\/\\\/happycolor.pl\\\/#website\"},\"primaryImageOfPage\":{\"@id\":\"https:\\\/\\\/happycolor.pl\\\/en\\\/product\\\/drawing\\\/#primaryimage\"},\"image\":{\"@id\":\"https:\\\/\\\/happycolor.pl\\\/en\\\/product\\\/drawing\\\/#primaryimage\"},\"thumbnailUrl\":\"https:\\\/\\\/happycolor.pl\\\/app\\\/uploads\\\/2021\\\/12\\\/bloki-art-1.jpg\",\"datePublished\":\"2021-12-01T11:31:16+00:00\",\"dateModified\":\"2024-03-13T11:35:58+00:00\",\"breadcrumb\":{\"@id\":\"https:\\\/\\\/happycolor.pl\\\/en\\\/product\\\/drawing\\\/#breadcrumb\"},\"inLanguage\":\"en-US\",\"potentialAction\":[{\"@type\":\"ReadAction\",\"target\":[\"https:\\\/\\\/happycolor.pl\\\/en\\\/product\\\/drawing\\\/\"]}]},{\"@type\":\"ImageObject\",\"inLanguage\":\"en-US\",\"@id\":\"https:\\\/\\\/happycolor.pl\\\/en\\\/product\\\/drawing\\\/#primaryimage\",\"url\":\"https:\\\/\\\/happycolor.pl\\\/app\\\/uploads\\\/2021\\\/12\\\/bloki-art-1.jpg\",\"contentUrl\":\"https:\\\/\\\/happycolor.pl\\\/app\\\/uploads\\\/2021\\\/12\\\/bloki-art-1.jpg\",\"width\":1200,\"height\":1200,\"caption\":\"Wysokiej jako\u015bci uniwersalny blok przeznaczony do wielu technik malarskich PAPIER \u015anie\u017cnobia\u0142y papier o jedwabi\u015bcie g\u0142adkiej powierzchni Pozwala na uzyskiwanie mi\u0119kkich przej\u015b\u0107 tonalnych Idealna biel papieru zapewnia mocne kontrasty w rysunkach fantasy, komiksowych i manga Bezkwasowy, bezdrzewny, 100% celulozy Trwa\u0142y, d\u0142ugowieczny i odporny na starzenie (ISO 9706) Certifikaty: FSC, PEFC, ISO 14001, EMAS ZASTOSOWANIE pisaki akryletemperaw\u0119gielo\u0142\u00f3wekpastelekredki\"},{\"@type\":\"BreadcrumbList\",\"@id\":\"https:\\\/\\\/happycolor.pl\\\/en\\\/product\\\/drawing\\\/#breadcrumb\",\"itemListElement\":[{\"@type\":\"ListItem\",\"position\":1,\"name\":\"Sklep\",\"item\":\"https:\\\/\\\/happycolor.pl\\\/sklep\\\/\"},{\"@type\":\"ListItem\",\"position\":2,\"name\":\"Drawing\"}]},{\"@type\":\"WebSite\",\"@id\":\"https:\\\/\\\/happycolor.pl\\\/#website\",\"url\":\"https:\\\/\\\/happycolor.pl\\\/\",\"name\":\"Happy Color\",\"description\":\"Poznaj nasz kolorowy \u015bwiat\",\"potentialAction\":[{\"@type\":\"SearchAction\",\"target\":{\"@type\":\"EntryPoint\",\"urlTemplate\":\"https:\\\/\\\/happycolor.pl\\\/?s={search_term_string}\"},\"query-input\":{\"@type\":\"PropertyValueSpecification\",\"valueRequired\":true,\"valueName\":\"search_term_string\"}}],\"inLanguage\":\"en-US\"}]}<\/script>\n<!-- \/ Yoast SEO plugin. -->","yoast_head_json":{"title":"Drawing - Happy Color","robots":{"index":"index","follow":"follow","max-snippet":"max-snippet:-1","max-image-preview":"max-image-preview:large","max-video-preview":"max-video-preview:-1"},"canonical":"https:\/\/happycolor.pl\/en\/product\/drawing\/","og_locale":"en_US","og_type":"article","og_title":"Drawing - Happy Color","og_description":"Drawing paper pad perfect for drawing with crayons, pencils, ink, graphite and painting with tempera and acrylic paints  PAPER PAD   Snow-white paper with satin finish  Enables to draw smooth continous tones due to smooth surface  Perfectly deep white colour provides good contrasts in fantasy, comic book and manga drawings  Acid-free, wood-free, 100% cellulose  Durable, long-lasting and resistant to aging (ISO 9706)  Certificates: FSC, PEFC, ISO 14001, EMAS  APPLICATION  pensacrylicstemperacharcoalpencilpastelscrayons","og_url":"https:\/\/happycolor.pl\/en\/product\/drawing\/","og_site_name":"Happy Color","article_modified_time":"2024-03-13T11:35:58+00:00","twitter_card":"summary_large_image","twitter_misc":{"Est. reading time":"1 minute"},"schema":{"@context":"https:\/\/schema.org","@graph":[{"@type":"WebPage","@id":"https:\/\/happycolor.pl\/en\/product\/drawing\/","url":"https:\/\/happycolor.pl\/en\/product\/drawing\/","name":"Drawing - Happy Color","isPartOf":{"@id":"https:\/\/happycolor.pl\/#website"},"primaryImageOfPage":{"@id":"https:\/\/happycolor.pl\/en\/product\/drawing\/#primaryimage"},"image":{"@id":"https:\/\/happycolor.pl\/en\/product\/drawing\/#primaryimage"},"thumbnailUrl":"https:\/\/happycolor.pl\/app\/uploads\/2021\/12\/bloki-art-1.jpg","datePublished":"2021-12-01T11:31:16+00:00","dateModified":"2024-03-13T11:35:58+00:00","breadcrumb":{"@id":"https:\/\/happycolor.pl\/en\/product\/drawing\/#breadcrumb"},"inLanguage":"en-US","potentialAction":[{"@type":"ReadAction","target":["https:\/\/happycolor.pl\/en\/product\/drawing\/"]}]},{"@type":"ImageObject","inLanguage":"en-US","@id":"https:\/\/happycolor.pl\/en\/product\/drawing\/#primaryimage","url":"https:\/\/happycolor.pl\/app\/uploads\/2021\/12\/bloki-art-1.jpg","contentUrl":"https:\/\/happycolor.pl\/app\/uploads\/2021\/12\/bloki-art-1.jpg","width":1200,"height":1200,"caption":"Wysokiej jako\u015bci uniwersalny blok przeznaczony do wielu technik malarskich PAPIER \u015anie\u017cnobia\u0142y papier o jedwabi\u015bcie g\u0142adkiej powierzchni Pozwala na uzyskiwanie mi\u0119kkich przej\u015b\u0107 tonalnych Idealna biel papieru zapewnia mocne kontrasty w rysunkach fantasy, komiksowych i manga Bezkwasowy, bezdrzewny, 100% celulozy Trwa\u0142y, d\u0142ugowieczny i odporny na starzenie (ISO 9706) Certifikaty: FSC, PEFC, ISO 14001, EMAS ZASTOSOWANIE pisaki akryletemperaw\u0119gielo\u0142\u00f3wekpastelekredki"},{"@type":"BreadcrumbList","@id":"https:\/\/happycolor.pl\/en\/product\/drawing\/#breadcrumb","itemListElement":[{"@type":"ListItem","position":1,"name":"Sklep","item":"https:\/\/happycolor.pl\/sklep\/"},{"@type":"ListItem","position":2,"name":"Drawing"}]},{"@type":"WebSite","@id":"https:\/\/happycolor.pl\/#website","url":"https:\/\/happycolor.pl\/","name":"Happy Color","description":"Poznaj nasz kolorowy \u015bwiat","potentialAction":[{"@type":"SearchAction","target":{"@type":"EntryPoint","urlTemplate":"https:\/\/happycolor.pl\/?s={search_term_string}"},"query-input":{"@type":"PropertyValueSpecification","valueRequired":true,"valueName":"search_term_string"}}],"inLanguage":"en-US"}]}},"_links":{"self":[{"href":"https:\/\/happycolor.pl\/en\/wp-json\/wp\/v2\/product\/26988","targetHints":{"allow":["GET"]}}],"collection":[{"href":"https:\/\/happycolor.pl\/en\/wp-json\/wp\/v2\/product"}],"about":[{"href":"https:\/\/happycolor.pl\/en\/wp-json\/wp\/v2\/types\/product"}],"wp:featuredmedia":[{"embeddable":true,"href":"https:\/\/happycolor.pl\/en\/wp-json\/wp\/v2\/media\/29247"}],"wp:attachment":[{"href":"https:\/\/happycolor.pl\/en\/wp-json\/wp\/v2\/media?parent=26988"}],"wp:term":[{"taxonomy":"product_brand","embeddable":true,"href":"https:\/\/happycolor.pl\/en\/wp-json\/wp\/v2\/product_brand?post=26988"},{"taxonomy":"product_cat","embeddable":true,"href":"https:\/\/happycolor.pl\/en\/wp-json\/wp\/v2\/product_cat?post=26988"},{"taxonomy":"product_tag","embeddable":true,"href":"https:\/\/happycolor.pl\/en\/wp-json\/wp\/v2\/product_tag?post=26988"}],"curies":[{"name":"wp","href":"https:\/\/api.w.org\/{rel}","templated":true}]}}