{"id":26985,"date":"2024-01-12T12:05:19","date_gmt":"2024-01-12T11:05:19","guid":{"rendered":"https:\/\/www.happycolor.pl\/produkt\/pastel-twist\/"},"modified":"2024-04-09T15:22:13","modified_gmt":"2024-04-09T13:22:13","slug":"pastel-twist","status":"publish","type":"product","link":"https:\/\/happycolor.pl\/en\/product\/pastel-twist\/","title":{"rendered":"Pastel Twist"},"content":{"rendered":"","protected":false},"excerpt":{"rendered":"<p>Erasable gel pen<\/p>\n<p>PEN<\/p>\n<ul>\n<li>Erasable gel pen in a colourful barrel<\/li>\n<li>Written text can be easily erased due the unique ink formula<\/li>\n<li>Eraser placed at the end of a barrel<\/li>\n<li>Soft surface for relaxed and easy writing<\/li>\n<li>Line width 0.5 mm<\/li>\n<li>Crystal blue ink<\/li>\n<li>Refillable &#8211; Standard A refills<\/li>\n<\/ul>\n<p>APPLICATION<\/p>\n<p><img decoding=\"async\" class=\"emoji\" role=\"img\" draggable=\"false\" src=\"https:\/\/s.w.org\/images\/core\/emoji\/14.0.0\/svg\/25aa.svg\" alt=\"\u25aa\" \/>writing<img decoding=\"async\" class=\"emoji\" role=\"img\" draggable=\"false\" src=\"https:\/\/s.w.org\/images\/core\/emoji\/14.0.0\/svg\/25aa.svg\" alt=\"\u25aa\" \/>learning to write <img decoding=\"async\" class=\"emoji\" role=\"img\" draggable=\"false\" src=\"https:\/\/s.w.org\/images\/core\/emoji\/14.0.0\/svg\/25aa.svg\" alt=\"\u25aa\" \/>drawing<img decoding=\"async\" class=\"emoji\" role=\"img\" draggable=\"false\" src=\"https:\/\/s.w.org\/images\/core\/emoji\/14.0.0\/svg\/25aa.svg\" alt=\"\u25aa\" \/>crossword<img decoding=\"async\" class=\"emoji\" role=\"img\" draggable=\"false\" src=\"https:\/\/s.w.org\/images\/core\/emoji\/14.0.0\/svg\/25aa.svg\" alt=\"\u25aa\" \/>sudoku<\/p>\n<p>&nbsp;<\/p>\n","protected":false},"featured_media":28232,"template":"","meta":[],"product_brand":[],"product_cat":[224],"product_tag":[],"class_list":{"0":"post-26985","1":"product","2":"type-product","3":"status-publish","4":"has-post-thumbnail","6":"product_cat-erasable-gel-pens","8":"first","9":"instock","10":"shipping-taxable","11":"product-type-simple"},"yoast_head":"<!-- This site is optimized with the Yoast SEO plugin v27.3 - https:\/\/yoast.com\/product\/yoast-seo-wordpress\/ -->\n<title>Pastel Twist - Happy Color<\/title>\n<meta name=\"robots\" content=\"index, follow, max-snippet:-1, max-image-preview:large, max-video-preview:-1\" \/>\n<link rel=\"canonical\" href=\"https:\/\/happycolor.pl\/en\/product\/pastel-twist\/\" \/>\n<meta property=\"og:locale\" content=\"en_US\" \/>\n<meta property=\"og:type\" content=\"article\" \/>\n<meta property=\"og:title\" content=\"Pastel Twist - Happy Color\" \/>\n<meta property=\"og:description\" content=\"Erasable gel pen  PEN   Erasable gel pen in a colourful barrel  Written text can be easily erased due the unique ink formula  Eraser placed at the end of a barrel  Soft surface for relaxed and easy writing  Line width 0.5 mm  Crystal blue ink  Refillable - Standard A refills  APPLICATION  writinglearning to write drawingcrosswordsudoku  &nbsp;\" \/>\n<meta property=\"og:url\" content=\"https:\/\/happycolor.pl\/en\/product\/pastel-twist\/\" \/>\n<meta property=\"og:site_name\" content=\"Happy Color\" \/>\n<meta property=\"article:modified_time\" content=\"2024-04-09T13:22:13+00:00\" \/>\n<meta property=\"og:image\" content=\"https:\/\/happycolor.pl\/app\/uploads\/2024\/01\/HA-4120-02PT-3.jpg\" \/>\n\t<meta property=\"og:image:width\" content=\"1200\" \/>\n\t<meta property=\"og:image:height\" content=\"1200\" \/>\n\t<meta property=\"og:image:type\" content=\"image\/jpeg\" \/>\n<meta name=\"twitter:card\" content=\"summary_large_image\" \/>\n<meta name=\"twitter:label1\" content=\"Est. reading time\" \/>\n\t<meta name=\"twitter:data1\" content=\"1 minute\" \/>\n<script type=\"application\/ld+json\" class=\"yoast-schema-graph\">{\"@context\":\"https:\\\/\\\/schema.org\",\"@graph\":[{\"@type\":\"WebPage\",\"@id\":\"https:\\\/\\\/happycolor.pl\\\/en\\\/product\\\/pastel-twist\\\/\",\"url\":\"https:\\\/\\\/happycolor.pl\\\/en\\\/product\\\/pastel-twist\\\/\",\"name\":\"Pastel Twist - Happy Color\",\"isPartOf\":{\"@id\":\"https:\\\/\\\/happycolor.pl\\\/#website\"},\"primaryImageOfPage\":{\"@id\":\"https:\\\/\\\/happycolor.pl\\\/en\\\/product\\\/pastel-twist\\\/#primaryimage\"},\"image\":{\"@id\":\"https:\\\/\\\/happycolor.pl\\\/en\\\/product\\\/pastel-twist\\\/#primaryimage\"},\"thumbnailUrl\":\"https:\\\/\\\/happycolor.pl\\\/app\\\/uploads\\\/2024\\\/01\\\/HA-4120-02PT-3.jpg\",\"datePublished\":\"2024-01-12T11:05:19+00:00\",\"dateModified\":\"2024-04-09T13:22:13+00:00\",\"breadcrumb\":{\"@id\":\"https:\\\/\\\/happycolor.pl\\\/en\\\/product\\\/pastel-twist\\\/#breadcrumb\"},\"inLanguage\":\"en-US\",\"potentialAction\":[{\"@type\":\"ReadAction\",\"target\":[\"https:\\\/\\\/happycolor.pl\\\/en\\\/product\\\/pastel-twist\\\/\"]}]},{\"@type\":\"ImageObject\",\"inLanguage\":\"en-US\",\"@id\":\"https:\\\/\\\/happycolor.pl\\\/en\\\/product\\\/pastel-twist\\\/#primaryimage\",\"url\":\"https:\\\/\\\/happycolor.pl\\\/app\\\/uploads\\\/2024\\\/01\\\/HA-4120-02PT-3.jpg\",\"contentUrl\":\"https:\\\/\\\/happycolor.pl\\\/app\\\/uploads\\\/2024\\\/01\\\/HA-4120-02PT-3.jpg\",\"width\":1200,\"height\":1200,\"caption\":\"Dzi\u0119ki unikalnej formule tuszu napisany tekst mo\u017cna \u0142atwo wymaza\u0107 Gumka do wycierania znajduje si\u0119 na ko\u0144cu obudowy Obudowa typu soft Grubo\u015b\u0107 linii pisania: 0.5 mm Wk\u0142ad w kolorze niebieskim (Crystal blue) Wymienne wk\u0142ady - standard A ZASTOSOWANIE pisanie nauka pisania rysowanie krzy\u017c\u00f3wka \u00a0 sudoku\"},{\"@type\":\"BreadcrumbList\",\"@id\":\"https:\\\/\\\/happycolor.pl\\\/en\\\/product\\\/pastel-twist\\\/#breadcrumb\",\"itemListElement\":[{\"@type\":\"ListItem\",\"position\":1,\"name\":\"Sklep\",\"item\":\"https:\\\/\\\/happycolor.pl\\\/sklep\\\/\"},{\"@type\":\"ListItem\",\"position\":2,\"name\":\"Pastel Twist\"}]},{\"@type\":\"WebSite\",\"@id\":\"https:\\\/\\\/happycolor.pl\\\/#website\",\"url\":\"https:\\\/\\\/happycolor.pl\\\/\",\"name\":\"Happy Color\",\"description\":\"Poznaj nasz kolorowy \u015bwiat\",\"potentialAction\":[{\"@type\":\"SearchAction\",\"target\":{\"@type\":\"EntryPoint\",\"urlTemplate\":\"https:\\\/\\\/happycolor.pl\\\/?s={search_term_string}\"},\"query-input\":{\"@type\":\"PropertyValueSpecification\",\"valueRequired\":true,\"valueName\":\"search_term_string\"}}],\"inLanguage\":\"en-US\"}]}<\/script>\n<!-- \/ Yoast SEO plugin. -->","yoast_head_json":{"title":"Pastel Twist - Happy Color","robots":{"index":"index","follow":"follow","max-snippet":"max-snippet:-1","max-image-preview":"max-image-preview:large","max-video-preview":"max-video-preview:-1"},"canonical":"https:\/\/happycolor.pl\/en\/product\/pastel-twist\/","og_locale":"en_US","og_type":"article","og_title":"Pastel Twist - Happy Color","og_description":"Erasable gel pen  PEN   Erasable gel pen in a colourful barrel  Written text can be easily erased due the unique ink formula  Eraser placed at the end of a barrel  Soft surface for relaxed and easy writing  Line width 0.5 mm  Crystal blue ink  Refillable - Standard A refills  APPLICATION  writinglearning to write drawingcrosswordsudoku  &nbsp;","og_url":"https:\/\/happycolor.pl\/en\/product\/pastel-twist\/","og_site_name":"Happy Color","article_modified_time":"2024-04-09T13:22:13+00:00","og_image":[{"width":1200,"height":1200,"url":"https:\/\/happycolor.pl\/app\/uploads\/2024\/01\/HA-4120-02PT-3.jpg","type":"image\/jpeg"}],"twitter_card":"summary_large_image","twitter_misc":{"Est. reading time":"1 minute"},"schema":{"@context":"https:\/\/schema.org","@graph":[{"@type":"WebPage","@id":"https:\/\/happycolor.pl\/en\/product\/pastel-twist\/","url":"https:\/\/happycolor.pl\/en\/product\/pastel-twist\/","name":"Pastel Twist - Happy Color","isPartOf":{"@id":"https:\/\/happycolor.pl\/#website"},"primaryImageOfPage":{"@id":"https:\/\/happycolor.pl\/en\/product\/pastel-twist\/#primaryimage"},"image":{"@id":"https:\/\/happycolor.pl\/en\/product\/pastel-twist\/#primaryimage"},"thumbnailUrl":"https:\/\/happycolor.pl\/app\/uploads\/2024\/01\/HA-4120-02PT-3.jpg","datePublished":"2024-01-12T11:05:19+00:00","dateModified":"2024-04-09T13:22:13+00:00","breadcrumb":{"@id":"https:\/\/happycolor.pl\/en\/product\/pastel-twist\/#breadcrumb"},"inLanguage":"en-US","potentialAction":[{"@type":"ReadAction","target":["https:\/\/happycolor.pl\/en\/product\/pastel-twist\/"]}]},{"@type":"ImageObject","inLanguage":"en-US","@id":"https:\/\/happycolor.pl\/en\/product\/pastel-twist\/#primaryimage","url":"https:\/\/happycolor.pl\/app\/uploads\/2024\/01\/HA-4120-02PT-3.jpg","contentUrl":"https:\/\/happycolor.pl\/app\/uploads\/2024\/01\/HA-4120-02PT-3.jpg","width":1200,"height":1200,"caption":"Dzi\u0119ki unikalnej formule tuszu napisany tekst mo\u017cna \u0142atwo wymaza\u0107 Gumka do wycierania znajduje si\u0119 na ko\u0144cu obudowy Obudowa typu soft Grubo\u015b\u0107 linii pisania: 0.5 mm Wk\u0142ad w kolorze niebieskim (Crystal blue) Wymienne wk\u0142ady - standard A ZASTOSOWANIE pisanie nauka pisania rysowanie krzy\u017c\u00f3wka \u00a0 sudoku"},{"@type":"BreadcrumbList","@id":"https:\/\/happycolor.pl\/en\/product\/pastel-twist\/#breadcrumb","itemListElement":[{"@type":"ListItem","position":1,"name":"Sklep","item":"https:\/\/happycolor.pl\/sklep\/"},{"@type":"ListItem","position":2,"name":"Pastel Twist"}]},{"@type":"WebSite","@id":"https:\/\/happycolor.pl\/#website","url":"https:\/\/happycolor.pl\/","name":"Happy Color","description":"Poznaj nasz kolorowy \u015bwiat","potentialAction":[{"@type":"SearchAction","target":{"@type":"EntryPoint","urlTemplate":"https:\/\/happycolor.pl\/?s={search_term_string}"},"query-input":{"@type":"PropertyValueSpecification","valueRequired":true,"valueName":"search_term_string"}}],"inLanguage":"en-US"}]}},"_links":{"self":[{"href":"https:\/\/happycolor.pl\/en\/wp-json\/wp\/v2\/product\/26985","targetHints":{"allow":["GET"]}}],"collection":[{"href":"https:\/\/happycolor.pl\/en\/wp-json\/wp\/v2\/product"}],"about":[{"href":"https:\/\/happycolor.pl\/en\/wp-json\/wp\/v2\/types\/product"}],"wp:featuredmedia":[{"embeddable":true,"href":"https:\/\/happycolor.pl\/en\/wp-json\/wp\/v2\/media\/28232"}],"wp:attachment":[{"href":"https:\/\/happycolor.pl\/en\/wp-json\/wp\/v2\/media?parent=26985"}],"wp:term":[{"taxonomy":"product_brand","embeddable":true,"href":"https:\/\/happycolor.pl\/en\/wp-json\/wp\/v2\/product_brand?post=26985"},{"taxonomy":"product_cat","embeddable":true,"href":"https:\/\/happycolor.pl\/en\/wp-json\/wp\/v2\/product_cat?post=26985"},{"taxonomy":"product_tag","embeddable":true,"href":"https:\/\/happycolor.pl\/en\/wp-json\/wp\/v2\/product_tag?post=26985"}],"curies":[{"name":"wp","href":"https:\/\/api.w.org\/{rel}","templated":true}]}}