{"id":26981,"date":"2021-12-01T12:51:03","date_gmt":"2021-12-01T11:51:03","guid":{"rendered":"https:\/\/www.happycolor.pl\/produkt\/mix-media\/"},"modified":"2024-03-13T11:28:47","modified_gmt":"2024-03-13T10:28:47","slug":"mix-media","status":"publish","type":"product","link":"https:\/\/happycolor.pl\/en\/product\/mix-media\/","title":{"rendered":"Mix Media"},"content":{"rendered":"<table style=\"border-collapse: collapse; width: 100%;\">\n<tbody>\n<tr class=\"cmsmasters_table_row_header\">\n<th class=\"cmsmasters_table_cell_aligncenter\" style=\"width: 38.66%; text-align: center;\">FORMAT<\/th>\n<th class=\"cmsmasters_table_cell_aligncenter\" style=\"width: 26.005%; text-align: center;\">SHEET<\/th>\n<th class=\"cmsmasters_table_cell_aligncenter\" style=\"width: 35.2854%; text-align: center;\">WEIGHT<\/th>\n<\/tr>\n<tr>\n<td class=\"cmsmasters_table_cell_aligncenter\" style=\"width: 38.66%; text-align: center;\">A5 \u2013 14,8 x 21 cm<\/td>\n<td class=\"cmsmasters_table_cell_aligncenter\" style=\"width: 26.005%; text-align: center;\">25<\/td>\n<td class=\"cmsmasters_table_cell_aligncenter\" style=\"width: 35.2854%; text-align: center;\">200gsm<\/td>\n<\/tr>\n<tr>\n<td class=\"cmsmasters_table_cell_aligncenter\" style=\"width: 38.66%; text-align: center;\">A4 \u2013 21 x 29,7 cm<\/td>\n<td class=\"cmsmasters_table_cell_aligncenter\" style=\"width: 26.005%; text-align: center;\">25<\/td>\n<td class=\"cmsmasters_table_cell_aligncenter\" style=\"width: 35.2854%; text-align: center;\">200gsm<\/td>\n<\/tr>\n<tr>\n<td class=\"cmsmasters_table_cell_aligncenter\" style=\"width: 38.66%; text-align: center;\">A3 \u2013 29,7 x 42 cm<\/td>\n<td class=\"cmsmasters_table_cell_aligncenter\" style=\"width: 26.005%; text-align: center;\">25<\/td>\n<td class=\"cmsmasters_table_cell_aligncenter\" style=\"width: 35.2854%; text-align: center;\">200gsm<\/td>\n<\/tr>\n<\/tbody>\n<\/table>\n<p>&nbsp;<\/p>\n","protected":false},"excerpt":{"rendered":"<p>A high-quality, universal paper pad designed for dry and wet art techniques<\/p>\n<p>PAPER PAD<\/p>\n<ul>\n<li>Snow-white, slightly smoothed<\/li>\n<li>Highly impermeable, highly absorbent &#8211; will not much buckle after using watercolours<\/li>\n<li>Resistant for multiple erasing and smudging<\/li>\n<li>Acid-free, wood-free, 100% cellulose<\/li>\n<li>Long-lasting and resistant without optical brightness additives<\/li>\n<li>Certificates: PEFC, SO 9706, ISO 9001, SO 14001<\/li>\n<\/ul>\n<p>APPLICATION<br \/>\n<img decoding=\"async\" class=\"emoji\" role=\"img\" draggable=\"false\" src=\"https:\/\/s.w.org\/images\/core\/emoji\/14.0.0\/svg\/25aa.svg\" alt=\"\u25aa\" \/> watercolour<img decoding=\"async\" class=\"emoji\" role=\"img\" draggable=\"false\" src=\"https:\/\/s.w.org\/images\/core\/emoji\/14.0.0\/svg\/25aa.svg\" alt=\"\u25aa\" \/>pens<img decoding=\"async\" class=\"emoji\" role=\"img\" draggable=\"false\" src=\"https:\/\/s.w.org\/images\/core\/emoji\/14.0.0\/svg\/25aa.svg\" alt=\"\u25aa\" \/>acrylics<img decoding=\"async\" class=\"emoji\" role=\"img\" draggable=\"false\" src=\"https:\/\/s.w.org\/images\/core\/emoji\/14.0.0\/svg\/25aa.svg\" alt=\"\u25aa \" \/>tempera<img decoding=\"async\" class=\"emoji\" role=\"img\" draggable=\"false\" src=\"https:\/\/s.w.org\/images\/core\/emoji\/14.0.0\/svg\/25aa.svg\" alt=\" \u25aa\" \/>pastel<img decoding=\"async\" class=\"emoji\" role=\"img\" draggable=\"false\" src=\"https:\/\/s.w.org\/images\/core\/emoji\/14.0.0\/svg\/25aa.svg\" alt=\"\u25aa\" \/>ink<img decoding=\"async\" class=\"emoji\" role=\"img\" draggable=\"false\" src=\"https:\/\/s.w.org\/images\/core\/emoji\/14.0.0\/svg\/25aa.svg\" alt=\"\u25aa\" \/>charcoal<img decoding=\"async\" class=\"emoji\" role=\"img\" draggable=\"false\" src=\"https:\/\/s.w.org\/images\/core\/emoji\/14.0.0\/svg\/25aa.svg\" alt=\"\u25aa\" \/>pencil<\/p>\n<p><img decoding=\"async\" class=\"emoji\" role=\"img\" draggable=\"false\" src=\"https:\/\/s.w.org\/images\/core\/emoji\/14.0.0\/svg\/25aa.svg \" alt=\"\u25aa\" \/>pastels<img decoding=\"async\" class=\"emoji\" role=\"img\" draggable=\"false\" src=\"https:\/\/s.w.org\/images\/core\/emoji\/14.0.0\/svg\/25aa.svg \" alt=\"\u25aa\" \/>crayons<img decoding=\"async\" class=\"emoji\" role=\"img\" draggable=\"false\" src=\"https:\/\/s.w.org\/images\/core\/emoji\/14.0.0\/svg\/25aa.svg \" alt=\"\u25aa\" \/>sanguine<\/p>\n<p>&nbsp;<\/p>\n","protected":false},"featured_media":29769,"template":"","meta":[],"product_brand":[],"product_cat":[221],"product_tag":[],"class_list":{"0":"post-26981","1":"product","2":"type-product","3":"status-publish","4":"has-post-thumbnail","6":"product_cat-artistic-paper-pads","8":"first","9":"instock","10":"shipping-taxable","11":"product-type-simple"},"yoast_head":"<!-- This site is optimized with the Yoast SEO plugin v27.3 - https:\/\/yoast.com\/product\/yoast-seo-wordpress\/ -->\n<title>Mix Media - Happy Color<\/title>\n<meta name=\"robots\" content=\"index, follow, max-snippet:-1, max-image-preview:large, max-video-preview:-1\" \/>\n<link rel=\"canonical\" href=\"https:\/\/happycolor.pl\/en\/product\/mix-media\/\" \/>\n<meta property=\"og:locale\" content=\"en_US\" \/>\n<meta property=\"og:type\" content=\"article\" \/>\n<meta property=\"og:title\" content=\"Mix Media - Happy Color\" \/>\n<meta property=\"og:description\" content=\"A high-quality, universal paper pad designed for dry and wet art techniques  PAPER PAD   Snow-white, slightly smoothed  Highly impermeable, highly absorbent - will not much buckle after using watercolours  Resistant for multiple erasing and smudging  Acid-free, wood-free, 100% cellulose  Long-lasting and resistant without optical brightness additives  Certificates: PEFC, SO 9706, ISO 9001, SO 14001  APPLICATION  watercolourpensacrylicstemperapastelinkcharcoalpencil  pastelscrayonssanguine  &nbsp;\" \/>\n<meta property=\"og:url\" content=\"https:\/\/happycolor.pl\/en\/product\/mix-media\/\" \/>\n<meta property=\"og:site_name\" content=\"Happy Color\" \/>\n<meta property=\"article:modified_time\" content=\"2024-03-13T10:28:47+00:00\" \/>\n<meta property=\"og:image\" content=\"https:\/\/happycolor.pl\/app\/uploads\/2021\/12\/HA-3720-2030-MM25.jpg\" \/>\n\t<meta property=\"og:image:width\" content=\"1200\" \/>\n\t<meta property=\"og:image:height\" content=\"1200\" \/>\n\t<meta property=\"og:image:type\" content=\"image\/jpeg\" \/>\n<meta name=\"twitter:card\" content=\"summary_large_image\" \/>\n<meta name=\"twitter:label1\" content=\"Est. reading time\" \/>\n\t<meta name=\"twitter:data1\" content=\"1 minute\" \/>\n<script type=\"application\/ld+json\" class=\"yoast-schema-graph\">{\"@context\":\"https:\\\/\\\/schema.org\",\"@graph\":[{\"@type\":\"WebPage\",\"@id\":\"https:\\\/\\\/happycolor.pl\\\/en\\\/product\\\/mix-media\\\/\",\"url\":\"https:\\\/\\\/happycolor.pl\\\/en\\\/product\\\/mix-media\\\/\",\"name\":\"Mix Media - Happy Color\",\"isPartOf\":{\"@id\":\"https:\\\/\\\/happycolor.pl\\\/#website\"},\"primaryImageOfPage\":{\"@id\":\"https:\\\/\\\/happycolor.pl\\\/en\\\/product\\\/mix-media\\\/#primaryimage\"},\"image\":{\"@id\":\"https:\\\/\\\/happycolor.pl\\\/en\\\/product\\\/mix-media\\\/#primaryimage\"},\"thumbnailUrl\":\"https:\\\/\\\/happycolor.pl\\\/app\\\/uploads\\\/2021\\\/12\\\/HA-3720-2030-MM25.jpg\",\"datePublished\":\"2021-12-01T11:51:03+00:00\",\"dateModified\":\"2024-03-13T10:28:47+00:00\",\"breadcrumb\":{\"@id\":\"https:\\\/\\\/happycolor.pl\\\/en\\\/product\\\/mix-media\\\/#breadcrumb\"},\"inLanguage\":\"en-US\",\"potentialAction\":[{\"@type\":\"ReadAction\",\"target\":[\"https:\\\/\\\/happycolor.pl\\\/en\\\/product\\\/mix-media\\\/\"]}]},{\"@type\":\"ImageObject\",\"inLanguage\":\"en-US\",\"@id\":\"https:\\\/\\\/happycolor.pl\\\/en\\\/product\\\/mix-media\\\/#primaryimage\",\"url\":\"https:\\\/\\\/happycolor.pl\\\/app\\\/uploads\\\/2021\\\/12\\\/HA-3720-2030-MM25.jpg\",\"contentUrl\":\"https:\\\/\\\/happycolor.pl\\\/app\\\/uploads\\\/2021\\\/12\\\/HA-3720-2030-MM25.jpg\",\"width\":1200,\"height\":1200,\"caption\":\"Wysokiej jako\u015bci uniwersalny blok przeznaczony do wielu technik malarskich PAPIER \u015anie\u017cnobia\u0142y, lekko g\u0142adzony Wysoce nieprzepuszczalny, o du\u017cej ch\u0142onno\u015bci - nie faluje si\u0119 nadmiernie pod wp\u0142ywem farb wodnych Dzi\u0119ki odpowiednio zwartej strukturze powierzchni jest odporny na korekty, rozmazywanie oraz wycieranie gumk\u0105 Bezkwasowy, bezdrzewny, 100% celulozy Trwa\u0142y, d\u0142ugowieczny i odporny na starzenie Czysta biel bez wybielaczy optycznych (ECF) Certifikaty: PEFC, SO 9706, ISO 9001, SO 14001 ZASTOSOWANIE akwarela pisaki akryletemperapastelatuszw\u0119gielo\u0142\u00f3wekpastelekredkisangwina\"},{\"@type\":\"BreadcrumbList\",\"@id\":\"https:\\\/\\\/happycolor.pl\\\/en\\\/product\\\/mix-media\\\/#breadcrumb\",\"itemListElement\":[{\"@type\":\"ListItem\",\"position\":1,\"name\":\"Sklep\",\"item\":\"https:\\\/\\\/happycolor.pl\\\/sklep\\\/\"},{\"@type\":\"ListItem\",\"position\":2,\"name\":\"Mix Media\"}]},{\"@type\":\"WebSite\",\"@id\":\"https:\\\/\\\/happycolor.pl\\\/#website\",\"url\":\"https:\\\/\\\/happycolor.pl\\\/\",\"name\":\"Happy Color\",\"description\":\"Poznaj nasz kolorowy \u015bwiat\",\"potentialAction\":[{\"@type\":\"SearchAction\",\"target\":{\"@type\":\"EntryPoint\",\"urlTemplate\":\"https:\\\/\\\/happycolor.pl\\\/?s={search_term_string}\"},\"query-input\":{\"@type\":\"PropertyValueSpecification\",\"valueRequired\":true,\"valueName\":\"search_term_string\"}}],\"inLanguage\":\"en-US\"}]}<\/script>\n<!-- \/ Yoast SEO plugin. -->","yoast_head_json":{"title":"Mix Media - Happy Color","robots":{"index":"index","follow":"follow","max-snippet":"max-snippet:-1","max-image-preview":"max-image-preview:large","max-video-preview":"max-video-preview:-1"},"canonical":"https:\/\/happycolor.pl\/en\/product\/mix-media\/","og_locale":"en_US","og_type":"article","og_title":"Mix Media - Happy Color","og_description":"A high-quality, universal paper pad designed for dry and wet art techniques  PAPER PAD   Snow-white, slightly smoothed  Highly impermeable, highly absorbent - will not much buckle after using watercolours  Resistant for multiple erasing and smudging  Acid-free, wood-free, 100% cellulose  Long-lasting and resistant without optical brightness additives  Certificates: PEFC, SO 9706, ISO 9001, SO 14001  APPLICATION  watercolourpensacrylicstemperapastelinkcharcoalpencil  pastelscrayonssanguine  &nbsp;","og_url":"https:\/\/happycolor.pl\/en\/product\/mix-media\/","og_site_name":"Happy Color","article_modified_time":"2024-03-13T10:28:47+00:00","og_image":[{"width":1200,"height":1200,"url":"https:\/\/happycolor.pl\/app\/uploads\/2021\/12\/HA-3720-2030-MM25.jpg","type":"image\/jpeg"}],"twitter_card":"summary_large_image","twitter_misc":{"Est. reading time":"1 minute"},"schema":{"@context":"https:\/\/schema.org","@graph":[{"@type":"WebPage","@id":"https:\/\/happycolor.pl\/en\/product\/mix-media\/","url":"https:\/\/happycolor.pl\/en\/product\/mix-media\/","name":"Mix Media - Happy Color","isPartOf":{"@id":"https:\/\/happycolor.pl\/#website"},"primaryImageOfPage":{"@id":"https:\/\/happycolor.pl\/en\/product\/mix-media\/#primaryimage"},"image":{"@id":"https:\/\/happycolor.pl\/en\/product\/mix-media\/#primaryimage"},"thumbnailUrl":"https:\/\/happycolor.pl\/app\/uploads\/2021\/12\/HA-3720-2030-MM25.jpg","datePublished":"2021-12-01T11:51:03+00:00","dateModified":"2024-03-13T10:28:47+00:00","breadcrumb":{"@id":"https:\/\/happycolor.pl\/en\/product\/mix-media\/#breadcrumb"},"inLanguage":"en-US","potentialAction":[{"@type":"ReadAction","target":["https:\/\/happycolor.pl\/en\/product\/mix-media\/"]}]},{"@type":"ImageObject","inLanguage":"en-US","@id":"https:\/\/happycolor.pl\/en\/product\/mix-media\/#primaryimage","url":"https:\/\/happycolor.pl\/app\/uploads\/2021\/12\/HA-3720-2030-MM25.jpg","contentUrl":"https:\/\/happycolor.pl\/app\/uploads\/2021\/12\/HA-3720-2030-MM25.jpg","width":1200,"height":1200,"caption":"Wysokiej jako\u015bci uniwersalny blok przeznaczony do wielu technik malarskich PAPIER \u015anie\u017cnobia\u0142y, lekko g\u0142adzony Wysoce nieprzepuszczalny, o du\u017cej ch\u0142onno\u015bci - nie faluje si\u0119 nadmiernie pod wp\u0142ywem farb wodnych Dzi\u0119ki odpowiednio zwartej strukturze powierzchni jest odporny na korekty, rozmazywanie oraz wycieranie gumk\u0105 Bezkwasowy, bezdrzewny, 100% celulozy Trwa\u0142y, d\u0142ugowieczny i odporny na starzenie Czysta biel bez wybielaczy optycznych (ECF) Certifikaty: PEFC, SO 9706, ISO 9001, SO 14001 ZASTOSOWANIE akwarela pisaki akryletemperapastelatuszw\u0119gielo\u0142\u00f3wekpastelekredkisangwina"},{"@type":"BreadcrumbList","@id":"https:\/\/happycolor.pl\/en\/product\/mix-media\/#breadcrumb","itemListElement":[{"@type":"ListItem","position":1,"name":"Sklep","item":"https:\/\/happycolor.pl\/sklep\/"},{"@type":"ListItem","position":2,"name":"Mix Media"}]},{"@type":"WebSite","@id":"https:\/\/happycolor.pl\/#website","url":"https:\/\/happycolor.pl\/","name":"Happy Color","description":"Poznaj nasz kolorowy \u015bwiat","potentialAction":[{"@type":"SearchAction","target":{"@type":"EntryPoint","urlTemplate":"https:\/\/happycolor.pl\/?s={search_term_string}"},"query-input":{"@type":"PropertyValueSpecification","valueRequired":true,"valueName":"search_term_string"}}],"inLanguage":"en-US"}]}},"_links":{"self":[{"href":"https:\/\/happycolor.pl\/en\/wp-json\/wp\/v2\/product\/26981","targetHints":{"allow":["GET"]}}],"collection":[{"href":"https:\/\/happycolor.pl\/en\/wp-json\/wp\/v2\/product"}],"about":[{"href":"https:\/\/happycolor.pl\/en\/wp-json\/wp\/v2\/types\/product"}],"wp:featuredmedia":[{"embeddable":true,"href":"https:\/\/happycolor.pl\/en\/wp-json\/wp\/v2\/media\/29769"}],"wp:attachment":[{"href":"https:\/\/happycolor.pl\/en\/wp-json\/wp\/v2\/media?parent=26981"}],"wp:term":[{"taxonomy":"product_brand","embeddable":true,"href":"https:\/\/happycolor.pl\/en\/wp-json\/wp\/v2\/product_brand?post=26981"},{"taxonomy":"product_cat","embeddable":true,"href":"https:\/\/happycolor.pl\/en\/wp-json\/wp\/v2\/product_cat?post=26981"},{"taxonomy":"product_tag","embeddable":true,"href":"https:\/\/happycolor.pl\/en\/wp-json\/wp\/v2\/product_tag?post=26981"}],"curies":[{"name":"wp","href":"https:\/\/api.w.org\/{rel}","templated":true}]}}