{"id":26979,"date":"2022-10-17T13:02:49","date_gmt":"2022-10-17T11:02:49","guid":{"rendered":"https:\/\/www.happycolor.pl\/produkt\/portrait\/"},"modified":"2024-03-13T10:55:22","modified_gmt":"2024-03-13T09:55:22","slug":"portrait","status":"publish","type":"product","link":"https:\/\/happycolor.pl\/en\/product\/portrait\/","title":{"rendered":"Portrait"},"content":{"rendered":"<table style=\"border-collapse: collapse; width: 100%;\">\n<tbody>\n<tr class=\"cmsmasters_table_row_header\">\n<th class=\"cmsmasters_table_cell_aligncenter\" style=\"width: 38.0619%; text-align: center;\">FORMAT<\/th>\n<th class=\"cmsmasters_table_cell_aligncenter\" style=\"width: 26.2737%; text-align: center;\">SHEET<\/th>\n<th class=\"cmsmasters_table_cell_aligncenter\" style=\"width: 35.5644%; text-align: center;\">WEIGHT<\/th>\n<\/tr>\n<tr>\n<td class=\"cmsmasters_table_cell_aligncenter\" style=\"width: 38.0619%; text-align: center;\">A4 \u2013 21 x 29,7 cm<\/td>\n<td class=\"cmsmasters_table_cell_aligncenter\" style=\"width: 26.2737%; text-align: center;\">20<\/td>\n<td class=\"cmsmasters_table_cell_aligncenter\" style=\"width: 35.5644%; text-align: center;\">250gsm<\/td>\n<\/tr>\n<tr>\n<td class=\"cmsmasters_table_cell_aligncenter\" style=\"width: 38.0619%; text-align: center;\">A3 \u2013 29,7 x 42 cm<\/td>\n<td class=\"cmsmasters_table_cell_aligncenter\" style=\"width: 26.2737%; text-align: center;\">20<\/td>\n<td class=\"cmsmasters_table_cell_aligncenter\" style=\"width: 35.5644%; text-align: center;\">250gsm<\/td>\n<\/tr>\n<\/tbody>\n<\/table>\n","protected":false},"excerpt":{"rendered":"<p>Portrait paper pad recommended for drawing portraits<\/p>\n<p>PAPER PAD<\/p>\n<ul>\n<li>Snow-white, thick and stiff paper<\/li>\n<li>With a fine surface, it is smooth but not slippery<\/li>\n<li>Allows to obtain delicate shading<\/li>\n<li>Provides great results with the graphite grinding technique<\/li>\n<li>Easy to achieve deep black<\/li>\n<li>Acid-free, wood-free<\/li>\n<\/ul>\n<p>APPLICATION<br \/>\n<img decoding=\"async\" class=\"emoji\" role=\"img\" draggable=\"false\" src=\"https:\/\/s.w.org\/images\/core\/emoji\/14.0.0\/svg\/25aa.svg\" alt=\"\u25aa\" \/>pens<img decoding=\"async\" class=\"emoji\" role=\"img\" draggable=\"false\" src=\"https:\/\/s.w.org\/images\/core\/emoji\/14.0.0\/svg\/25aa.svg\" alt=\"\u25aa\" \/>crayopn<img decoding=\"async\" class=\"emoji\" role=\"img\" draggable=\"false\" src=\"https:\/\/s.w.org\/images\/core\/emoji\/14.0.0\/svg\/25aa.svg\" alt=\"\u25aa\" \/>ink<img decoding=\"async\" class=\"emoji\" role=\"img\" draggable=\"false\" src=\"https:\/\/s.w.org\/images\/core\/emoji\/14.0.0\/svg\/25aa.svg\" alt=\"\u25aa\" \/>pencil<\/p>\n<p>&nbsp;<\/p>\n","protected":false},"featured_media":29759,"template":"","meta":[],"product_brand":[],"product_cat":[221],"product_tag":[],"class_list":{"0":"post-26979","1":"product","2":"type-product","3":"status-publish","4":"has-post-thumbnail","6":"product_cat-artistic-paper-pads","8":"first","9":"instock","10":"shipping-taxable","11":"product-type-simple"},"yoast_head":"<!-- This site is optimized with the Yoast SEO plugin v27.3 - https:\/\/yoast.com\/product\/yoast-seo-wordpress\/ -->\n<title>Portrait - Happy Color<\/title>\n<meta name=\"robots\" content=\"index, follow, max-snippet:-1, max-image-preview:large, max-video-preview:-1\" \/>\n<link rel=\"canonical\" href=\"https:\/\/happycolor.pl\/en\/product\/portrait\/\" \/>\n<meta property=\"og:locale\" content=\"en_US\" \/>\n<meta property=\"og:type\" content=\"article\" \/>\n<meta property=\"og:title\" content=\"Portrait - Happy Color\" \/>\n<meta property=\"og:description\" content=\"Portrait paper pad recommended for drawing portraits  PAPER PAD   Snow-white, thick and stiff paper  With a fine surface, it is smooth but not slippery  Allows to obtain delicate shading  Provides great results with the graphite grinding technique  Easy to achieve deep black  Acid-free, wood-free  APPLICATION penscrayopninkpencil  &nbsp;\" \/>\n<meta property=\"og:url\" content=\"https:\/\/happycolor.pl\/en\/product\/portrait\/\" \/>\n<meta property=\"og:site_name\" content=\"Happy Color\" \/>\n<meta property=\"article:modified_time\" content=\"2024-03-13T09:55:22+00:00\" \/>\n<meta name=\"twitter:card\" content=\"summary_large_image\" \/>\n<meta name=\"twitter:label1\" content=\"Est. reading time\" \/>\n\t<meta name=\"twitter:data1\" content=\"1 minute\" \/>\n<script type=\"application\/ld+json\" class=\"yoast-schema-graph\">{\"@context\":\"https:\\\/\\\/schema.org\",\"@graph\":[{\"@type\":\"WebPage\",\"@id\":\"https:\\\/\\\/happycolor.pl\\\/en\\\/product\\\/portrait\\\/\",\"url\":\"https:\\\/\\\/happycolor.pl\\\/en\\\/product\\\/portrait\\\/\",\"name\":\"Portrait - Happy Color\",\"isPartOf\":{\"@id\":\"https:\\\/\\\/happycolor.pl\\\/#website\"},\"primaryImageOfPage\":{\"@id\":\"https:\\\/\\\/happycolor.pl\\\/en\\\/product\\\/portrait\\\/#primaryimage\"},\"image\":{\"@id\":\"https:\\\/\\\/happycolor.pl\\\/en\\\/product\\\/portrait\\\/#primaryimage\"},\"thumbnailUrl\":\"https:\\\/\\\/happycolor.pl\\\/app\\\/uploads\\\/2022\\\/10\\\/HA-7825-2030-AP20.jpg\",\"datePublished\":\"2022-10-17T11:02:49+00:00\",\"dateModified\":\"2024-03-13T09:55:22+00:00\",\"breadcrumb\":{\"@id\":\"https:\\\/\\\/happycolor.pl\\\/en\\\/product\\\/portrait\\\/#breadcrumb\"},\"inLanguage\":\"en-US\",\"potentialAction\":[{\"@type\":\"ReadAction\",\"target\":[\"https:\\\/\\\/happycolor.pl\\\/en\\\/product\\\/portrait\\\/\"]}]},{\"@type\":\"ImageObject\",\"inLanguage\":\"en-US\",\"@id\":\"https:\\\/\\\/happycolor.pl\\\/en\\\/product\\\/portrait\\\/#primaryimage\",\"url\":\"https:\\\/\\\/happycolor.pl\\\/app\\\/uploads\\\/2022\\\/10\\\/HA-7825-2030-AP20.jpg\",\"contentUrl\":\"https:\\\/\\\/happycolor.pl\\\/app\\\/uploads\\\/2022\\\/10\\\/HA-7825-2030-AP20.jpg\",\"width\":1200,\"height\":1200,\"caption\":\"Blok do portret\u00f3w idealny do rysowania portret\u00f3w PAPIER \u015anie\u017cnobia\u0142y, gruby i sztywny papier O delikatnej powierzchni, jest g\u0142adki a nie \u015bliski Pozwala uzyskiwanie delikatnego cieniowania Zapewnia \u015bwietne efekty przy technice rozcierania grafitu \u0141atwo uzyska\u0107 g\u0142\u0119bok\u0105 czer\u0144 Bezkwasowy, bezdrzewny ZASTOSOWANIE pisakikredkatuszo\u0142\u00f3wek\"},{\"@type\":\"BreadcrumbList\",\"@id\":\"https:\\\/\\\/happycolor.pl\\\/en\\\/product\\\/portrait\\\/#breadcrumb\",\"itemListElement\":[{\"@type\":\"ListItem\",\"position\":1,\"name\":\"Sklep\",\"item\":\"https:\\\/\\\/happycolor.pl\\\/sklep\\\/\"},{\"@type\":\"ListItem\",\"position\":2,\"name\":\"Portrait\"}]},{\"@type\":\"WebSite\",\"@id\":\"https:\\\/\\\/happycolor.pl\\\/#website\",\"url\":\"https:\\\/\\\/happycolor.pl\\\/\",\"name\":\"Happy Color\",\"description\":\"Poznaj nasz kolorowy \u015bwiat\",\"potentialAction\":[{\"@type\":\"SearchAction\",\"target\":{\"@type\":\"EntryPoint\",\"urlTemplate\":\"https:\\\/\\\/happycolor.pl\\\/?s={search_term_string}\"},\"query-input\":{\"@type\":\"PropertyValueSpecification\",\"valueRequired\":true,\"valueName\":\"search_term_string\"}}],\"inLanguage\":\"en-US\"}]}<\/script>\n<!-- \/ Yoast SEO plugin. -->","yoast_head_json":{"title":"Portrait - Happy Color","robots":{"index":"index","follow":"follow","max-snippet":"max-snippet:-1","max-image-preview":"max-image-preview:large","max-video-preview":"max-video-preview:-1"},"canonical":"https:\/\/happycolor.pl\/en\/product\/portrait\/","og_locale":"en_US","og_type":"article","og_title":"Portrait - Happy Color","og_description":"Portrait paper pad recommended for drawing portraits  PAPER PAD   Snow-white, thick and stiff paper  With a fine surface, it is smooth but not slippery  Allows to obtain delicate shading  Provides great results with the graphite grinding technique  Easy to achieve deep black  Acid-free, wood-free  APPLICATION penscrayopninkpencil  &nbsp;","og_url":"https:\/\/happycolor.pl\/en\/product\/portrait\/","og_site_name":"Happy Color","article_modified_time":"2024-03-13T09:55:22+00:00","twitter_card":"summary_large_image","twitter_misc":{"Est. reading time":"1 minute"},"schema":{"@context":"https:\/\/schema.org","@graph":[{"@type":"WebPage","@id":"https:\/\/happycolor.pl\/en\/product\/portrait\/","url":"https:\/\/happycolor.pl\/en\/product\/portrait\/","name":"Portrait - Happy Color","isPartOf":{"@id":"https:\/\/happycolor.pl\/#website"},"primaryImageOfPage":{"@id":"https:\/\/happycolor.pl\/en\/product\/portrait\/#primaryimage"},"image":{"@id":"https:\/\/happycolor.pl\/en\/product\/portrait\/#primaryimage"},"thumbnailUrl":"https:\/\/happycolor.pl\/app\/uploads\/2022\/10\/HA-7825-2030-AP20.jpg","datePublished":"2022-10-17T11:02:49+00:00","dateModified":"2024-03-13T09:55:22+00:00","breadcrumb":{"@id":"https:\/\/happycolor.pl\/en\/product\/portrait\/#breadcrumb"},"inLanguage":"en-US","potentialAction":[{"@type":"ReadAction","target":["https:\/\/happycolor.pl\/en\/product\/portrait\/"]}]},{"@type":"ImageObject","inLanguage":"en-US","@id":"https:\/\/happycolor.pl\/en\/product\/portrait\/#primaryimage","url":"https:\/\/happycolor.pl\/app\/uploads\/2022\/10\/HA-7825-2030-AP20.jpg","contentUrl":"https:\/\/happycolor.pl\/app\/uploads\/2022\/10\/HA-7825-2030-AP20.jpg","width":1200,"height":1200,"caption":"Blok do portret\u00f3w idealny do rysowania portret\u00f3w PAPIER \u015anie\u017cnobia\u0142y, gruby i sztywny papier O delikatnej powierzchni, jest g\u0142adki a nie \u015bliski Pozwala uzyskiwanie delikatnego cieniowania Zapewnia \u015bwietne efekty przy technice rozcierania grafitu \u0141atwo uzyska\u0107 g\u0142\u0119bok\u0105 czer\u0144 Bezkwasowy, bezdrzewny ZASTOSOWANIE pisakikredkatuszo\u0142\u00f3wek"},{"@type":"BreadcrumbList","@id":"https:\/\/happycolor.pl\/en\/product\/portrait\/#breadcrumb","itemListElement":[{"@type":"ListItem","position":1,"name":"Sklep","item":"https:\/\/happycolor.pl\/sklep\/"},{"@type":"ListItem","position":2,"name":"Portrait"}]},{"@type":"WebSite","@id":"https:\/\/happycolor.pl\/#website","url":"https:\/\/happycolor.pl\/","name":"Happy Color","description":"Poznaj nasz kolorowy \u015bwiat","potentialAction":[{"@type":"SearchAction","target":{"@type":"EntryPoint","urlTemplate":"https:\/\/happycolor.pl\/?s={search_term_string}"},"query-input":{"@type":"PropertyValueSpecification","valueRequired":true,"valueName":"search_term_string"}}],"inLanguage":"en-US"}]}},"_links":{"self":[{"href":"https:\/\/happycolor.pl\/en\/wp-json\/wp\/v2\/product\/26979","targetHints":{"allow":["GET"]}}],"collection":[{"href":"https:\/\/happycolor.pl\/en\/wp-json\/wp\/v2\/product"}],"about":[{"href":"https:\/\/happycolor.pl\/en\/wp-json\/wp\/v2\/types\/product"}],"wp:featuredmedia":[{"embeddable":true,"href":"https:\/\/happycolor.pl\/en\/wp-json\/wp\/v2\/media\/29759"}],"wp:attachment":[{"href":"https:\/\/happycolor.pl\/en\/wp-json\/wp\/v2\/media?parent=26979"}],"wp:term":[{"taxonomy":"product_brand","embeddable":true,"href":"https:\/\/happycolor.pl\/en\/wp-json\/wp\/v2\/product_brand?post=26979"},{"taxonomy":"product_cat","embeddable":true,"href":"https:\/\/happycolor.pl\/en\/wp-json\/wp\/v2\/product_cat?post=26979"},{"taxonomy":"product_tag","embeddable":true,"href":"https:\/\/happycolor.pl\/en\/wp-json\/wp\/v2\/product_tag?post=26979"}],"curies":[{"name":"wp","href":"https:\/\/api.w.org\/{rel}","templated":true}]}}