{"id":26977,"date":"2021-12-01T12:56:55","date_gmt":"2021-12-01T11:56:55","guid":{"rendered":"https:\/\/www.happycolor.pl\/produkt\/watercolour\/"},"modified":"2024-03-12T16:58:12","modified_gmt":"2024-03-12T15:58:12","slug":"watercolour","status":"publish","type":"product","link":"https:\/\/happycolor.pl\/en\/product\/watercolour\/","title":{"rendered":"Watercolour"},"content":{"rendered":"<table style=\"border-collapse: collapse; width: 100%;\">\n<tbody>\n<tr class=\"cmsmasters_table_row_header\">\n<th class=\"cmsmasters_table_cell_aligncenter\" style=\"width: 38.66%; text-align: center;\">FORMAT<\/th>\n<th class=\"cmsmasters_table_cell_aligncenter\" style=\"width: 26.005%; text-align: center;\">SHEET<\/th>\n<th class=\"cmsmasters_table_cell_aligncenter\" style=\"width: 35.2854%; text-align: center;\">WEIGHT<\/th>\n<\/tr>\n<tr>\n<td style=\"width: 38.66%; text-align: center;\">15 x 15<\/td>\n<td style=\"width: 26.005%; text-align: center;\">10<\/td>\n<td style=\"width: 35.2854%; text-align: center;\">250gsm<\/td>\n<\/tr>\n<tr>\n<td class=\"cmsmasters_table_cell_aligncenter\" style=\"width: 38.66%; text-align: center;\">A5 \u2013 14,8 x 21 cm<\/td>\n<td class=\"cmsmasters_table_cell_aligncenter\" style=\"width: 26.005%; text-align: center;\">10<\/td>\n<td class=\"cmsmasters_table_cell_aligncenter\" style=\"width: 35.2854%; text-align: center;\">250gsm<\/td>\n<\/tr>\n<tr>\n<td class=\"cmsmasters_table_cell_aligncenter\" style=\"width: 38.66%; text-align: center;\">A4 \u2013 21 x 29,7 cm<\/td>\n<td class=\"cmsmasters_table_cell_aligncenter\" style=\"width: 26.005%; text-align: center;\">10<\/td>\n<td class=\"cmsmasters_table_cell_aligncenter\" style=\"width: 35.2854%; text-align: center;\">250gsm<\/td>\n<\/tr>\n<tr>\n<td class=\"cmsmasters_table_cell_aligncenter\" style=\"width: 38.66%; text-align: center;\">A3 \u2013 29,7 x 42 cm<\/td>\n<td class=\"cmsmasters_table_cell_aligncenter\" style=\"width: 26.005%; text-align: center;\">10<\/td>\n<td class=\"cmsmasters_table_cell_aligncenter\" style=\"width: 35.2854%; text-align: center;\">250gsm<\/td>\n<\/tr>\n<\/tbody>\n<\/table>\n","protected":false},"excerpt":{"rendered":"<p>Watercolour paper pad dedicated for many painting techniques<\/p>\n<p>PAPER PAD<\/p>\n<ul>\n<li>Naturally white colour looking like handmade paper<\/li>\n<li>Produced according to the traditional method in a paper mill with 400 years of tradition<\/li>\n<li>This paper has two distinct surfaces: the felt (top) side is cold press &#8211; most popular, the back side is smoother &#8211; ideal for detailed work<\/li>\n<li>100% cellulose, acid-free, resistant, complies with ISO Standard 9706<\/li>\n<li>Resistant for multiple erasing and smudging<\/li>\n<\/ul>\n<p>APPLICATION<br \/>\n<img decoding=\"async\" class=\"emoji\" role=\"img\" draggable=\"false\" src=\"https:\/\/s.w.org\/images\/core\/emoji\/14.0.0\/svg\/25aa.svg\" alt=\"\u25aa\" \/>watercolour<img decoding=\"async\" class=\"emoji\" role=\"img\" draggable=\"false\" src=\"https:\/\/s.w.org\/images\/core\/emoji\/14.0.0\/svg\/25aa.svg\" alt=\"\u25aa\" \/>acrylics<img decoding=\"async\" class=\"emoji\" role=\"img\" draggable=\"false\" src=\"https:\/\/s.w.org\/images\/core\/emoji\/14.0.0\/svg\/25aa.svg\" alt=\"\u25aa\" \/>gouache<img decoding=\"async\" class=\"emoji\" role=\"img\" draggable=\"false\" src=\"https:\/\/s.w.org\/images\/core\/emoji\/14.0.0\/svg\/25aa.svg\" alt=\"\u25aa\" \/>tempera<img decoding=\"async\" class=\"emoji\" role=\"img\" draggable=\"false\" src=\"https:\/\/s.w.org\/images\/core\/emoji\/14.0.0\/svg\/25aa.svg\" alt=\"\u25aa\" \/>pastels<img decoding=\"async\" class=\"emoji\" role=\"img\" draggable=\"false\" src=\"https:\/\/s.w.org\/images\/core\/emoji\/14.0.0\/svg\/25aa.svg\" alt=\"\u25aa\" \/>ink<img decoding=\"async\" class=\"emoji\" role=\"img\" draggable=\"false\" src=\"https:\/\/s.w.org\/images\/core\/emoji\/14.0.0\/svg\/25aa.svg\" alt=\"\u25aa\" \/>charcoal<img decoding=\"async\" class=\"emoji\" role=\"img\" draggable=\"false\" src=\"https:\/\/s.w.org\/images\/core\/emoji\/14.0.0\/svg\/25aa.svg\" alt=\"\u25aa\" \/>pencil<\/p>\n<p>&nbsp;<\/p>\n","protected":false},"featured_media":29245,"template":"","meta":[],"product_brand":[],"product_cat":[221],"product_tag":[],"class_list":{"0":"post-26977","1":"product","2":"type-product","3":"status-publish","4":"has-post-thumbnail","6":"product_cat-artistic-paper-pads","8":"first","9":"instock","10":"shipping-taxable","11":"product-type-simple"},"yoast_head":"<!-- This site is optimized with the Yoast SEO plugin v27.5 - https:\/\/yoast.com\/product\/yoast-seo-wordpress\/ -->\n<title>Watercolour - Happy Color<\/title>\n<meta name=\"robots\" content=\"index, follow, max-snippet:-1, max-image-preview:large, max-video-preview:-1\" \/>\n<link rel=\"canonical\" href=\"https:\/\/happycolor.pl\/en\/product\/watercolour\/\" \/>\n<meta property=\"og:locale\" content=\"en_US\" \/>\n<meta property=\"og:type\" content=\"article\" \/>\n<meta property=\"og:title\" content=\"Watercolour - Happy Color\" \/>\n<meta property=\"og:description\" content=\"Watercolour paper pad dedicated for many painting techniques  PAPER PAD   Naturally white colour looking like handmade paper  Produced according to the traditional method in a paper mill with 400 years of tradition  This paper has two distinct surfaces: the felt (top) side is cold press - most popular, the back side is smoother - ideal for detailed work  100% cellulose, acid-free, resistant, complies with ISO Standard 9706  Resistant for multiple erasing and smudging  APPLICATION watercolouracrylicsgouachetemperapastelsinkcharcoalpencil  &nbsp;\" \/>\n<meta property=\"og:url\" content=\"https:\/\/happycolor.pl\/en\/product\/watercolour\/\" \/>\n<meta property=\"og:site_name\" content=\"Happy Color\" \/>\n<meta property=\"article:modified_time\" content=\"2024-03-12T15:58:12+00:00\" \/>\n<meta property=\"og:image\" content=\"https:\/\/happycolor.pl\/app\/uploads\/2021\/12\/bloki-art-2.jpg\" \/>\n\t<meta property=\"og:image:width\" content=\"1200\" \/>\n\t<meta property=\"og:image:height\" content=\"1200\" \/>\n\t<meta property=\"og:image:type\" content=\"image\/jpeg\" \/>\n<meta name=\"twitter:card\" content=\"summary_large_image\" \/>\n<meta name=\"twitter:label1\" content=\"Est. reading time\" \/>\n\t<meta name=\"twitter:data1\" content=\"1 minute\" \/>\n<script type=\"application\/ld+json\" class=\"yoast-schema-graph\">{\"@context\":\"https:\\\/\\\/schema.org\",\"@graph\":[{\"@type\":\"WebPage\",\"@id\":\"https:\\\/\\\/happycolor.pl\\\/en\\\/product\\\/watercolour\\\/\",\"url\":\"https:\\\/\\\/happycolor.pl\\\/en\\\/product\\\/watercolour\\\/\",\"name\":\"Watercolour - Happy Color\",\"isPartOf\":{\"@id\":\"https:\\\/\\\/happycolor.pl\\\/#website\"},\"primaryImageOfPage\":{\"@id\":\"https:\\\/\\\/happycolor.pl\\\/en\\\/product\\\/watercolour\\\/#primaryimage\"},\"image\":{\"@id\":\"https:\\\/\\\/happycolor.pl\\\/en\\\/product\\\/watercolour\\\/#primaryimage\"},\"thumbnailUrl\":\"https:\\\/\\\/happycolor.pl\\\/app\\\/uploads\\\/2021\\\/12\\\/bloki-art-2.jpg\",\"datePublished\":\"2021-12-01T11:56:55+00:00\",\"dateModified\":\"2024-03-12T15:58:12+00:00\",\"breadcrumb\":{\"@id\":\"https:\\\/\\\/happycolor.pl\\\/en\\\/product\\\/watercolour\\\/#breadcrumb\"},\"inLanguage\":\"en-US\",\"potentialAction\":[{\"@type\":\"ReadAction\",\"target\":[\"https:\\\/\\\/happycolor.pl\\\/en\\\/product\\\/watercolour\\\/\"]}]},{\"@type\":\"ImageObject\",\"inLanguage\":\"en-US\",\"@id\":\"https:\\\/\\\/happycolor.pl\\\/en\\\/product\\\/watercolour\\\/#primaryimage\",\"url\":\"https:\\\/\\\/happycolor.pl\\\/app\\\/uploads\\\/2021\\\/12\\\/bloki-art-2.jpg\",\"contentUrl\":\"https:\\\/\\\/happycolor.pl\\\/app\\\/uploads\\\/2021\\\/12\\\/bloki-art-2.jpg\",\"width\":1200,\"height\":1200,\"caption\":\"Blok do akwareli idealnie sprawdzi si\u0119 do wielu technik malarskich PAPIER W naturalnym odcieniu bieli, przypomina papier czerpany Wytwarzany wg tradycyjnej metody w papierni z 400 letnimi tradycjami Posiada dwie struktury na jednym arkuszu: na awersie \u2013 wyrazist\u0105 (cold press), zapewniaj\u0105c\u0105 precyzyjne rozprowadzanie farby, na rewersie g\u0142adsz\u0105 (hot press) \u2013 polecan\u0105 do szkicowania i rysunku detali Czysto bia\u0142y, bez wybielaczy optycznych (ECF) Bezkwasowy, bezdrzewny, 100% czystej celulozy Bardzo wytrzyma\u0142y, dobrze znosi korekty i wymazywanie Trwa\u0142y, d\u0142ugowieczny i odporny na starzenie (ISO 9706) ZASTOSOWANIE \u25aaakwarela \u25aaakryle \u25aagwasz\u25aatempera\u25aapastele\u25aatusz\u25aaw\u0119giel\u25aao\u0142\u00f3wek\"},{\"@type\":\"BreadcrumbList\",\"@id\":\"https:\\\/\\\/happycolor.pl\\\/en\\\/product\\\/watercolour\\\/#breadcrumb\",\"itemListElement\":[{\"@type\":\"ListItem\",\"position\":1,\"name\":\"Sklep\",\"item\":\"https:\\\/\\\/happycolor.pl\\\/sklep\\\/\"},{\"@type\":\"ListItem\",\"position\":2,\"name\":\"Watercolour\"}]},{\"@type\":\"WebSite\",\"@id\":\"https:\\\/\\\/happycolor.pl\\\/#website\",\"url\":\"https:\\\/\\\/happycolor.pl\\\/\",\"name\":\"Happy Color\",\"description\":\"Poznaj nasz kolorowy \u015bwiat\",\"potentialAction\":[{\"@type\":\"SearchAction\",\"target\":{\"@type\":\"EntryPoint\",\"urlTemplate\":\"https:\\\/\\\/happycolor.pl\\\/?s={search_term_string}\"},\"query-input\":{\"@type\":\"PropertyValueSpecification\",\"valueRequired\":true,\"valueName\":\"search_term_string\"}}],\"inLanguage\":\"en-US\"}]}<\/script>\n<!-- \/ Yoast SEO plugin. -->","yoast_head_json":{"title":"Watercolour - Happy Color","robots":{"index":"index","follow":"follow","max-snippet":"max-snippet:-1","max-image-preview":"max-image-preview:large","max-video-preview":"max-video-preview:-1"},"canonical":"https:\/\/happycolor.pl\/en\/product\/watercolour\/","og_locale":"en_US","og_type":"article","og_title":"Watercolour - Happy Color","og_description":"Watercolour paper pad dedicated for many painting techniques  PAPER PAD   Naturally white colour looking like handmade paper  Produced according to the traditional method in a paper mill with 400 years of tradition  This paper has two distinct surfaces: the felt (top) side is cold press - most popular, the back side is smoother - ideal for detailed work  100% cellulose, acid-free, resistant, complies with ISO Standard 9706  Resistant for multiple erasing and smudging  APPLICATION watercolouracrylicsgouachetemperapastelsinkcharcoalpencil  &nbsp;","og_url":"https:\/\/happycolor.pl\/en\/product\/watercolour\/","og_site_name":"Happy Color","article_modified_time":"2024-03-12T15:58:12+00:00","og_image":[{"width":1200,"height":1200,"url":"https:\/\/happycolor.pl\/app\/uploads\/2021\/12\/bloki-art-2.jpg","type":"image\/jpeg"}],"twitter_card":"summary_large_image","twitter_misc":{"Est. reading time":"1 minute"},"schema":{"@context":"https:\/\/schema.org","@graph":[{"@type":"WebPage","@id":"https:\/\/happycolor.pl\/en\/product\/watercolour\/","url":"https:\/\/happycolor.pl\/en\/product\/watercolour\/","name":"Watercolour - Happy Color","isPartOf":{"@id":"https:\/\/happycolor.pl\/#website"},"primaryImageOfPage":{"@id":"https:\/\/happycolor.pl\/en\/product\/watercolour\/#primaryimage"},"image":{"@id":"https:\/\/happycolor.pl\/en\/product\/watercolour\/#primaryimage"},"thumbnailUrl":"https:\/\/happycolor.pl\/app\/uploads\/2021\/12\/bloki-art-2.jpg","datePublished":"2021-12-01T11:56:55+00:00","dateModified":"2024-03-12T15:58:12+00:00","breadcrumb":{"@id":"https:\/\/happycolor.pl\/en\/product\/watercolour\/#breadcrumb"},"inLanguage":"en-US","potentialAction":[{"@type":"ReadAction","target":["https:\/\/happycolor.pl\/en\/product\/watercolour\/"]}]},{"@type":"ImageObject","inLanguage":"en-US","@id":"https:\/\/happycolor.pl\/en\/product\/watercolour\/#primaryimage","url":"https:\/\/happycolor.pl\/app\/uploads\/2021\/12\/bloki-art-2.jpg","contentUrl":"https:\/\/happycolor.pl\/app\/uploads\/2021\/12\/bloki-art-2.jpg","width":1200,"height":1200,"caption":"Blok do akwareli idealnie sprawdzi si\u0119 do wielu technik malarskich PAPIER W naturalnym odcieniu bieli, przypomina papier czerpany Wytwarzany wg tradycyjnej metody w papierni z 400 letnimi tradycjami Posiada dwie struktury na jednym arkuszu: na awersie \u2013 wyrazist\u0105 (cold press), zapewniaj\u0105c\u0105 precyzyjne rozprowadzanie farby, na rewersie g\u0142adsz\u0105 (hot press) \u2013 polecan\u0105 do szkicowania i rysunku detali Czysto bia\u0142y, bez wybielaczy optycznych (ECF) Bezkwasowy, bezdrzewny, 100% czystej celulozy Bardzo wytrzyma\u0142y, dobrze znosi korekty i wymazywanie Trwa\u0142y, d\u0142ugowieczny i odporny na starzenie (ISO 9706) ZASTOSOWANIE \u25aaakwarela \u25aaakryle \u25aagwasz\u25aatempera\u25aapastele\u25aatusz\u25aaw\u0119giel\u25aao\u0142\u00f3wek"},{"@type":"BreadcrumbList","@id":"https:\/\/happycolor.pl\/en\/product\/watercolour\/#breadcrumb","itemListElement":[{"@type":"ListItem","position":1,"name":"Sklep","item":"https:\/\/happycolor.pl\/sklep\/"},{"@type":"ListItem","position":2,"name":"Watercolour"}]},{"@type":"WebSite","@id":"https:\/\/happycolor.pl\/#website","url":"https:\/\/happycolor.pl\/","name":"Happy Color","description":"Poznaj nasz kolorowy \u015bwiat","potentialAction":[{"@type":"SearchAction","target":{"@type":"EntryPoint","urlTemplate":"https:\/\/happycolor.pl\/?s={search_term_string}"},"query-input":{"@type":"PropertyValueSpecification","valueRequired":true,"valueName":"search_term_string"}}],"inLanguage":"en-US"}]}},"_links":{"self":[{"href":"https:\/\/happycolor.pl\/en\/wp-json\/wp\/v2\/product\/26977","targetHints":{"allow":["GET"]}}],"collection":[{"href":"https:\/\/happycolor.pl\/en\/wp-json\/wp\/v2\/product"}],"about":[{"href":"https:\/\/happycolor.pl\/en\/wp-json\/wp\/v2\/types\/product"}],"wp:featuredmedia":[{"embeddable":true,"href":"https:\/\/happycolor.pl\/en\/wp-json\/wp\/v2\/media\/29245"}],"wp:attachment":[{"href":"https:\/\/happycolor.pl\/en\/wp-json\/wp\/v2\/media?parent=26977"}],"wp:term":[{"taxonomy":"product_brand","embeddable":true,"href":"https:\/\/happycolor.pl\/en\/wp-json\/wp\/v2\/product_brand?post=26977"},{"taxonomy":"product_cat","embeddable":true,"href":"https:\/\/happycolor.pl\/en\/wp-json\/wp\/v2\/product_cat?post=26977"},{"taxonomy":"product_tag","embeddable":true,"href":"https:\/\/happycolor.pl\/en\/wp-json\/wp\/v2\/product_tag?post=26977"}],"curies":[{"name":"wp","href":"https:\/\/api.w.org\/{rel}","templated":true}]}}