{"id":26930,"date":"2024-01-12T15:30:25","date_gmt":"2024-01-12T14:30:25","guid":{"rendered":"https:\/\/www.happycolor.pl\/produkt\/in-sachets\/"},"modified":"2024-03-07T14:55:58","modified_gmt":"2024-03-07T13:55:58","slug":"in-sachets","status":"publish","type":"product","link":"https:\/\/happycolor.pl\/en\/product\/in-sachets\/","title":{"rendered":"In sachets"},"content":{"rendered":"<table style=\"border-collapse: collapse; width: 100%;\">\n<tbody>\n<tr>\n<td class=\"cmsmasters_table_cell_aligncenter\" style=\"width: 49.9752%; text-align: center;\"><strong>COLOUR<\/strong><\/td>\n<td class=\"cmsmasters_table_cell_aligncenter\" style=\"width: 49.9752%; text-align: center;\"><strong>CAPACITY<\/strong><\/td>\n<\/tr>\n<tr>\n<td style=\"width: 49.9752%; text-align: center;\">White<\/td>\n<td style=\"width: 49.9752%; text-align: center;\">100 ml<\/td>\n<\/tr>\n<tr>\n<td style=\"width: 49.9752%; text-align: center;\">Neon yellow<\/td>\n<td style=\"width: 49.9752%; text-align: center;\">100 ml<\/td>\n<\/tr>\n<tr>\n<td style=\"width: 49.9752%; text-align: center;\">Neon green<\/td>\n<td style=\"width: 49.9752%; text-align: center;\">100 ml<\/td>\n<\/tr>\n<tr>\n<td style=\"width: 49.9752%; text-align: center;\">Neon orange<\/td>\n<td style=\"width: 49.9752%; text-align: center;\">100 ml<\/td>\n<\/tr>\n<tr>\n<td style=\"width: 49.9752%; text-align: center;\">Yellow<\/td>\n<td style=\"width: 49.9752%; text-align: center;\">100 ml<\/td>\n<\/tr>\n<tr>\n<td style=\"width: 49.9752%; text-align: center;\">Gold<\/td>\n<td style=\"width: 49.9752%; text-align: center;\">100 ml<\/td>\n<\/tr>\n<tr>\n<td style=\"width: 49.9752%; text-align: center;\">Red<\/td>\n<td style=\"width: 49.9752%; text-align: center;\">100 ml<\/td>\n<\/tr>\n<tr>\n<td style=\"width: 49.9752%; text-align: center;\">Pink<\/td>\n<td style=\"width: 49.9752%; text-align: center;\">100 ml<\/td>\n<\/tr>\n<tr>\n<td style=\"width: 49.9752%; text-align: center;\">Blue<\/td>\n<td style=\"width: 49.9752%; text-align: center;\">100 ml<\/td>\n<\/tr>\n<tr>\n<td style=\"width: 49.9752%; text-align: center;\">Turquoise<\/td>\n<td style=\"width: 49.9752%; text-align: center;\">100 ml<\/td>\n<\/tr>\n<tr>\n<td style=\"width: 49.9752%; text-align: center;\">Orange<\/td>\n<td style=\"width: 49.9752%; text-align: center;\">100 ml<\/td>\n<\/tr>\n<tr>\n<td style=\"width: 49.9752%; text-align: center;\">Green<\/td>\n<td style=\"width: 49.9752%; text-align: center;\">100 ml<\/td>\n<\/tr>\n<tr>\n<td style=\"width: 49.9752%; text-align: center;\">Brown<\/td>\n<td style=\"width: 49.9752%; text-align: center;\">100 ml<\/td>\n<\/tr>\n<tr>\n<td style=\"width: 49.9752%; text-align: center;\">Black<\/td>\n<td style=\"width: 49.9752%; text-align: center;\">100 ml<\/td>\n<\/tr>\n<\/tbody>\n<\/table>\n<p>&nbsp;<\/p>\n","protected":false},"excerpt":{"rendered":"<p>Child-friendly poster paints in squeeze sachets<\/p>\n<p>POSTER PAINT<\/p>\n<ul>\n<li>Thick, covering well and efficient paint with a delicate scent<\/li>\n<li>For painting paper, cardboard, wood, clay, salt dough and modeling clay<\/li>\n<li>The high pigment content ensures intense colour after drying<\/li>\n<li>Great for brush, sponge and finger painting project<\/li>\n<li>Easily washable from hands and most fabrics<\/li>\n<li>The paint can be diluted with water, mixed with other paints and applied in multiple layers<\/li>\n<li>Available in 14 intense colours, including 3 neon colours and gold<\/li>\n<li>Safe and non-toxic (EN-71-3 standard)<\/li>\n<li>Not suitable for children under 3 years of age, perfect for school activities<\/li>\n<\/ul>\n<p>APPLICATION<br \/>\n<img decoding=\"async\" class=\"emoji\" role=\"img\" draggable=\"false\" src=\"https:\/\/s.w.org\/images\/core\/emoji\/13.1.0\/svg\/25aa.svg\" alt=\"\u25aa\" \/>wood<img decoding=\"async\" class=\"emoji\" role=\"img\" draggable=\"false\" src=\"https:\/\/s.w.org\/images\/core\/emoji\/13.1.0\/svg\/25aa.svg\" alt=\"\u25aa\" \/>paper\u00a0<img decoding=\"async\" class=\"emoji\" role=\"img\" draggable=\"false\" src=\"https:\/\/s.w.org\/images\/core\/emoji\/13.1.0\/svg\/25aa.svg\" alt=\"\u25aa\" \/>glass<img decoding=\"async\" class=\"emoji\" role=\"img\" draggable=\"false\" src=\"https:\/\/s.w.org\/images\/core\/emoji\/13.1.0\/svg\/25aa.svg\" alt=\"\u25aa\" \/>metal\u00a0<img decoding=\"async\" class=\"emoji\" role=\"img\" draggable=\"false\" src=\"https:\/\/s.w.org\/images\/core\/emoji\/13.1.0\/svg\/25aa.svg\" alt=\"\u25aa\" \/>cardboard<img decoding=\"async\" class=\"emoji\" role=\"img\" draggable=\"false\" src=\"https:\/\/s.w.org\/images\/core\/emoji\/13.1.0\/svg\/25aa.svg\" alt=\"\u25aa\" \/>clay<img decoding=\"async\" class=\"emoji\" role=\"img\" draggable=\"false\" src=\"https:\/\/s.w.org\/images\/core\/emoji\/13.1.0\/svg\/25aa.svg\" alt=\"\u25aa\" \/>plastic<img decoding=\"async\" class=\"emoji\" role=\"img\" draggable=\"false\" src=\"https:\/\/s.w.org\/images\/core\/emoji\/13.1.0\/svg\/25aa.svg\" alt=\"\u25aa\" \/>salt dough<img decoding=\"async\" class=\"emoji\" role=\"img\" draggable=\"false\" src=\"https:\/\/s.w.org\/images\/core\/emoji\/13.1.0\/svg\/25aa.svg\" alt=\"\u25aa\" \/>modeling clay<\/p>\n","protected":false},"featured_media":26394,"template":"","meta":[],"product_brand":[],"product_cat":[231],"product_tag":[],"class_list":{"0":"post-26930","1":"product","2":"type-product","3":"status-publish","4":"has-post-thumbnail","6":"product_cat-tempera-paints","8":"first","9":"instock","10":"shipping-taxable","11":"product-type-simple"},"yoast_head":"<!-- This site is optimized with the Yoast SEO plugin v27.3 - https:\/\/yoast.com\/product\/yoast-seo-wordpress\/ -->\n<title>In sachets - Happy Color<\/title>\n<meta name=\"robots\" content=\"index, follow, max-snippet:-1, max-image-preview:large, max-video-preview:-1\" \/>\n<link rel=\"canonical\" href=\"https:\/\/happycolor.pl\/product\/w-saszetkach\/\" \/>\n<meta property=\"og:locale\" content=\"en_US\" \/>\n<meta property=\"og:type\" content=\"article\" \/>\n<meta property=\"og:title\" content=\"In sachets - Happy Color\" \/>\n<meta property=\"og:description\" content=\"Child-friendly poster paints in squeeze sachets  POSTER PAINT   Thick, covering well and efficient paint with a delicate scent  For painting paper, cardboard, wood, clay, salt dough and modeling clay  The high pigment content ensures intense colour after drying  Great for brush, sponge and finger painting project  Easily washable from hands and most fabrics  The paint can be diluted with water, mixed with other paints and applied in multiple layers  Available in 14 intense colours, including 3 neon colours and gold  Safe and non-toxic (EN-71-3 standard)  Not suitable for children under 3 years of age, perfect for school activities  APPLICATION woodpaper\u00a0glassmetal\u00a0cardboardclayplasticsalt doughmodeling clay\" \/>\n<meta property=\"og:url\" content=\"https:\/\/happycolor.pl\/product\/w-saszetkach\/\" \/>\n<meta property=\"og:site_name\" content=\"Happy Color\" \/>\n<meta property=\"article:modified_time\" content=\"2024-03-07T13:55:58+00:00\" \/>\n<meta property=\"og:image\" content=\"https:\/\/happycolor.pl\/app\/uploads\/2024\/01\/0011_HA-3310-0100-0.jpg\" \/>\n\t<meta property=\"og:image:width\" content=\"1200\" \/>\n\t<meta property=\"og:image:height\" content=\"1200\" \/>\n\t<meta property=\"og:image:type\" content=\"image\/jpeg\" \/>\n<meta name=\"twitter:card\" content=\"summary_large_image\" \/>\n<meta name=\"twitter:label1\" content=\"Est. reading time\" \/>\n\t<meta name=\"twitter:data1\" content=\"1 minute\" \/>\n<script type=\"application\/ld+json\" class=\"yoast-schema-graph\">{\"@context\":\"https:\\\/\\\/schema.org\",\"@graph\":[{\"@type\":\"WebPage\",\"@id\":\"https:\\\/\\\/happycolor.pl\\\/product\\\/w-saszetkach\\\/\",\"url\":\"https:\\\/\\\/happycolor.pl\\\/product\\\/w-saszetkach\\\/\",\"name\":\"In sachets - Happy Color\",\"isPartOf\":{\"@id\":\"https:\\\/\\\/happycolor.pl\\\/#website\"},\"primaryImageOfPage\":{\"@id\":\"https:\\\/\\\/happycolor.pl\\\/product\\\/w-saszetkach\\\/#primaryimage\"},\"image\":{\"@id\":\"https:\\\/\\\/happycolor.pl\\\/product\\\/w-saszetkach\\\/#primaryimage\"},\"thumbnailUrl\":\"https:\\\/\\\/happycolor.pl\\\/app\\\/uploads\\\/2024\\\/01\\\/0011_HA-3310-0100-0.jpg\",\"datePublished\":\"2024-01-12T14:30:25+00:00\",\"dateModified\":\"2024-03-07T13:55:58+00:00\",\"breadcrumb\":{\"@id\":\"https:\\\/\\\/happycolor.pl\\\/product\\\/w-saszetkach\\\/#breadcrumb\"},\"inLanguage\":\"en-US\",\"potentialAction\":[{\"@type\":\"ReadAction\",\"target\":[\"https:\\\/\\\/happycolor.pl\\\/product\\\/w-saszetkach\\\/\"]}]},{\"@type\":\"ImageObject\",\"inLanguage\":\"en-US\",\"@id\":\"https:\\\/\\\/happycolor.pl\\\/product\\\/w-saszetkach\\\/#primaryimage\",\"url\":\"https:\\\/\\\/happycolor.pl\\\/app\\\/uploads\\\/2024\\\/01\\\/0011_HA-3310-0100-0.jpg\",\"contentUrl\":\"https:\\\/\\\/happycolor.pl\\\/app\\\/uploads\\\/2024\\\/01\\\/0011_HA-3310-0100-0.jpg\",\"width\":1200,\"height\":1200,\"caption\":\"G\u0119sta, wydajna farba o pi\u0119knym czystym kolorze. Do malowania papieru, kartonu, drewna, gliny, szk\u0142a, metalu, plastiku, masy solnej i modelarskiej. Wysoka zawarto\u015b\u0107 pigmentu zapewnia intensywny kolor po wyschni\u0119ciu. Do utrwalenia koloru mo\u017cna u\u017cy\u0107 werniksu (np. akrylowego). Dobre w\u0142a\u015bciwo\u015bci kryj\u0105ce. \u0141atwo zmywalna ze sk\u00f3ry r\u0105k i wi\u0119kszo\u015bci tkanin. Farb\u0119 mo\u017cna rozcie\u0144cza\u0107 z wod\u0105, miesza\u0107 z innymi farbami oraz nak\u0142ada\u0107 wielowarstwowo. Bezpieczna (norma EN-71), nietoksyczna, o delikatnym zapachu. Przeznaczona dla dzieci (od lat 3) i m\u0142odzie\u017cy, idealna na zaj\u0119cia szkolne.\"},{\"@type\":\"BreadcrumbList\",\"@id\":\"https:\\\/\\\/happycolor.pl\\\/product\\\/w-saszetkach\\\/#breadcrumb\",\"itemListElement\":[{\"@type\":\"ListItem\",\"position\":1,\"name\":\"Sklep\",\"item\":\"https:\\\/\\\/happycolor.pl\\\/sklep\\\/\"},{\"@type\":\"ListItem\",\"position\":2,\"name\":\"In sachets\"}]},{\"@type\":\"WebSite\",\"@id\":\"https:\\\/\\\/happycolor.pl\\\/#website\",\"url\":\"https:\\\/\\\/happycolor.pl\\\/\",\"name\":\"Happy Color\",\"description\":\"Poznaj nasz kolorowy \u015bwiat\",\"potentialAction\":[{\"@type\":\"SearchAction\",\"target\":{\"@type\":\"EntryPoint\",\"urlTemplate\":\"https:\\\/\\\/happycolor.pl\\\/?s={search_term_string}\"},\"query-input\":{\"@type\":\"PropertyValueSpecification\",\"valueRequired\":true,\"valueName\":\"search_term_string\"}}],\"inLanguage\":\"en-US\"}]}<\/script>\n<!-- \/ Yoast SEO plugin. -->","yoast_head_json":{"title":"In sachets - Happy Color","robots":{"index":"index","follow":"follow","max-snippet":"max-snippet:-1","max-image-preview":"max-image-preview:large","max-video-preview":"max-video-preview:-1"},"canonical":"https:\/\/happycolor.pl\/product\/w-saszetkach\/","og_locale":"en_US","og_type":"article","og_title":"In sachets - Happy Color","og_description":"Child-friendly poster paints in squeeze sachets  POSTER PAINT   Thick, covering well and efficient paint with a delicate scent  For painting paper, cardboard, wood, clay, salt dough and modeling clay  The high pigment content ensures intense colour after drying  Great for brush, sponge and finger painting project  Easily washable from hands and most fabrics  The paint can be diluted with water, mixed with other paints and applied in multiple layers  Available in 14 intense colours, including 3 neon colours and gold  Safe and non-toxic (EN-71-3 standard)  Not suitable for children under 3 years of age, perfect for school activities  APPLICATION woodpaper\u00a0glassmetal\u00a0cardboardclayplasticsalt doughmodeling clay","og_url":"https:\/\/happycolor.pl\/product\/w-saszetkach\/","og_site_name":"Happy Color","article_modified_time":"2024-03-07T13:55:58+00:00","og_image":[{"width":1200,"height":1200,"url":"https:\/\/happycolor.pl\/app\/uploads\/2024\/01\/0011_HA-3310-0100-0.jpg","type":"image\/jpeg"}],"twitter_card":"summary_large_image","twitter_misc":{"Est. reading time":"1 minute"},"schema":{"@context":"https:\/\/schema.org","@graph":[{"@type":"WebPage","@id":"https:\/\/happycolor.pl\/product\/w-saszetkach\/","url":"https:\/\/happycolor.pl\/product\/w-saszetkach\/","name":"In sachets - Happy Color","isPartOf":{"@id":"https:\/\/happycolor.pl\/#website"},"primaryImageOfPage":{"@id":"https:\/\/happycolor.pl\/product\/w-saszetkach\/#primaryimage"},"image":{"@id":"https:\/\/happycolor.pl\/product\/w-saszetkach\/#primaryimage"},"thumbnailUrl":"https:\/\/happycolor.pl\/app\/uploads\/2024\/01\/0011_HA-3310-0100-0.jpg","datePublished":"2024-01-12T14:30:25+00:00","dateModified":"2024-03-07T13:55:58+00:00","breadcrumb":{"@id":"https:\/\/happycolor.pl\/product\/w-saszetkach\/#breadcrumb"},"inLanguage":"en-US","potentialAction":[{"@type":"ReadAction","target":["https:\/\/happycolor.pl\/product\/w-saszetkach\/"]}]},{"@type":"ImageObject","inLanguage":"en-US","@id":"https:\/\/happycolor.pl\/product\/w-saszetkach\/#primaryimage","url":"https:\/\/happycolor.pl\/app\/uploads\/2024\/01\/0011_HA-3310-0100-0.jpg","contentUrl":"https:\/\/happycolor.pl\/app\/uploads\/2024\/01\/0011_HA-3310-0100-0.jpg","width":1200,"height":1200,"caption":"G\u0119sta, wydajna farba o pi\u0119knym czystym kolorze. Do malowania papieru, kartonu, drewna, gliny, szk\u0142a, metalu, plastiku, masy solnej i modelarskiej. Wysoka zawarto\u015b\u0107 pigmentu zapewnia intensywny kolor po wyschni\u0119ciu. Do utrwalenia koloru mo\u017cna u\u017cy\u0107 werniksu (np. akrylowego). Dobre w\u0142a\u015bciwo\u015bci kryj\u0105ce. \u0141atwo zmywalna ze sk\u00f3ry r\u0105k i wi\u0119kszo\u015bci tkanin. Farb\u0119 mo\u017cna rozcie\u0144cza\u0107 z wod\u0105, miesza\u0107 z innymi farbami oraz nak\u0142ada\u0107 wielowarstwowo. Bezpieczna (norma EN-71), nietoksyczna, o delikatnym zapachu. Przeznaczona dla dzieci (od lat 3) i m\u0142odzie\u017cy, idealna na zaj\u0119cia szkolne."},{"@type":"BreadcrumbList","@id":"https:\/\/happycolor.pl\/product\/w-saszetkach\/#breadcrumb","itemListElement":[{"@type":"ListItem","position":1,"name":"Sklep","item":"https:\/\/happycolor.pl\/sklep\/"},{"@type":"ListItem","position":2,"name":"In sachets"}]},{"@type":"WebSite","@id":"https:\/\/happycolor.pl\/#website","url":"https:\/\/happycolor.pl\/","name":"Happy Color","description":"Poznaj nasz kolorowy \u015bwiat","potentialAction":[{"@type":"SearchAction","target":{"@type":"EntryPoint","urlTemplate":"https:\/\/happycolor.pl\/?s={search_term_string}"},"query-input":{"@type":"PropertyValueSpecification","valueRequired":true,"valueName":"search_term_string"}}],"inLanguage":"en-US"}]}},"_links":{"self":[{"href":"https:\/\/happycolor.pl\/en\/wp-json\/wp\/v2\/product\/26930","targetHints":{"allow":["GET"]}}],"collection":[{"href":"https:\/\/happycolor.pl\/en\/wp-json\/wp\/v2\/product"}],"about":[{"href":"https:\/\/happycolor.pl\/en\/wp-json\/wp\/v2\/types\/product"}],"wp:featuredmedia":[{"embeddable":true,"href":"https:\/\/happycolor.pl\/en\/wp-json\/wp\/v2\/media\/26394"}],"wp:attachment":[{"href":"https:\/\/happycolor.pl\/en\/wp-json\/wp\/v2\/media?parent=26930"}],"wp:term":[{"taxonomy":"product_brand","embeddable":true,"href":"https:\/\/happycolor.pl\/en\/wp-json\/wp\/v2\/product_brand?post=26930"},{"taxonomy":"product_cat","embeddable":true,"href":"https:\/\/happycolor.pl\/en\/wp-json\/wp\/v2\/product_cat?post=26930"},{"taxonomy":"product_tag","embeddable":true,"href":"https:\/\/happycolor.pl\/en\/wp-json\/wp\/v2\/product_tag?post=26930"}],"curies":[{"name":"wp","href":"https:\/\/api.w.org\/{rel}","templated":true}]}}