{"id":26865,"date":"2024-01-16T15:55:18","date_gmt":"2024-01-16T14:55:18","guid":{"rendered":"https:\/\/www.happycolor.pl\/produkt\/set-of-10-colours-brown-tones\/"},"modified":"2024-04-08T15:04:26","modified_gmt":"2024-04-08T13:04:26","slug":"set-of-10-colours-brown-tones","status":"publish","type":"product","link":"https:\/\/happycolor.pl\/en\/product\/set-of-10-colours-brown-tones\/","title":{"rendered":"Set of 10 colours \u2013 brown tones"},"content":{"rendered":"","protected":false},"excerpt":{"rendered":"<p>A set of acrylic paints in 10 brown tones<\/p>\n<p>PAINT SET<\/p>\n<ul>\n<li>High-quality hobby acrylic paint<\/li>\n<li>You can mix it with water or other colours of this series<\/li>\n<li>Waterproof after drying, brushes and dirty surfaces are easily washed with soap and water<\/li>\n<li>Odorless<\/li>\n<li>Colours included: light Neapolitan yellow, Neapolitan yellow, yellow Neapolitan red, flesh tint, ocher, umber, van dyke brown, antique brown metallic, roasted sienna, royal brown metallic<\/li>\n<li>Not suitable for children under 3 years (risk of paint consumption)<\/li>\n<li>Meets the CE test result<\/li>\n<li>Capacity: 12 ml tube<\/li>\n<\/ul>\n<p>APPLICATION<br \/>\n<img decoding=\"async\" class=\"emoji\" role=\"img\" draggable=\"false\" src=\"https:\/\/s.w.org\/images\/core\/emoji\/13.1.0\/svg\/25aa.svg\" alt=\"\u25aa\" \/>wood<img decoding=\"async\" class=\"emoji\" role=\"img\" draggable=\"false\" src=\"https:\/\/s.w.org\/images\/core\/emoji\/13.1.0\/svg\/25aa.svg\" alt=\"\u25aa\" \/>glass<img decoding=\"async\" class=\"emoji\" role=\"img\" draggable=\"false\" src=\"https:\/\/s.w.org\/images\/core\/emoji\/13.1.0\/svg\/25aa.svg\" alt=\"\u25aa\" \/>paper<img decoding=\"async\" class=\"emoji\" role=\"img\" draggable=\"false\" src=\"https:\/\/s.w.org\/images\/core\/emoji\/13.1.0\/svg\/25aa.svg\" alt=\"\u25aa\" \/>metal\u00a0<img decoding=\"async\" class=\"emoji\" role=\"img\" draggable=\"false\" src=\"https:\/\/s.w.org\/images\/core\/emoji\/13.1.0\/svg\/25aa.svg\" alt=\"\u25aa\" \/>fabric <img decoding=\"async\" class=\"emoji\" role=\"img\" draggable=\"false\" src=\"https:\/\/s.w.org\/images\/core\/emoji\/13.1.0\/svg\/25aa.svg\" alt=\"\u25aa\" \/>styrofoam<img decoding=\"async\" class=\"emoji\" role=\"img\" draggable=\"false\" src=\"https:\/\/s.w.org\/images\/core\/emoji\/13.1.0\/svg\/25aa.svg\" alt=\"\u25aa\" \/>porcelain<\/p>\n","protected":false},"featured_media":26443,"template":"","meta":[],"product_brand":[],"product_cat":[233],"product_tag":[],"class_list":{"0":"post-26865","1":"product","2":"type-product","3":"status-publish","4":"has-post-thumbnail","6":"product_cat-acrylic-paints-sets","8":"first","9":"instock","10":"shipping-taxable","11":"product-type-simple"},"yoast_head":"<!-- This site is optimized with the Yoast SEO plugin v27.3 - https:\/\/yoast.com\/product\/yoast-seo-wordpress\/ -->\n<title>Set of 10 colours \u2013 brown tones - Happy Color<\/title>\n<meta name=\"robots\" content=\"index, follow, max-snippet:-1, max-image-preview:large, max-video-preview:-1\" \/>\n<link rel=\"canonical\" href=\"https:\/\/happycolor.pl\/en\/product\/set-of-10-colours-brown-tones\/\" \/>\n<meta property=\"og:locale\" content=\"en_US\" \/>\n<meta property=\"og:type\" content=\"article\" \/>\n<meta property=\"og:title\" content=\"Set of 10 colours \u2013 brown tones - Happy Color\" \/>\n<meta property=\"og:description\" content=\"A set of acrylic paints in 10 brown tones  PAINT SET   High-quality hobby acrylic paint  You can mix it with water or other colours of this series  Waterproof after drying, brushes and dirty surfaces are easily washed with soap and water  Odorless  Colours included: light Neapolitan yellow, Neapolitan yellow, yellow Neapolitan red, flesh tint, ocher, umber, van dyke brown, antique brown metallic, roasted sienna, royal brown metallic  Not suitable for children under 3 years (risk of paint consumption)  Meets the CE test result  Capacity: 12 ml tube  APPLICATION woodglasspapermetal\u00a0fabric styrofoamporcelain\" \/>\n<meta property=\"og:url\" content=\"https:\/\/happycolor.pl\/en\/product\/set-of-10-colours-brown-tones\/\" \/>\n<meta property=\"og:site_name\" content=\"Happy Color\" \/>\n<meta property=\"article:modified_time\" content=\"2024-04-08T13:04:26+00:00\" \/>\n<meta property=\"og:image\" content=\"https:\/\/happycolor.pl\/app\/uploads\/2024\/01\/HA-7370-012-BR10_s.jpg\" \/>\n\t<meta property=\"og:image:width\" content=\"1200\" \/>\n\t<meta property=\"og:image:height\" content=\"1200\" \/>\n\t<meta property=\"og:image:type\" content=\"image\/jpeg\" \/>\n<meta name=\"twitter:card\" content=\"summary_large_image\" \/>\n<meta name=\"twitter:label1\" content=\"Est. reading time\" \/>\n\t<meta name=\"twitter:data1\" content=\"1 minute\" \/>\n<script type=\"application\/ld+json\" class=\"yoast-schema-graph\">{\"@context\":\"https:\\\/\\\/schema.org\",\"@graph\":[{\"@type\":\"WebPage\",\"@id\":\"https:\\\/\\\/happycolor.pl\\\/en\\\/product\\\/set-of-10-colours-brown-tones\\\/\",\"url\":\"https:\\\/\\\/happycolor.pl\\\/en\\\/product\\\/set-of-10-colours-brown-tones\\\/\",\"name\":\"Set of 10 colours \u2013 brown tones - Happy Color\",\"isPartOf\":{\"@id\":\"https:\\\/\\\/happycolor.pl\\\/#website\"},\"primaryImageOfPage\":{\"@id\":\"https:\\\/\\\/happycolor.pl\\\/en\\\/product\\\/set-of-10-colours-brown-tones\\\/#primaryimage\"},\"image\":{\"@id\":\"https:\\\/\\\/happycolor.pl\\\/en\\\/product\\\/set-of-10-colours-brown-tones\\\/#primaryimage\"},\"thumbnailUrl\":\"https:\\\/\\\/happycolor.pl\\\/app\\\/uploads\\\/2024\\\/01\\\/HA-7370-012-BR10_s.jpg\",\"datePublished\":\"2024-01-16T14:55:18+00:00\",\"dateModified\":\"2024-04-08T13:04:26+00:00\",\"breadcrumb\":{\"@id\":\"https:\\\/\\\/happycolor.pl\\\/en\\\/product\\\/set-of-10-colours-brown-tones\\\/#breadcrumb\"},\"inLanguage\":\"en-US\",\"potentialAction\":[{\"@type\":\"ReadAction\",\"target\":[\"https:\\\/\\\/happycolor.pl\\\/en\\\/product\\\/set-of-10-colours-brown-tones\\\/\"]}]},{\"@type\":\"ImageObject\",\"inLanguage\":\"en-US\",\"@id\":\"https:\\\/\\\/happycolor.pl\\\/en\\\/product\\\/set-of-10-colours-brown-tones\\\/#primaryimage\",\"url\":\"https:\\\/\\\/happycolor.pl\\\/app\\\/uploads\\\/2024\\\/01\\\/HA-7370-012-BR10_s.jpg\",\"contentUrl\":\"https:\\\/\\\/happycolor.pl\\\/app\\\/uploads\\\/2024\\\/01\\\/HA-7370-012-BR10_s.jpg\",\"width\":1200,\"height\":1200,\"caption\":\"Wysokiej jako\u015bci hobbystyczna farba akrylowa. Bezzapachowa. Idealna do stosowania na drewnie, papierze, szkle, metalu i tkaninach. Mo\u017cna miesza\u0107 j\u0105 z wod\u0105 lub innymi kolorami tej serii. Wodoodporna po wyschni\u0119ciu, p\u0119dzle i zabrudzone powierzchnie \u0142atwo zmywalne myd\u0142em oraz wod\u0105. Nieodpowiednia dla dzieci poni\u017cej 3 lat (ryzyko spo\u017cycia farby). Posiada atest CE. Pojemno\u015b\u0107 tubki 12 ml\u00a0\"},{\"@type\":\"BreadcrumbList\",\"@id\":\"https:\\\/\\\/happycolor.pl\\\/en\\\/product\\\/set-of-10-colours-brown-tones\\\/#breadcrumb\",\"itemListElement\":[{\"@type\":\"ListItem\",\"position\":1,\"name\":\"Sklep\",\"item\":\"https:\\\/\\\/happycolor.pl\\\/sklep\\\/\"},{\"@type\":\"ListItem\",\"position\":2,\"name\":\"Set of 10 colours \u2013 brown tones\"}]},{\"@type\":\"WebSite\",\"@id\":\"https:\\\/\\\/happycolor.pl\\\/#website\",\"url\":\"https:\\\/\\\/happycolor.pl\\\/\",\"name\":\"Happy Color\",\"description\":\"Poznaj nasz kolorowy \u015bwiat\",\"potentialAction\":[{\"@type\":\"SearchAction\",\"target\":{\"@type\":\"EntryPoint\",\"urlTemplate\":\"https:\\\/\\\/happycolor.pl\\\/?s={search_term_string}\"},\"query-input\":{\"@type\":\"PropertyValueSpecification\",\"valueRequired\":true,\"valueName\":\"search_term_string\"}}],\"inLanguage\":\"en-US\"}]}<\/script>\n<!-- \/ Yoast SEO plugin. -->","yoast_head_json":{"title":"Set of 10 colours \u2013 brown tones - Happy Color","robots":{"index":"index","follow":"follow","max-snippet":"max-snippet:-1","max-image-preview":"max-image-preview:large","max-video-preview":"max-video-preview:-1"},"canonical":"https:\/\/happycolor.pl\/en\/product\/set-of-10-colours-brown-tones\/","og_locale":"en_US","og_type":"article","og_title":"Set of 10 colours \u2013 brown tones - Happy Color","og_description":"A set of acrylic paints in 10 brown tones  PAINT SET   High-quality hobby acrylic paint  You can mix it with water or other colours of this series  Waterproof after drying, brushes and dirty surfaces are easily washed with soap and water  Odorless  Colours included: light Neapolitan yellow, Neapolitan yellow, yellow Neapolitan red, flesh tint, ocher, umber, van dyke brown, antique brown metallic, roasted sienna, royal brown metallic  Not suitable for children under 3 years (risk of paint consumption)  Meets the CE test result  Capacity: 12 ml tube  APPLICATION woodglasspapermetal\u00a0fabric styrofoamporcelain","og_url":"https:\/\/happycolor.pl\/en\/product\/set-of-10-colours-brown-tones\/","og_site_name":"Happy Color","article_modified_time":"2024-04-08T13:04:26+00:00","og_image":[{"width":1200,"height":1200,"url":"https:\/\/happycolor.pl\/app\/uploads\/2024\/01\/HA-7370-012-BR10_s.jpg","type":"image\/jpeg"}],"twitter_card":"summary_large_image","twitter_misc":{"Est. reading time":"1 minute"},"schema":{"@context":"https:\/\/schema.org","@graph":[{"@type":"WebPage","@id":"https:\/\/happycolor.pl\/en\/product\/set-of-10-colours-brown-tones\/","url":"https:\/\/happycolor.pl\/en\/product\/set-of-10-colours-brown-tones\/","name":"Set of 10 colours \u2013 brown tones - Happy Color","isPartOf":{"@id":"https:\/\/happycolor.pl\/#website"},"primaryImageOfPage":{"@id":"https:\/\/happycolor.pl\/en\/product\/set-of-10-colours-brown-tones\/#primaryimage"},"image":{"@id":"https:\/\/happycolor.pl\/en\/product\/set-of-10-colours-brown-tones\/#primaryimage"},"thumbnailUrl":"https:\/\/happycolor.pl\/app\/uploads\/2024\/01\/HA-7370-012-BR10_s.jpg","datePublished":"2024-01-16T14:55:18+00:00","dateModified":"2024-04-08T13:04:26+00:00","breadcrumb":{"@id":"https:\/\/happycolor.pl\/en\/product\/set-of-10-colours-brown-tones\/#breadcrumb"},"inLanguage":"en-US","potentialAction":[{"@type":"ReadAction","target":["https:\/\/happycolor.pl\/en\/product\/set-of-10-colours-brown-tones\/"]}]},{"@type":"ImageObject","inLanguage":"en-US","@id":"https:\/\/happycolor.pl\/en\/product\/set-of-10-colours-brown-tones\/#primaryimage","url":"https:\/\/happycolor.pl\/app\/uploads\/2024\/01\/HA-7370-012-BR10_s.jpg","contentUrl":"https:\/\/happycolor.pl\/app\/uploads\/2024\/01\/HA-7370-012-BR10_s.jpg","width":1200,"height":1200,"caption":"Wysokiej jako\u015bci hobbystyczna farba akrylowa. Bezzapachowa. Idealna do stosowania na drewnie, papierze, szkle, metalu i tkaninach. Mo\u017cna miesza\u0107 j\u0105 z wod\u0105 lub innymi kolorami tej serii. Wodoodporna po wyschni\u0119ciu, p\u0119dzle i zabrudzone powierzchnie \u0142atwo zmywalne myd\u0142em oraz wod\u0105. Nieodpowiednia dla dzieci poni\u017cej 3 lat (ryzyko spo\u017cycia farby). Posiada atest CE. Pojemno\u015b\u0107 tubki 12 ml\u00a0"},{"@type":"BreadcrumbList","@id":"https:\/\/happycolor.pl\/en\/product\/set-of-10-colours-brown-tones\/#breadcrumb","itemListElement":[{"@type":"ListItem","position":1,"name":"Sklep","item":"https:\/\/happycolor.pl\/sklep\/"},{"@type":"ListItem","position":2,"name":"Set of 10 colours \u2013 brown tones"}]},{"@type":"WebSite","@id":"https:\/\/happycolor.pl\/#website","url":"https:\/\/happycolor.pl\/","name":"Happy Color","description":"Poznaj nasz kolorowy \u015bwiat","potentialAction":[{"@type":"SearchAction","target":{"@type":"EntryPoint","urlTemplate":"https:\/\/happycolor.pl\/?s={search_term_string}"},"query-input":{"@type":"PropertyValueSpecification","valueRequired":true,"valueName":"search_term_string"}}],"inLanguage":"en-US"}]}},"_links":{"self":[{"href":"https:\/\/happycolor.pl\/en\/wp-json\/wp\/v2\/product\/26865","targetHints":{"allow":["GET"]}}],"collection":[{"href":"https:\/\/happycolor.pl\/en\/wp-json\/wp\/v2\/product"}],"about":[{"href":"https:\/\/happycolor.pl\/en\/wp-json\/wp\/v2\/types\/product"}],"wp:featuredmedia":[{"embeddable":true,"href":"https:\/\/happycolor.pl\/en\/wp-json\/wp\/v2\/media\/26443"}],"wp:attachment":[{"href":"https:\/\/happycolor.pl\/en\/wp-json\/wp\/v2\/media?parent=26865"}],"wp:term":[{"taxonomy":"product_brand","embeddable":true,"href":"https:\/\/happycolor.pl\/en\/wp-json\/wp\/v2\/product_brand?post=26865"},{"taxonomy":"product_cat","embeddable":true,"href":"https:\/\/happycolor.pl\/en\/wp-json\/wp\/v2\/product_cat?post=26865"},{"taxonomy":"product_tag","embeddable":true,"href":"https:\/\/happycolor.pl\/en\/wp-json\/wp\/v2\/product_tag?post=26865"}],"curies":[{"name":"wp","href":"https:\/\/api.w.org\/{rel}","templated":true}]}}