{"id":26859,"date":"2021-12-01T14:20:58","date_gmt":"2021-12-01T13:20:58","guid":{"rendered":"https:\/\/www.happycolor.pl\/produkt\/studio-acrylic-paints\/"},"modified":"2024-02-26T22:57:22","modified_gmt":"2024-02-26T21:57:22","slug":"studio-acrylic-paints","status":"publish","type":"product","link":"https:\/\/happycolor.pl\/en\/product\/studio-acrylic-paints\/","title":{"rendered":"Studio acrylic paints"},"content":{"rendered":"<table style=\"border-collapse: collapse; width: 100%;\">\n<tbody>\n<tr>\n<td class=\"cmsmasters_table_cell_aligncenter\" style=\"width: 33.3002%; text-align: center;\"><strong>COLOUR<\/strong><\/td>\n<td class=\"cmsmasters_table_cell_aligncenter\" style=\"width: 33.3002%; text-align: center;\"><strong>CAPACITY<\/strong><\/td>\n<td class=\"cmsmasters_table_cell_aligncenter\" style=\"width: 33.3002%; text-align: center;\"><strong>COVERAGE<\/strong><\/td>\n<\/tr>\n<tr>\n<td style=\"width: 33.3002%; text-align: center;\">Titanium white<\/td>\n<td style=\"width: 33.3002%; text-align: center;\">200 ml<\/td>\n<td style=\"width: 33.3002%; text-align: center;\">Covering<\/td>\n<\/tr>\n<tr>\n<td style=\"width: 33.3002%; text-align: center;\">Zinc white<\/td>\n<td style=\"width: 33.3002%; text-align: center;\">200 ml<\/td>\n<td style=\"width: 33.3002%; text-align: center;\">Half-covering<\/td>\n<\/tr>\n<tr>\n<td style=\"width: 33.3002%; text-align: center;\">Cadmium yellow<\/td>\n<td style=\"width: 33.3002%; text-align: center;\">200 ml<\/td>\n<td style=\"width: 33.3002%; text-align: center;\">Half-covering<\/td>\n<\/tr>\n<tr>\n<td style=\"width: 33.3002%; text-align: center;\">Yellow<\/td>\n<td style=\"width: 33.3002%; text-align: center;\">200 ml<\/td>\n<td style=\"width: 33.3002%; text-align: center;\">Half-covering<\/td>\n<\/tr>\n<tr>\n<td style=\"width: 33.3002%; text-align: center;\">Lemon yellow<\/td>\n<td style=\"width: 33.3002%; text-align: center;\">200 ml<\/td>\n<td style=\"width: 33.3002%; text-align: center;\">Half-covering<\/td>\n<\/tr>\n<tr>\n<td style=\"width: 33.3002%; text-align: center;\">Naples yellow<\/td>\n<td style=\"width: 33.3002%; text-align: center;\">200 ml<\/td>\n<td style=\"width: 33.3002%; text-align: center;\">Covering<\/td>\n<\/tr>\n<tr>\n<td style=\"width: 33.3002%; text-align: center;\">Flesh tint<\/td>\n<td style=\"width: 33.3002%; text-align: center;\">200 ml<\/td>\n<td style=\"width: 33.3002%; text-align: center;\">Half-covering<\/td>\n<\/tr>\n<tr>\n<td style=\"width: 33.3002%; text-align: center;\">Red cadmium<\/td>\n<td style=\"width: 33.3002%; text-align: center;\">200 ml<\/td>\n<td style=\"width: 33.3002%; text-align: center;\">Covering<\/td>\n<\/tr>\n<tr>\n<td style=\"width: 33.3002%; text-align: center;\">Magenta<\/td>\n<td style=\"width: 33.3002%; text-align: center;\">200 ml<\/td>\n<td style=\"width: 33.3002%; text-align: center;\">Half-covering<\/td>\n<\/tr>\n<tr>\n<td style=\"width: 33.3002%; text-align: center;\">Red cadmium light<\/td>\n<td style=\"width: 33.3002%; text-align: center;\">200 ml<\/td>\n<td style=\"width: 33.3002%; text-align: center;\">Half-covering<\/td>\n<\/tr>\n<tr>\n<td style=\"width: 33.3002%; text-align: center;\">Alizarin<\/td>\n<td style=\"width: 33.3002%; text-align: center;\">200 ml<\/td>\n<td style=\"width: 33.3002%; text-align: center;\">Non-covering<\/td>\n<\/tr>\n<tr>\n<td style=\"width: 33.3002%; text-align: center;\">Carmine<\/td>\n<td style=\"width: 33.3002%; text-align: center;\">200 ml<\/td>\n<td style=\"width: 33.3002%; text-align: center;\">Non-covering<\/td>\n<\/tr>\n<tr>\n<td style=\"width: 33.3002%; text-align: center;\">Cerulean blue<\/td>\n<td style=\"width: 33.3002%; text-align: center;\">200 ml<\/td>\n<td style=\"width: 33.3002%; text-align: center;\">Half-covering<\/td>\n<\/tr>\n<tr>\n<td style=\"width: 33.3002%; text-align: center;\">Ultramarine<\/td>\n<td style=\"width: 33.3002%; text-align: center;\">200 ml<\/td>\n<td style=\"width: 33.3002%; text-align: center;\">Non-covering<\/td>\n<\/tr>\n<tr>\n<td style=\"width: 33.3002%; text-align: center;\">Cobald blue<\/td>\n<td style=\"width: 33.3002%; text-align: center;\">200 ml<\/td>\n<td style=\"width: 33.3002%; text-align: center;\">Half-covering<\/td>\n<\/tr>\n<tr>\n<td style=\"width: 33.3002%; text-align: center;\">Indygo<\/td>\n<td style=\"width: 33.3002%; text-align: center;\">200 ml<\/td>\n<td style=\"width: 33.3002%; text-align: center;\">Half-covering<\/td>\n<\/tr>\n<tr>\n<td style=\"width: 33.3002%; text-align: center;\">Phtalo blue<\/td>\n<td style=\"width: 33.3002%; text-align: center;\">200 ml<\/td>\n<td style=\"width: 33.3002%; text-align: center;\">Non-covering<\/td>\n<\/tr>\n<tr>\n<td style=\"width: 33.3002%; text-align: center;\">Turquoise<\/td>\n<td style=\"width: 33.3002%; text-align: center;\">200 ml<\/td>\n<td style=\"width: 33.3002%; text-align: center;\">Covering<\/td>\n<\/tr>\n<tr>\n<td style=\"width: 33.3002%; text-align: center;\">Orange<\/td>\n<td style=\"width: 33.3002%; text-align: center;\">200 ml<\/td>\n<td style=\"width: 33.3002%; text-align: center;\">Half-covering<\/td>\n<\/tr>\n<tr>\n<td style=\"width: 33.3002%; text-align: center;\">Emerald<\/td>\n<td style=\"width: 33.3002%; text-align: center;\">200 ml<\/td>\n<td style=\"width: 33.3002%; text-align: center;\">Non-covering<\/td>\n<\/tr>\n<tr>\n<td style=\"width: 33.3002%; text-align: center;\">Light green<\/td>\n<td style=\"width: 33.3002%; text-align: center;\">200 ml<\/td>\n<td style=\"width: 33.3002%; text-align: center;\">Half-covering<\/td>\n<\/tr>\n<tr>\n<td style=\"width: 33.3002%; text-align: center;\">Chrome green<\/td>\n<td style=\"width: 33.3002%; text-align: center;\">200 ml<\/td>\n<td style=\"width: 33.3002%; text-align: center;\">Covering<\/td>\n<\/tr>\n<tr>\n<td style=\"width: 33.3002%; text-align: center;\">Sap green<\/td>\n<td style=\"width: 33.3002%; text-align: center;\">200 ml<\/td>\n<td style=\"width: 33.3002%; text-align: center;\">Non-covering<\/td>\n<\/tr>\n<tr>\n<td style=\"width: 33.3002%; text-align: center;\">Violet<\/td>\n<td style=\"width: 33.3002%; text-align: center;\">200 ml<\/td>\n<td style=\"width: 33.3002%; text-align: center;\">Non-coverng<\/td>\n<\/tr>\n<tr>\n<td style=\"width: 33.3002%; text-align: center;\">Ochre<\/td>\n<td style=\"width: 33.3002%; text-align: center;\">200 ml<\/td>\n<td style=\"width: 33.3002%; text-align: center;\">Covering<\/td>\n<\/tr>\n<tr>\n<td style=\"width: 33.3002%; text-align: center;\">Burnt sienna<\/td>\n<td style=\"width: 33.3002%; text-align: center;\">200 ml<\/td>\n<td style=\"width: 33.3002%; text-align: center;\">Covering<\/td>\n<\/tr>\n<tr>\n<td style=\"width: 33.3002%; text-align: center;\">Umber<\/td>\n<td style=\"width: 33.3002%; text-align: center;\">200 ml<\/td>\n<td style=\"width: 33.3002%; text-align: center;\">Covering<\/td>\n<\/tr>\n<tr>\n<td style=\"width: 33.3002%; text-align: center;\">Burnt umber<\/td>\n<td style=\"width: 33.3002%; text-align: center;\">200 ml<\/td>\n<td style=\"width: 33.3002%; text-align: center;\">Covering<\/td>\n<\/tr>\n<tr>\n<td style=\"width: 33.3002%; text-align: center;\">Lamp black<\/td>\n<td style=\"width: 33.3002%; text-align: center;\">200 ml<\/td>\n<td style=\"width: 33.3002%; text-align: center;\">Covering<\/td>\n<\/tr>\n<\/tbody>\n<\/table>\n","protected":false},"excerpt":{"rendered":"<p>Hobby acrylic paint, based on high-quality resin, highly pigmented<\/p>\n<p>STUDIO ACRYLIC PAINT<\/p>\n<ul>\n<li>High-quality hobby acrylic paint<\/li>\n<li>Dedicated to all demanding students and beginning artists, for whom the higher capacity of paint makes difference when working with larger canvas<\/li>\n<li>The colours can be mixed with each other and other acrylic media from the Happy Color family or diluted with water<\/li>\n<li>In order to increase the resistance of the painted surface, it should be covered with varnish after finishing work<\/li>\n<li>High lightfastness, with professional marks describing the lightfastness in museum conditions<\/li>\n<li>Not suitable for children under 3 years (risk of paint consumption)<\/li>\n<li>Meet the CE and EN 71-3 certificates<\/li>\n<li>Capacity: 200 ml tube<\/li>\n<\/ul>\n<p>APPLICATION<br \/>\n<img decoding=\"async\" class=\"emoji\" role=\"img\" draggable=\"false\" src=\"https:\/\/s.w.org\/images\/core\/emoji\/13.1.0\/svg\/25aa.svg\" alt=\"\u25aa\" \/>wood<img decoding=\"async\" class=\"emoji\" role=\"img\" draggable=\"false\" src=\"https:\/\/s.w.org\/images\/core\/emoji\/13.1.0\/svg\/25aa.svg\" alt=\"\u25aa\" \/>steel<img decoding=\"async\" class=\"emoji\" role=\"img\" draggable=\"false\" src=\"https:\/\/s.w.org\/images\/core\/emoji\/13.1.0\/svg\/25aa.svg\" alt=\"\u25aa\" \/>glass<img decoding=\"async\" class=\"emoji\" role=\"img\" draggable=\"false\" src=\"https:\/\/s.w.org\/images\/core\/emoji\/13.1.0\/svg\/25aa.svg\" alt=\"\u25aa\" \/>stones<img decoding=\"async\" class=\"emoji\" role=\"img\" draggable=\"false\" src=\"https:\/\/s.w.org\/images\/core\/emoji\/13.1.0\/svg\/25aa.svg\" alt=\"\u25aa\" \/>concrete<img decoding=\"async\" class=\"emoji\" role=\"img\" draggable=\"false\" src=\"https:\/\/s.w.org\/images\/core\/emoji\/13.1.0\/svg\/25aa.svg\" alt=\"\u25aa\" \/>plastic<img decoding=\"async\" class=\"emoji\" role=\"img\" draggable=\"false\" src=\"https:\/\/s.w.org\/images\/core\/emoji\/13.1.0\/svg\/25aa.svg\" alt=\"\u25aa\" \/>jeans<img decoding=\"async\" class=\"emoji\" role=\"img\" draggable=\"false\" src=\"https:\/\/s.w.org\/images\/core\/emoji\/13.1.0\/svg\/25aa.svg\" alt=\"\u25aa\" \/>polyester<br \/>\n<img decoding=\"async\" class=\"emoji\" role=\"img\" draggable=\"false\" src=\"https:\/\/s.w.org\/images\/core\/emoji\/13.1.0\/svg\/25aa.svg\" alt=\"\u25aa\" \/>cotton<img decoding=\"async\" class=\"emoji\" role=\"img\" draggable=\"false\" src=\"https:\/\/s.w.org\/images\/core\/emoji\/13.1.0\/svg\/25aa.svg\" alt=\"\u25aa\" \/>wool<\/p>\n","protected":false},"featured_media":29331,"template":"","meta":[],"product_brand":[],"product_cat":[234],"product_tag":[],"class_list":{"0":"post-26859","1":"product","2":"type-product","3":"status-publish","4":"has-post-thumbnail","6":"product_cat-studio-acrylic-paints","8":"first","9":"instock","10":"shipping-taxable","11":"product-type-simple"},"yoast_head":"<!-- This site is optimized with the Yoast SEO plugin v27.5 - https:\/\/yoast.com\/product\/yoast-seo-wordpress\/ -->\n<title>Studio acrylic paints - Happy Color<\/title>\n<meta name=\"robots\" content=\"index, follow, max-snippet:-1, max-image-preview:large, max-video-preview:-1\" \/>\n<link rel=\"canonical\" href=\"https:\/\/happycolor.pl\/en\/product\/studio-acrylic-paints\/\" \/>\n<meta property=\"og:locale\" content=\"en_US\" \/>\n<meta property=\"og:type\" content=\"article\" \/>\n<meta property=\"og:title\" content=\"Studio acrylic paints - Happy Color\" \/>\n<meta property=\"og:description\" content=\"Hobby acrylic paint, based on high-quality resin, highly pigmented  STUDIO ACRYLIC PAINT   High-quality hobby acrylic paint  Dedicated to all demanding students and beginning artists, for whom the higher capacity of paint makes difference when working with larger canvas  The colours can be mixed with each other and other acrylic media from the Happy Color family or diluted with water  In order to increase the resistance of the painted surface, it should be covered with varnish after finishing work  High lightfastness, with professional marks describing the lightfastness in museum conditions  Not suitable for children under 3 years (risk of paint consumption)  Meet the CE and EN 71-3 certificates  Capacity: 200 ml tube  APPLICATION woodsteelglassstonesconcreteplasticjeanspolyester cottonwool\" \/>\n<meta property=\"og:url\" content=\"https:\/\/happycolor.pl\/en\/product\/studio-acrylic-paints\/\" \/>\n<meta property=\"og:site_name\" content=\"Happy Color\" \/>\n<meta property=\"article:modified_time\" content=\"2024-02-26T21:57:22+00:00\" \/>\n<meta property=\"og:image\" content=\"https:\/\/happycolor.pl\/app\/uploads\/2021\/12\/HA-7370-0200-01_1-5.jpg\" \/>\n\t<meta property=\"og:image:width\" content=\"1200\" \/>\n\t<meta property=\"og:image:height\" content=\"1200\" \/>\n\t<meta property=\"og:image:type\" content=\"image\/jpeg\" \/>\n<meta name=\"twitter:card\" content=\"summary_large_image\" \/>\n<meta name=\"twitter:label1\" content=\"Est. reading time\" \/>\n\t<meta name=\"twitter:data1\" content=\"2 minutes\" \/>\n<script type=\"application\/ld+json\" class=\"yoast-schema-graph\">{\"@context\":\"https:\\\/\\\/schema.org\",\"@graph\":[{\"@type\":\"WebPage\",\"@id\":\"https:\\\/\\\/happycolor.pl\\\/en\\\/product\\\/studio-acrylic-paints\\\/\",\"url\":\"https:\\\/\\\/happycolor.pl\\\/en\\\/product\\\/studio-acrylic-paints\\\/\",\"name\":\"Studio acrylic paints - Happy Color\",\"isPartOf\":{\"@id\":\"https:\\\/\\\/happycolor.pl\\\/#website\"},\"primaryImageOfPage\":{\"@id\":\"https:\\\/\\\/happycolor.pl\\\/en\\\/product\\\/studio-acrylic-paints\\\/#primaryimage\"},\"image\":{\"@id\":\"https:\\\/\\\/happycolor.pl\\\/en\\\/product\\\/studio-acrylic-paints\\\/#primaryimage\"},\"thumbnailUrl\":\"https:\\\/\\\/happycolor.pl\\\/app\\\/uploads\\\/2021\\\/12\\\/HA-7370-0200-0.jpg\",\"datePublished\":\"2021-12-01T13:20:58+00:00\",\"dateModified\":\"2024-02-26T21:57:22+00:00\",\"breadcrumb\":{\"@id\":\"https:\\\/\\\/happycolor.pl\\\/en\\\/product\\\/studio-acrylic-paints\\\/#breadcrumb\"},\"inLanguage\":\"en-US\",\"potentialAction\":[{\"@type\":\"ReadAction\",\"target\":[\"https:\\\/\\\/happycolor.pl\\\/en\\\/product\\\/studio-acrylic-paints\\\/\"]}]},{\"@type\":\"ImageObject\",\"inLanguage\":\"en-US\",\"@id\":\"https:\\\/\\\/happycolor.pl\\\/en\\\/product\\\/studio-acrylic-paints\\\/#primaryimage\",\"url\":\"https:\\\/\\\/happycolor.pl\\\/app\\\/uploads\\\/2021\\\/12\\\/HA-7370-0200-0.jpg\",\"contentUrl\":\"https:\\\/\\\/happycolor.pl\\\/app\\\/uploads\\\/2021\\\/12\\\/HA-7370-0200-0.jpg\",\"width\":960,\"height\":960,\"caption\":\"Hobbystyczna farba akrylowa, na bazie wysokiej jako\u015bci \u017cywicy, mocno napigmentowana FARBA AKRYLOWA STUDIO Wysokiej jako\u015bci hobbystyczna farba akrylowa Dedykowana dla wszystkich wymagaj\u0105cych student\u00f3w i pocz\u0105tkuj\u0105cych artyst\u00f3w Kolory mog\u0105 by\u0107 mieszane ze sob\u0105 oraz innymi mediami akrylowymi z rodziny Happy Color lub rozcie\u0144czane z wod\u0105 W celu zwi\u0119kszenia odporno\u015bci powierzchni malowanej, nale\u017cy pokry\u0107 j\u0105 werniksem po sko\u0144czonej pracy Farby o wysokiej \u015bwiat\u0142oodporno\u015bci, z profesjonalnym oznaczeniem odporno\u015bci na \u015bwiat\u0142o w warunkach muzealnych Nieodpowiednia dla dzieci poni\u017cej 3 lat (ryzyko spo\u017cycia farby) Posiada atest CE oraz certyfikat EN 71-3 Pojemno\u015b\u0107: 200 ml tubka ZASTOSOWANIE \u25aadrewno\u25aastal\u25aaszk\u0142o\u25aakamienie\u25aabeton \u25aaplastik \u25aajeans \u25aapoliester \u25aabawe\u0142na \u25aawe\u0142na\"},{\"@type\":\"BreadcrumbList\",\"@id\":\"https:\\\/\\\/happycolor.pl\\\/en\\\/product\\\/studio-acrylic-paints\\\/#breadcrumb\",\"itemListElement\":[{\"@type\":\"ListItem\",\"position\":1,\"name\":\"Sklep\",\"item\":\"https:\\\/\\\/happycolor.pl\\\/sklep\\\/\"},{\"@type\":\"ListItem\",\"position\":2,\"name\":\"Studio acrylic paints\"}]},{\"@type\":\"WebSite\",\"@id\":\"https:\\\/\\\/happycolor.pl\\\/#website\",\"url\":\"https:\\\/\\\/happycolor.pl\\\/\",\"name\":\"Happy Color\",\"description\":\"Poznaj nasz kolorowy \u015bwiat\",\"potentialAction\":[{\"@type\":\"SearchAction\",\"target\":{\"@type\":\"EntryPoint\",\"urlTemplate\":\"https:\\\/\\\/happycolor.pl\\\/?s={search_term_string}\"},\"query-input\":{\"@type\":\"PropertyValueSpecification\",\"valueRequired\":true,\"valueName\":\"search_term_string\"}}],\"inLanguage\":\"en-US\"}]}<\/script>\n<!-- \/ Yoast SEO plugin. -->","yoast_head_json":{"title":"Studio acrylic paints - Happy Color","robots":{"index":"index","follow":"follow","max-snippet":"max-snippet:-1","max-image-preview":"max-image-preview:large","max-video-preview":"max-video-preview:-1"},"canonical":"https:\/\/happycolor.pl\/en\/product\/studio-acrylic-paints\/","og_locale":"en_US","og_type":"article","og_title":"Studio acrylic paints - Happy Color","og_description":"Hobby acrylic paint, based on high-quality resin, highly pigmented  STUDIO ACRYLIC PAINT   High-quality hobby acrylic paint  Dedicated to all demanding students and beginning artists, for whom the higher capacity of paint makes difference when working with larger canvas  The colours can be mixed with each other and other acrylic media from the Happy Color family or diluted with water  In order to increase the resistance of the painted surface, it should be covered with varnish after finishing work  High lightfastness, with professional marks describing the lightfastness in museum conditions  Not suitable for children under 3 years (risk of paint consumption)  Meet the CE and EN 71-3 certificates  Capacity: 200 ml tube  APPLICATION woodsteelglassstonesconcreteplasticjeanspolyester cottonwool","og_url":"https:\/\/happycolor.pl\/en\/product\/studio-acrylic-paints\/","og_site_name":"Happy Color","article_modified_time":"2024-02-26T21:57:22+00:00","og_image":[{"width":1200,"height":1200,"url":"https:\/\/happycolor.pl\/app\/uploads\/2021\/12\/HA-7370-0200-01_1-5.jpg","type":"image\/jpeg"}],"twitter_card":"summary_large_image","twitter_misc":{"Est. reading time":"2 minutes"},"schema":{"@context":"https:\/\/schema.org","@graph":[{"@type":"WebPage","@id":"https:\/\/happycolor.pl\/en\/product\/studio-acrylic-paints\/","url":"https:\/\/happycolor.pl\/en\/product\/studio-acrylic-paints\/","name":"Studio acrylic paints - Happy Color","isPartOf":{"@id":"https:\/\/happycolor.pl\/#website"},"primaryImageOfPage":{"@id":"https:\/\/happycolor.pl\/en\/product\/studio-acrylic-paints\/#primaryimage"},"image":{"@id":"https:\/\/happycolor.pl\/en\/product\/studio-acrylic-paints\/#primaryimage"},"thumbnailUrl":"https:\/\/happycolor.pl\/app\/uploads\/2021\/12\/HA-7370-0200-0.jpg","datePublished":"2021-12-01T13:20:58+00:00","dateModified":"2024-02-26T21:57:22+00:00","breadcrumb":{"@id":"https:\/\/happycolor.pl\/en\/product\/studio-acrylic-paints\/#breadcrumb"},"inLanguage":"en-US","potentialAction":[{"@type":"ReadAction","target":["https:\/\/happycolor.pl\/en\/product\/studio-acrylic-paints\/"]}]},{"@type":"ImageObject","inLanguage":"en-US","@id":"https:\/\/happycolor.pl\/en\/product\/studio-acrylic-paints\/#primaryimage","url":"https:\/\/happycolor.pl\/app\/uploads\/2021\/12\/HA-7370-0200-0.jpg","contentUrl":"https:\/\/happycolor.pl\/app\/uploads\/2021\/12\/HA-7370-0200-0.jpg","width":960,"height":960,"caption":"Hobbystyczna farba akrylowa, na bazie wysokiej jako\u015bci \u017cywicy, mocno napigmentowana FARBA AKRYLOWA STUDIO Wysokiej jako\u015bci hobbystyczna farba akrylowa Dedykowana dla wszystkich wymagaj\u0105cych student\u00f3w i pocz\u0105tkuj\u0105cych artyst\u00f3w Kolory mog\u0105 by\u0107 mieszane ze sob\u0105 oraz innymi mediami akrylowymi z rodziny Happy Color lub rozcie\u0144czane z wod\u0105 W celu zwi\u0119kszenia odporno\u015bci powierzchni malowanej, nale\u017cy pokry\u0107 j\u0105 werniksem po sko\u0144czonej pracy Farby o wysokiej \u015bwiat\u0142oodporno\u015bci, z profesjonalnym oznaczeniem odporno\u015bci na \u015bwiat\u0142o w warunkach muzealnych Nieodpowiednia dla dzieci poni\u017cej 3 lat (ryzyko spo\u017cycia farby) Posiada atest CE oraz certyfikat EN 71-3 Pojemno\u015b\u0107: 200 ml tubka ZASTOSOWANIE \u25aadrewno\u25aastal\u25aaszk\u0142o\u25aakamienie\u25aabeton \u25aaplastik \u25aajeans \u25aapoliester \u25aabawe\u0142na \u25aawe\u0142na"},{"@type":"BreadcrumbList","@id":"https:\/\/happycolor.pl\/en\/product\/studio-acrylic-paints\/#breadcrumb","itemListElement":[{"@type":"ListItem","position":1,"name":"Sklep","item":"https:\/\/happycolor.pl\/sklep\/"},{"@type":"ListItem","position":2,"name":"Studio acrylic paints"}]},{"@type":"WebSite","@id":"https:\/\/happycolor.pl\/#website","url":"https:\/\/happycolor.pl\/","name":"Happy Color","description":"Poznaj nasz kolorowy \u015bwiat","potentialAction":[{"@type":"SearchAction","target":{"@type":"EntryPoint","urlTemplate":"https:\/\/happycolor.pl\/?s={search_term_string}"},"query-input":{"@type":"PropertyValueSpecification","valueRequired":true,"valueName":"search_term_string"}}],"inLanguage":"en-US"}]}},"_links":{"self":[{"href":"https:\/\/happycolor.pl\/en\/wp-json\/wp\/v2\/product\/26859","targetHints":{"allow":["GET"]}}],"collection":[{"href":"https:\/\/happycolor.pl\/en\/wp-json\/wp\/v2\/product"}],"about":[{"href":"https:\/\/happycolor.pl\/en\/wp-json\/wp\/v2\/types\/product"}],"wp:featuredmedia":[{"embeddable":true,"href":"https:\/\/happycolor.pl\/en\/wp-json\/wp\/v2\/media\/29331"}],"wp:attachment":[{"href":"https:\/\/happycolor.pl\/en\/wp-json\/wp\/v2\/media?parent=26859"}],"wp:term":[{"taxonomy":"product_brand","embeddable":true,"href":"https:\/\/happycolor.pl\/en\/wp-json\/wp\/v2\/product_brand?post=26859"},{"taxonomy":"product_cat","embeddable":true,"href":"https:\/\/happycolor.pl\/en\/wp-json\/wp\/v2\/product_cat?post=26859"},{"taxonomy":"product_tag","embeddable":true,"href":"https:\/\/happycolor.pl\/en\/wp-json\/wp\/v2\/product_tag?post=26859"}],"curies":[{"name":"wp","href":"https:\/\/api.w.org\/{rel}","templated":true}]}}