{"id":26760,"date":"2021-12-01T14:08:55","date_gmt":"2021-12-01T13:08:55","guid":{"rendered":"https:\/\/www.happycolor.pl\/produkt\/swieta\/"},"modified":"2024-02-19T16:48:20","modified_gmt":"2024-02-19T15:48:20","slug":"swieta","status":"publish","type":"product","link":"https:\/\/happycolor.pl\/en\/product\/swieta\/","title":{"rendered":"\u015awi\u0119ta"},"content":{"rendered":"<table style=\"border-collapse: collapse; width: 100%;\">\n<tbody>\n<tr class=\"cmsmasters_table_row_header\">\n<th class=\"cmsmasters_table_cell_aligncenter\" style=\"width: 38.0645%; text-align: center;\">FORMAT<\/th>\n<th class=\"cmsmasters_table_cell_aligncenter\" style=\"width: 26.2531%; text-align: center;\">SHEET<\/th>\n<th class=\"cmsmasters_table_cell_aligncenter\" style=\"width: 35.5831%; text-align: center;\">WEIGHT<\/th>\n<\/tr>\n<tr>\n<td class=\"cmsmasters_table_cell_aligncenter\" style=\"width: 38.0645%; text-align: center;\">A4 \u2013 21 x 30 cm<\/td>\n<td class=\"cmsmasters_table_cell_aligncenter\" style=\"width: 26.2531%; text-align: center;\">15<\/td>\n<td class=\"cmsmasters_table_cell_aligncenter\" style=\"width: 35.5831%; text-align: center;\">80 gsm<\/td>\n<\/tr>\n<\/tbody>\n<\/table>\n<p>&nbsp;<\/p>\n","protected":false},"excerpt":{"rendered":"<p>\u015awi\u0119ta paper pad<\/p>\n<ul>\n<li>Pad with paper printed with Christmas motifs and patterns<\/li>\n<li>For creating decorations, invitations, cards and other<\/li>\n<li>30 patterns in one pad, two different motifs on each sheet<\/li>\n<\/ul>\n<p>APPLICATION<\/p>\n<p><strong><img decoding=\"async\" class=\"emoji\" role=\"img\" draggable=\"false\" src=\"https:\/\/s.w.org\/images\/core\/emoji\/13.1.0\/svg\/25aa.svg\" alt=\"\u25aa\" \/><\/strong>cards<img decoding=\"async\" class=\"emoji\" role=\"img\" draggable=\"false\" src=\"https:\/\/s.w.org\/images\/core\/emoji\/13.1.0\/svg\/25aa.svg\" alt=\"\u25aa\" \/>pictures<img decoding=\"async\" class=\"emoji\" role=\"img\" draggable=\"false\" src=\"https:\/\/s.w.org\/images\/core\/emoji\/13.1.0\/svg\/25aa.svg\" alt=\"\u25aa\" \/>Christmas decorations <img decoding=\"async\" class=\"emoji\" role=\"img\" draggable=\"false\" src=\"https:\/\/s.w.org\/images\/core\/emoji\/13.1.0\/svg\/25aa.svg\" alt=\"\u25aa\" \/>scrapbooking<\/p>\n<p>&nbsp;<\/p>\n","protected":false},"featured_media":26086,"template":"","meta":[],"product_brand":[],"product_cat":[247],"product_tag":[],"class_list":{"0":"post-26760","1":"product","2":"type-product","3":"status-publish","4":"has-post-thumbnail","6":"product_cat-with-motifs","8":"first","9":"instock","10":"shipping-taxable","11":"product-type-simple"},"yoast_head":"<!-- This site is optimized with the Yoast SEO plugin v27.5 - https:\/\/yoast.com\/product\/yoast-seo-wordpress\/ -->\n<title>\u015awi\u0119ta - Happy Color<\/title>\n<meta name=\"robots\" content=\"index, follow, max-snippet:-1, max-image-preview:large, max-video-preview:-1\" \/>\n<link rel=\"canonical\" href=\"https:\/\/happycolor.pl\/en\/product\/swieta\/\" \/>\n<meta property=\"og:locale\" content=\"en_US\" \/>\n<meta property=\"og:type\" content=\"article\" \/>\n<meta property=\"og:title\" content=\"\u015awi\u0119ta - Happy Color\" \/>\n<meta property=\"og:description\" content=\"\u015awi\u0119ta paper pad   Pad with paper printed with Christmas motifs and patterns  For creating decorations, invitations, cards and other  30 patterns in one pad, two different motifs on each sheet  APPLICATION  cardspicturesChristmas decorations scrapbooking  &nbsp;\" \/>\n<meta property=\"og:url\" content=\"https:\/\/happycolor.pl\/en\/product\/swieta\/\" \/>\n<meta property=\"og:site_name\" content=\"Happy Color\" \/>\n<meta property=\"article:modified_time\" content=\"2024-02-19T15:48:20+00:00\" \/>\n<meta property=\"og:image\" content=\"https:\/\/happycolor.pl\/app\/uploads\/2021\/12\/0014_okladka_motywy_N_SWIETA.jpg\" \/>\n\t<meta property=\"og:image:width\" content=\"1200\" \/>\n\t<meta property=\"og:image:height\" content=\"1200\" \/>\n\t<meta property=\"og:image:type\" content=\"image\/jpeg\" \/>\n<meta name=\"twitter:card\" content=\"summary_large_image\" \/>\n<meta name=\"twitter:label1\" content=\"Est. reading time\" \/>\n\t<meta name=\"twitter:data1\" content=\"1 minute\" \/>\n<script type=\"application\/ld+json\" class=\"yoast-schema-graph\">{\"@context\":\"https:\\\/\\\/schema.org\",\"@graph\":[{\"@type\":\"WebPage\",\"@id\":\"https:\\\/\\\/happycolor.pl\\\/en\\\/product\\\/swieta\\\/\",\"url\":\"https:\\\/\\\/happycolor.pl\\\/en\\\/product\\\/swieta\\\/\",\"name\":\"\u015awi\u0119ta - Happy Color\",\"isPartOf\":{\"@id\":\"https:\\\/\\\/happycolor.pl\\\/#website\"},\"primaryImageOfPage\":{\"@id\":\"https:\\\/\\\/happycolor.pl\\\/en\\\/product\\\/swieta\\\/#primaryimage\"},\"image\":{\"@id\":\"https:\\\/\\\/happycolor.pl\\\/en\\\/product\\\/swieta\\\/#primaryimage\"},\"thumbnailUrl\":\"https:\\\/\\\/happycolor.pl\\\/app\\\/uploads\\\/2021\\\/12\\\/0014_okladka_motywy_N_SWIETA.jpg\",\"datePublished\":\"2021-12-01T13:08:55+00:00\",\"dateModified\":\"2024-02-19T15:48:20+00:00\",\"breadcrumb\":{\"@id\":\"https:\\\/\\\/happycolor.pl\\\/en\\\/product\\\/swieta\\\/#breadcrumb\"},\"inLanguage\":\"en-US\",\"potentialAction\":[{\"@type\":\"ReadAction\",\"target\":[\"https:\\\/\\\/happycolor.pl\\\/en\\\/product\\\/swieta\\\/\"]}]},{\"@type\":\"ImageObject\",\"inLanguage\":\"en-US\",\"@id\":\"https:\\\/\\\/happycolor.pl\\\/en\\\/product\\\/swieta\\\/#primaryimage\",\"url\":\"https:\\\/\\\/happycolor.pl\\\/app\\\/uploads\\\/2021\\\/12\\\/0014_okladka_motywy_N_SWIETA.jpg\",\"contentUrl\":\"https:\\\/\\\/happycolor.pl\\\/app\\\/uploads\\\/2021\\\/12\\\/0014_okladka_motywy_N_SWIETA.jpg\",\"width\":1200,\"height\":1200,\"caption\":\"Blok z motywami idealny dla dzieci HAPPY COLOR \u015aWI\u0118TA A4 do tworzenia laurek, obrazk\u00f3w i dekoracji\"},{\"@type\":\"BreadcrumbList\",\"@id\":\"https:\\\/\\\/happycolor.pl\\\/en\\\/product\\\/swieta\\\/#breadcrumb\",\"itemListElement\":[{\"@type\":\"ListItem\",\"position\":1,\"name\":\"Sklep\",\"item\":\"https:\\\/\\\/happycolor.pl\\\/sklep\\\/\"},{\"@type\":\"ListItem\",\"position\":2,\"name\":\"\u015awi\u0119ta\"}]},{\"@type\":\"WebSite\",\"@id\":\"https:\\\/\\\/happycolor.pl\\\/#website\",\"url\":\"https:\\\/\\\/happycolor.pl\\\/\",\"name\":\"Happy Color\",\"description\":\"Poznaj nasz kolorowy \u015bwiat\",\"potentialAction\":[{\"@type\":\"SearchAction\",\"target\":{\"@type\":\"EntryPoint\",\"urlTemplate\":\"https:\\\/\\\/happycolor.pl\\\/?s={search_term_string}\"},\"query-input\":{\"@type\":\"PropertyValueSpecification\",\"valueRequired\":true,\"valueName\":\"search_term_string\"}}],\"inLanguage\":\"en-US\"}]}<\/script>\n<!-- \/ Yoast SEO plugin. -->","yoast_head_json":{"title":"\u015awi\u0119ta - Happy Color","robots":{"index":"index","follow":"follow","max-snippet":"max-snippet:-1","max-image-preview":"max-image-preview:large","max-video-preview":"max-video-preview:-1"},"canonical":"https:\/\/happycolor.pl\/en\/product\/swieta\/","og_locale":"en_US","og_type":"article","og_title":"\u015awi\u0119ta - Happy Color","og_description":"\u015awi\u0119ta paper pad   Pad with paper printed with Christmas motifs and patterns  For creating decorations, invitations, cards and other  30 patterns in one pad, two different motifs on each sheet  APPLICATION  cardspicturesChristmas decorations scrapbooking  &nbsp;","og_url":"https:\/\/happycolor.pl\/en\/product\/swieta\/","og_site_name":"Happy Color","article_modified_time":"2024-02-19T15:48:20+00:00","og_image":[{"width":1200,"height":1200,"url":"https:\/\/happycolor.pl\/app\/uploads\/2021\/12\/0014_okladka_motywy_N_SWIETA.jpg","type":"image\/jpeg"}],"twitter_card":"summary_large_image","twitter_misc":{"Est. reading time":"1 minute"},"schema":{"@context":"https:\/\/schema.org","@graph":[{"@type":"WebPage","@id":"https:\/\/happycolor.pl\/en\/product\/swieta\/","url":"https:\/\/happycolor.pl\/en\/product\/swieta\/","name":"\u015awi\u0119ta - Happy Color","isPartOf":{"@id":"https:\/\/happycolor.pl\/#website"},"primaryImageOfPage":{"@id":"https:\/\/happycolor.pl\/en\/product\/swieta\/#primaryimage"},"image":{"@id":"https:\/\/happycolor.pl\/en\/product\/swieta\/#primaryimage"},"thumbnailUrl":"https:\/\/happycolor.pl\/app\/uploads\/2021\/12\/0014_okladka_motywy_N_SWIETA.jpg","datePublished":"2021-12-01T13:08:55+00:00","dateModified":"2024-02-19T15:48:20+00:00","breadcrumb":{"@id":"https:\/\/happycolor.pl\/en\/product\/swieta\/#breadcrumb"},"inLanguage":"en-US","potentialAction":[{"@type":"ReadAction","target":["https:\/\/happycolor.pl\/en\/product\/swieta\/"]}]},{"@type":"ImageObject","inLanguage":"en-US","@id":"https:\/\/happycolor.pl\/en\/product\/swieta\/#primaryimage","url":"https:\/\/happycolor.pl\/app\/uploads\/2021\/12\/0014_okladka_motywy_N_SWIETA.jpg","contentUrl":"https:\/\/happycolor.pl\/app\/uploads\/2021\/12\/0014_okladka_motywy_N_SWIETA.jpg","width":1200,"height":1200,"caption":"Blok z motywami idealny dla dzieci HAPPY COLOR \u015aWI\u0118TA A4 do tworzenia laurek, obrazk\u00f3w i dekoracji"},{"@type":"BreadcrumbList","@id":"https:\/\/happycolor.pl\/en\/product\/swieta\/#breadcrumb","itemListElement":[{"@type":"ListItem","position":1,"name":"Sklep","item":"https:\/\/happycolor.pl\/sklep\/"},{"@type":"ListItem","position":2,"name":"\u015awi\u0119ta"}]},{"@type":"WebSite","@id":"https:\/\/happycolor.pl\/#website","url":"https:\/\/happycolor.pl\/","name":"Happy Color","description":"Poznaj nasz kolorowy \u015bwiat","potentialAction":[{"@type":"SearchAction","target":{"@type":"EntryPoint","urlTemplate":"https:\/\/happycolor.pl\/?s={search_term_string}"},"query-input":{"@type":"PropertyValueSpecification","valueRequired":true,"valueName":"search_term_string"}}],"inLanguage":"en-US"}]}},"_links":{"self":[{"href":"https:\/\/happycolor.pl\/en\/wp-json\/wp\/v2\/product\/26760","targetHints":{"allow":["GET"]}}],"collection":[{"href":"https:\/\/happycolor.pl\/en\/wp-json\/wp\/v2\/product"}],"about":[{"href":"https:\/\/happycolor.pl\/en\/wp-json\/wp\/v2\/types\/product"}],"wp:featuredmedia":[{"embeddable":true,"href":"https:\/\/happycolor.pl\/en\/wp-json\/wp\/v2\/media\/26086"}],"wp:attachment":[{"href":"https:\/\/happycolor.pl\/en\/wp-json\/wp\/v2\/media?parent=26760"}],"wp:term":[{"taxonomy":"product_brand","embeddable":true,"href":"https:\/\/happycolor.pl\/en\/wp-json\/wp\/v2\/product_brand?post=26760"},{"taxonomy":"product_cat","embeddable":true,"href":"https:\/\/happycolor.pl\/en\/wp-json\/wp\/v2\/product_cat?post=26760"},{"taxonomy":"product_tag","embeddable":true,"href":"https:\/\/happycolor.pl\/en\/wp-json\/wp\/v2\/product_tag?post=26760"}],"curies":[{"name":"wp","href":"https:\/\/api.w.org\/{rel}","templated":true}]}}