{"id":26727,"date":"2023-11-22T00:50:02","date_gmt":"2023-11-21T23:50:02","guid":{"rendered":"https:\/\/www.happycolor.pl\/produkt\/rose\/"},"modified":"2024-02-19T13:20:21","modified_gmt":"2024-02-19T12:20:21","slug":"rose","status":"publish","type":"product","link":"https:\/\/happycolor.pl\/en\/product\/rose\/","title":{"rendered":"Rose"},"content":{"rendered":"<table style=\"border-collapse: collapse; width: 100%;\">\n<tbody>\n<tr>\n<td style=\"width: 33.3333%; text-align: center;\"><strong>FORMAT<\/strong><\/td>\n<td style=\"width: 33.3333%; text-align: center;\"><strong>SHEETS<\/strong><\/td>\n<td style=\"width: 33.3333%; text-align: center;\"><strong>WEIGHT<\/strong><\/td>\n<\/tr>\n<tr>\n<td style=\"width: 33.3333%; text-align: center;\">A4 &#8211; 21 x 29,7 cm<\/td>\n<td style=\"width: 33.3333%; text-align: center;\">20<\/td>\n<td style=\"width: 33.3333%; text-align: center;\">170 gsm<\/td>\n<\/tr>\n<\/tbody>\n<\/table>\n","protected":false},"excerpt":{"rendered":"<p>DECO drawing paper pad dedicated for creating invitations, greeting cards, decorations and scrapbooking<\/p>\n<p>DECO drawing paper pad<\/p>\n<ul>\n<li>Pulp-dyed coloured drawing paper pad<\/li>\n<li>With a smoothed surface<\/li>\n<li>The tones are selected so that the colours can be easily combined<\/li>\n<li>Highly resistant to fading by UV rays<\/li>\n<li>Acid-free, wood-free<\/li>\n<li>Suitable for inkjet and laser printers<\/li>\n<li>Certificates: FSC, PEFC, SGS, ISEGA, ISO 9706<\/li>\n<\/ul>\n<p>APPLICATION<br \/>\n<img decoding=\"async\" class=\"emoji\" role=\"img\" draggable=\"false\" src=\"https:\/\/s.w.org\/images\/core\/emoji\/14.0.0\/svg\/25aa.svg\" alt=\"\u25aa\" \/>scrapbooking <img decoding=\"async\" class=\"emoji\" role=\"img\" draggable=\"false\" src=\"https:\/\/s.w.org\/images\/core\/emoji\/14.0.0\/svg\/25aa.svg\" alt=\"\u25aa\" \/>ivitations<img decoding=\"async\" class=\"emoji\" role=\"img\" draggable=\"false\" src=\"https:\/\/s.w.org\/images\/core\/emoji\/14.0.0\/svg\/25aa.svg\" alt=\"\u25aa\" \/>cards<img decoding=\"async\" class=\"emoji\" role=\"img\" draggable=\"false\" src=\"https:\/\/s.w.org\/images\/core\/emoji\/14.0.0\/svg\/25aa.svg\" alt=\"\u25aa\" \/>decorations<img decoding=\"async\" class=\"emoji\" role=\"img\" draggable=\"false\" src=\"https:\/\/s.w.org\/images\/core\/emoji\/14.0.0\/svg\/25aa.svg\" alt=\"\u25aa\" \/>cutouts<\/p>\n","protected":false},"featured_media":29734,"template":"","meta":[],"product_brand":[],"product_cat":[244],"product_tag":[],"class_list":{"0":"post-26727","1":"product","2":"type-product","3":"status-publish","4":"has-post-thumbnail","6":"product_cat-deco","8":"first","9":"instock","10":"shipping-taxable","11":"product-type-simple"},"yoast_head":"<!-- This site is optimized with the Yoast SEO plugin v27.3 - https:\/\/yoast.com\/product\/yoast-seo-wordpress\/ -->\n<title>Rose - Happy Color<\/title>\n<meta name=\"robots\" content=\"index, follow, max-snippet:-1, max-image-preview:large, max-video-preview:-1\" \/>\n<link rel=\"canonical\" href=\"https:\/\/happycolor.pl\/en\/product\/rose\/\" \/>\n<meta property=\"og:locale\" content=\"en_US\" \/>\n<meta property=\"og:type\" content=\"article\" \/>\n<meta property=\"og:title\" content=\"Rose - Happy Color\" \/>\n<meta property=\"og:description\" content=\"DECO drawing paper pad dedicated for creating invitations, greeting cards, decorations and scrapbooking  DECO drawing paper pad   Pulp-dyed coloured drawing paper pad  With a smoothed surface  The tones are selected so that the colours can be easily combined  Highly resistant to fading by UV rays  Acid-free, wood-free  Suitable for inkjet and laser printers  Certificates: FSC, PEFC, SGS, ISEGA, ISO 9706  APPLICATION scrapbooking ivitationscardsdecorationscutouts\" \/>\n<meta property=\"og:url\" content=\"https:\/\/happycolor.pl\/en\/product\/rose\/\" \/>\n<meta property=\"og:site_name\" content=\"Happy Color\" \/>\n<meta property=\"article:modified_time\" content=\"2024-02-19T12:20:21+00:00\" \/>\n<meta property=\"og:image\" content=\"https:\/\/happycolor.pl\/app\/uploads\/2023\/11\/HA-3717-2030-062.jpg\" \/>\n\t<meta property=\"og:image:width\" content=\"1200\" \/>\n\t<meta property=\"og:image:height\" content=\"1200\" \/>\n\t<meta property=\"og:image:type\" content=\"image\/jpeg\" \/>\n<meta name=\"twitter:card\" content=\"summary_large_image\" \/>\n<meta name=\"twitter:label1\" content=\"Est. reading time\" \/>\n\t<meta name=\"twitter:data1\" content=\"1 minute\" \/>\n<script type=\"application\/ld+json\" class=\"yoast-schema-graph\">{\"@context\":\"https:\\\/\\\/schema.org\",\"@graph\":[{\"@type\":\"WebPage\",\"@id\":\"https:\\\/\\\/happycolor.pl\\\/en\\\/product\\\/rose\\\/\",\"url\":\"https:\\\/\\\/happycolor.pl\\\/en\\\/product\\\/rose\\\/\",\"name\":\"Rose - Happy Color\",\"isPartOf\":{\"@id\":\"https:\\\/\\\/happycolor.pl\\\/#website\"},\"primaryImageOfPage\":{\"@id\":\"https:\\\/\\\/happycolor.pl\\\/en\\\/product\\\/rose\\\/#primaryimage\"},\"image\":{\"@id\":\"https:\\\/\\\/happycolor.pl\\\/en\\\/product\\\/rose\\\/#primaryimage\"},\"thumbnailUrl\":\"https:\\\/\\\/happycolor.pl\\\/app\\\/uploads\\\/2023\\\/11\\\/HA-7842-2030-RS.jpg\",\"datePublished\":\"2023-11-21T23:50:02+00:00\",\"dateModified\":\"2024-02-19T12:20:21+00:00\",\"breadcrumb\":{\"@id\":\"https:\\\/\\\/happycolor.pl\\\/en\\\/product\\\/rose\\\/#breadcrumb\"},\"inLanguage\":\"en-US\",\"potentialAction\":[{\"@type\":\"ReadAction\",\"target\":[\"https:\\\/\\\/happycolor.pl\\\/en\\\/product\\\/rose\\\/\"]}]},{\"@type\":\"ImageObject\",\"inLanguage\":\"en-US\",\"@id\":\"https:\\\/\\\/happycolor.pl\\\/en\\\/product\\\/rose\\\/#primaryimage\",\"url\":\"https:\\\/\\\/happycolor.pl\\\/app\\\/uploads\\\/2023\\\/11\\\/HA-7842-2030-RS.jpg\",\"contentUrl\":\"https:\\\/\\\/happycolor.pl\\\/app\\\/uploads\\\/2023\\\/11\\\/HA-7842-2030-RS.jpg\",\"width\":1200,\"height\":1200,\"caption\":\"Bloki DECO idealne do tworzenia zaprosze\u0144 i kartek okoliczno\u015bciowych PAPIER Papier barwiony w masie O g\u0142adzonej powierzchni Tonacje dobrane tak aby \u0142atwo mo\u017cna by\u0142o \u0142\u0105czy\u0107 kolory ze sob\u0105 Wysoka odporno\u015b\u0107 na blakni\u0119cie przez promienie UV Bezkwasowy, bezdrzewny Nadaje si\u0119 do drukarek atramentowych i laserowych Certyfikaty: FSC, PEFC, SGS, ISEGA, ISO 9706 ZASTOSOWANIE scrapbooking zaproszenia\u00a0kartki dekoracjewycinanki\"},{\"@type\":\"BreadcrumbList\",\"@id\":\"https:\\\/\\\/happycolor.pl\\\/en\\\/product\\\/rose\\\/#breadcrumb\",\"itemListElement\":[{\"@type\":\"ListItem\",\"position\":1,\"name\":\"Sklep\",\"item\":\"https:\\\/\\\/happycolor.pl\\\/sklep\\\/\"},{\"@type\":\"ListItem\",\"position\":2,\"name\":\"Rose\"}]},{\"@type\":\"WebSite\",\"@id\":\"https:\\\/\\\/happycolor.pl\\\/#website\",\"url\":\"https:\\\/\\\/happycolor.pl\\\/\",\"name\":\"Happy Color\",\"description\":\"Poznaj nasz kolorowy \u015bwiat\",\"potentialAction\":[{\"@type\":\"SearchAction\",\"target\":{\"@type\":\"EntryPoint\",\"urlTemplate\":\"https:\\\/\\\/happycolor.pl\\\/?s={search_term_string}\"},\"query-input\":{\"@type\":\"PropertyValueSpecification\",\"valueRequired\":true,\"valueName\":\"search_term_string\"}}],\"inLanguage\":\"en-US\"}]}<\/script>\n<!-- \/ Yoast SEO plugin. -->","yoast_head_json":{"title":"Rose - Happy Color","robots":{"index":"index","follow":"follow","max-snippet":"max-snippet:-1","max-image-preview":"max-image-preview:large","max-video-preview":"max-video-preview:-1"},"canonical":"https:\/\/happycolor.pl\/en\/product\/rose\/","og_locale":"en_US","og_type":"article","og_title":"Rose - Happy Color","og_description":"DECO drawing paper pad dedicated for creating invitations, greeting cards, decorations and scrapbooking  DECO drawing paper pad   Pulp-dyed coloured drawing paper pad  With a smoothed surface  The tones are selected so that the colours can be easily combined  Highly resistant to fading by UV rays  Acid-free, wood-free  Suitable for inkjet and laser printers  Certificates: FSC, PEFC, SGS, ISEGA, ISO 9706  APPLICATION scrapbooking ivitationscardsdecorationscutouts","og_url":"https:\/\/happycolor.pl\/en\/product\/rose\/","og_site_name":"Happy Color","article_modified_time":"2024-02-19T12:20:21+00:00","og_image":[{"width":1200,"height":1200,"url":"https:\/\/happycolor.pl\/app\/uploads\/2023\/11\/HA-3717-2030-062.jpg","type":"image\/jpeg"}],"twitter_card":"summary_large_image","twitter_misc":{"Est. reading time":"1 minute"},"schema":{"@context":"https:\/\/schema.org","@graph":[{"@type":"WebPage","@id":"https:\/\/happycolor.pl\/en\/product\/rose\/","url":"https:\/\/happycolor.pl\/en\/product\/rose\/","name":"Rose - Happy Color","isPartOf":{"@id":"https:\/\/happycolor.pl\/#website"},"primaryImageOfPage":{"@id":"https:\/\/happycolor.pl\/en\/product\/rose\/#primaryimage"},"image":{"@id":"https:\/\/happycolor.pl\/en\/product\/rose\/#primaryimage"},"thumbnailUrl":"https:\/\/happycolor.pl\/app\/uploads\/2023\/11\/HA-7842-2030-RS.jpg","datePublished":"2023-11-21T23:50:02+00:00","dateModified":"2024-02-19T12:20:21+00:00","breadcrumb":{"@id":"https:\/\/happycolor.pl\/en\/product\/rose\/#breadcrumb"},"inLanguage":"en-US","potentialAction":[{"@type":"ReadAction","target":["https:\/\/happycolor.pl\/en\/product\/rose\/"]}]},{"@type":"ImageObject","inLanguage":"en-US","@id":"https:\/\/happycolor.pl\/en\/product\/rose\/#primaryimage","url":"https:\/\/happycolor.pl\/app\/uploads\/2023\/11\/HA-7842-2030-RS.jpg","contentUrl":"https:\/\/happycolor.pl\/app\/uploads\/2023\/11\/HA-7842-2030-RS.jpg","width":1200,"height":1200,"caption":"Bloki DECO idealne do tworzenia zaprosze\u0144 i kartek okoliczno\u015bciowych PAPIER Papier barwiony w masie O g\u0142adzonej powierzchni Tonacje dobrane tak aby \u0142atwo mo\u017cna by\u0142o \u0142\u0105czy\u0107 kolory ze sob\u0105 Wysoka odporno\u015b\u0107 na blakni\u0119cie przez promienie UV Bezkwasowy, bezdrzewny Nadaje si\u0119 do drukarek atramentowych i laserowych Certyfikaty: FSC, PEFC, SGS, ISEGA, ISO 9706 ZASTOSOWANIE scrapbooking zaproszenia\u00a0kartki dekoracjewycinanki"},{"@type":"BreadcrumbList","@id":"https:\/\/happycolor.pl\/en\/product\/rose\/#breadcrumb","itemListElement":[{"@type":"ListItem","position":1,"name":"Sklep","item":"https:\/\/happycolor.pl\/sklep\/"},{"@type":"ListItem","position":2,"name":"Rose"}]},{"@type":"WebSite","@id":"https:\/\/happycolor.pl\/#website","url":"https:\/\/happycolor.pl\/","name":"Happy Color","description":"Poznaj nasz kolorowy \u015bwiat","potentialAction":[{"@type":"SearchAction","target":{"@type":"EntryPoint","urlTemplate":"https:\/\/happycolor.pl\/?s={search_term_string}"},"query-input":{"@type":"PropertyValueSpecification","valueRequired":true,"valueName":"search_term_string"}}],"inLanguage":"en-US"}]}},"_links":{"self":[{"href":"https:\/\/happycolor.pl\/en\/wp-json\/wp\/v2\/product\/26727","targetHints":{"allow":["GET"]}}],"collection":[{"href":"https:\/\/happycolor.pl\/en\/wp-json\/wp\/v2\/product"}],"about":[{"href":"https:\/\/happycolor.pl\/en\/wp-json\/wp\/v2\/types\/product"}],"wp:featuredmedia":[{"embeddable":true,"href":"https:\/\/happycolor.pl\/en\/wp-json\/wp\/v2\/media\/29734"}],"wp:attachment":[{"href":"https:\/\/happycolor.pl\/en\/wp-json\/wp\/v2\/media?parent=26727"}],"wp:term":[{"taxonomy":"product_brand","embeddable":true,"href":"https:\/\/happycolor.pl\/en\/wp-json\/wp\/v2\/product_brand?post=26727"},{"taxonomy":"product_cat","embeddable":true,"href":"https:\/\/happycolor.pl\/en\/wp-json\/wp\/v2\/product_cat?post=26727"},{"taxonomy":"product_tag","embeddable":true,"href":"https:\/\/happycolor.pl\/en\/wp-json\/wp\/v2\/product_tag?post=26727"}],"curies":[{"name":"wp","href":"https:\/\/api.w.org\/{rel}","templated":true}]}}