{"id":26722,"date":"2022-10-17T13:15:01","date_gmt":"2022-10-17T11:15:01","guid":{"rendered":"https:\/\/www.happycolor.pl\/produkt\/jumbo-oil-pastels\/"},"modified":"2022-10-17T13:15:01","modified_gmt":"2022-10-17T11:15:01","slug":"jumbo-oil-pastels","status":"publish","type":"product","link":"https:\/\/happycolor.pl\/en\/product\/jumbo-oil-pastels\/","title":{"rendered":"Jumbo oil pastels"},"content":{"rendered":"","protected":false},"excerpt":{"rendered":"<p>Oil pastels in intense colours<\/p>\n<p>OIL PASTELS<\/p>\n<ul>\n<li>Thick, hexagonal oil pastels<\/li>\n<li>Ergonomic handle<\/li>\n<li>Soft graphite intensely saturated with colours<\/li>\n<li>Can be easily blended to obtain an interesting effect of tonal combinations<\/li>\n<li>High quality ensures pleasant to drawing on paper, wood, wall, glass, plastic<\/li>\n<li>12 colours<\/li>\n<\/ul>\n<p>APPLICATION<br \/>\n<img decoding=\"async\" class=\"emoji\" role=\"img\" draggable=\"false\" src=\"https:\/\/s.w.org\/images\/core\/emoji\/14.0.0\/svg\/25aa.svg\" alt=\"\u25aa\" \/>paper<img decoding=\"async\" class=\"emoji\" role=\"img\" draggable=\"false\" src=\"https:\/\/s.w.org\/images\/core\/emoji\/14.0.0\/svg\/25aa.svg\" alt=\"\u25aa\" \/> wood <img decoding=\"async\" class=\"emoji\" role=\"img\" draggable=\"false\" src=\"https:\/\/s.w.org\/images\/core\/emoji\/14.0.0\/svg\/25aa.svg\" alt=\"\u25aa\" \/>wall<img decoding=\"async\" class=\"emoji\" role=\"img\" draggable=\"false\" src=\"https:\/\/s.w.org\/images\/core\/emoji\/14.0.0\/svg\/25aa.svg\" alt=\"\u25aa\" \/>glass<img decoding=\"async\" class=\"emoji\" role=\"img\" draggable=\"false\" src=\"https:\/\/s.w.org\/images\/core\/emoji\/14.0.0\/svg\/25aa.svg\" alt=\"\u25aa\" \/>plastic<\/p>\n<p>&nbsp;<\/p>\n","protected":false},"featured_media":27545,"template":"","meta":[],"product_brand":[],"product_cat":[15],"product_tag":[],"class_list":{"0":"post-26722","1":"product","2":"type-product","3":"status-publish","4":"has-post-thumbnail","6":"product_cat-bez-kategorii","8":"first","9":"instock","10":"shipping-taxable","11":"product-type-simple"},"yoast_head":"<!-- This site is optimized with the Yoast SEO plugin v27.3 - https:\/\/yoast.com\/product\/yoast-seo-wordpress\/ -->\n<title>Jumbo oil pastels - Happy Color<\/title>\n<meta name=\"robots\" content=\"index, follow, max-snippet:-1, max-image-preview:large, max-video-preview:-1\" \/>\n<link rel=\"canonical\" href=\"https:\/\/happycolor.pl\/en\/product\/jumbo-oil-pastels\/\" \/>\n<meta property=\"og:locale\" content=\"en_US\" \/>\n<meta property=\"og:type\" content=\"article\" \/>\n<meta property=\"og:title\" content=\"Jumbo oil pastels - Happy Color\" \/>\n<meta property=\"og:description\" content=\"Oil pastels in intense colours  OIL PASTELS   Thick, hexagonal oil pastels  Ergonomic handle  Soft graphite intensely saturated with colours  Can be easily blended to obtain an interesting effect of tonal combinations  High quality ensures pleasant to drawing on paper, wood, wall, glass, plastic  12 colours  APPLICATION paper wood wallglassplastic  &nbsp;\" \/>\n<meta property=\"og:url\" content=\"https:\/\/happycolor.pl\/en\/product\/jumbo-oil-pastels\/\" \/>\n<meta property=\"og:site_name\" content=\"Happy Color\" \/>\n<meta property=\"og:image\" content=\"https:\/\/happycolor.pl\/app\/uploads\/2022\/10\/pastele.jpg\" \/>\n\t<meta property=\"og:image:width\" content=\"1200\" \/>\n\t<meta property=\"og:image:height\" content=\"1200\" \/>\n\t<meta property=\"og:image:type\" content=\"image\/jpeg\" \/>\n<meta name=\"twitter:card\" content=\"summary_large_image\" \/>\n<script type=\"application\/ld+json\" class=\"yoast-schema-graph\">{\"@context\":\"https:\\\/\\\/schema.org\",\"@graph\":[{\"@type\":\"WebPage\",\"@id\":\"https:\\\/\\\/happycolor.pl\\\/en\\\/product\\\/jumbo-oil-pastels\\\/\",\"url\":\"https:\\\/\\\/happycolor.pl\\\/en\\\/product\\\/jumbo-oil-pastels\\\/\",\"name\":\"Jumbo oil pastels - Happy Color\",\"isPartOf\":{\"@id\":\"https:\\\/\\\/happycolor.pl\\\/#website\"},\"primaryImageOfPage\":{\"@id\":\"https:\\\/\\\/happycolor.pl\\\/en\\\/product\\\/jumbo-oil-pastels\\\/#primaryimage\"},\"image\":{\"@id\":\"https:\\\/\\\/happycolor.pl\\\/en\\\/product\\\/jumbo-oil-pastels\\\/#primaryimage\"},\"thumbnailUrl\":\"https:\\\/\\\/happycolor.pl\\\/app\\\/uploads\\\/2022\\\/10\\\/pastele.jpg\",\"datePublished\":\"2022-10-17T11:15:01+00:00\",\"breadcrumb\":{\"@id\":\"https:\\\/\\\/happycolor.pl\\\/en\\\/product\\\/jumbo-oil-pastels\\\/#breadcrumb\"},\"inLanguage\":\"en-US\",\"potentialAction\":[{\"@type\":\"ReadAction\",\"target\":[\"https:\\\/\\\/happycolor.pl\\\/en\\\/product\\\/jumbo-oil-pastels\\\/\"]}]},{\"@type\":\"ImageObject\",\"inLanguage\":\"en-US\",\"@id\":\"https:\\\/\\\/happycolor.pl\\\/en\\\/product\\\/jumbo-oil-pastels\\\/#primaryimage\",\"url\":\"https:\\\/\\\/happycolor.pl\\\/app\\\/uploads\\\/2022\\\/10\\\/pastele.jpg\",\"contentUrl\":\"https:\\\/\\\/happycolor.pl\\\/app\\\/uploads\\\/2022\\\/10\\\/pastele.jpg\",\"width\":1200,\"height\":1200,\"caption\":\"Pastele olejne JUMBO HAPPY COLOR grube sze\u015bciok\u0105tne pastele, mocno nasycone kolorem i mi\u0119kkim grafitem\"},{\"@type\":\"BreadcrumbList\",\"@id\":\"https:\\\/\\\/happycolor.pl\\\/en\\\/product\\\/jumbo-oil-pastels\\\/#breadcrumb\",\"itemListElement\":[{\"@type\":\"ListItem\",\"position\":1,\"name\":\"Sklep\",\"item\":\"https:\\\/\\\/happycolor.pl\\\/sklep\\\/\"},{\"@type\":\"ListItem\",\"position\":2,\"name\":\"Jumbo oil pastels\"}]},{\"@type\":\"WebSite\",\"@id\":\"https:\\\/\\\/happycolor.pl\\\/#website\",\"url\":\"https:\\\/\\\/happycolor.pl\\\/\",\"name\":\"Happy Color\",\"description\":\"Poznaj nasz kolorowy \u015bwiat\",\"potentialAction\":[{\"@type\":\"SearchAction\",\"target\":{\"@type\":\"EntryPoint\",\"urlTemplate\":\"https:\\\/\\\/happycolor.pl\\\/?s={search_term_string}\"},\"query-input\":{\"@type\":\"PropertyValueSpecification\",\"valueRequired\":true,\"valueName\":\"search_term_string\"}}],\"inLanguage\":\"en-US\"}]}<\/script>\n<!-- \/ Yoast SEO plugin. -->","yoast_head_json":{"title":"Jumbo oil pastels - Happy Color","robots":{"index":"index","follow":"follow","max-snippet":"max-snippet:-1","max-image-preview":"max-image-preview:large","max-video-preview":"max-video-preview:-1"},"canonical":"https:\/\/happycolor.pl\/en\/product\/jumbo-oil-pastels\/","og_locale":"en_US","og_type":"article","og_title":"Jumbo oil pastels - Happy Color","og_description":"Oil pastels in intense colours  OIL PASTELS   Thick, hexagonal oil pastels  Ergonomic handle  Soft graphite intensely saturated with colours  Can be easily blended to obtain an interesting effect of tonal combinations  High quality ensures pleasant to drawing on paper, wood, wall, glass, plastic  12 colours  APPLICATION paper wood wallglassplastic  &nbsp;","og_url":"https:\/\/happycolor.pl\/en\/product\/jumbo-oil-pastels\/","og_site_name":"Happy Color","og_image":[{"width":1200,"height":1200,"url":"https:\/\/happycolor.pl\/app\/uploads\/2022\/10\/pastele.jpg","type":"image\/jpeg"}],"twitter_card":"summary_large_image","schema":{"@context":"https:\/\/schema.org","@graph":[{"@type":"WebPage","@id":"https:\/\/happycolor.pl\/en\/product\/jumbo-oil-pastels\/","url":"https:\/\/happycolor.pl\/en\/product\/jumbo-oil-pastels\/","name":"Jumbo oil pastels - Happy Color","isPartOf":{"@id":"https:\/\/happycolor.pl\/#website"},"primaryImageOfPage":{"@id":"https:\/\/happycolor.pl\/en\/product\/jumbo-oil-pastels\/#primaryimage"},"image":{"@id":"https:\/\/happycolor.pl\/en\/product\/jumbo-oil-pastels\/#primaryimage"},"thumbnailUrl":"https:\/\/happycolor.pl\/app\/uploads\/2022\/10\/pastele.jpg","datePublished":"2022-10-17T11:15:01+00:00","breadcrumb":{"@id":"https:\/\/happycolor.pl\/en\/product\/jumbo-oil-pastels\/#breadcrumb"},"inLanguage":"en-US","potentialAction":[{"@type":"ReadAction","target":["https:\/\/happycolor.pl\/en\/product\/jumbo-oil-pastels\/"]}]},{"@type":"ImageObject","inLanguage":"en-US","@id":"https:\/\/happycolor.pl\/en\/product\/jumbo-oil-pastels\/#primaryimage","url":"https:\/\/happycolor.pl\/app\/uploads\/2022\/10\/pastele.jpg","contentUrl":"https:\/\/happycolor.pl\/app\/uploads\/2022\/10\/pastele.jpg","width":1200,"height":1200,"caption":"Pastele olejne JUMBO HAPPY COLOR grube sze\u015bciok\u0105tne pastele, mocno nasycone kolorem i mi\u0119kkim grafitem"},{"@type":"BreadcrumbList","@id":"https:\/\/happycolor.pl\/en\/product\/jumbo-oil-pastels\/#breadcrumb","itemListElement":[{"@type":"ListItem","position":1,"name":"Sklep","item":"https:\/\/happycolor.pl\/sklep\/"},{"@type":"ListItem","position":2,"name":"Jumbo oil pastels"}]},{"@type":"WebSite","@id":"https:\/\/happycolor.pl\/#website","url":"https:\/\/happycolor.pl\/","name":"Happy Color","description":"Poznaj nasz kolorowy \u015bwiat","potentialAction":[{"@type":"SearchAction","target":{"@type":"EntryPoint","urlTemplate":"https:\/\/happycolor.pl\/?s={search_term_string}"},"query-input":{"@type":"PropertyValueSpecification","valueRequired":true,"valueName":"search_term_string"}}],"inLanguage":"en-US"}]}},"_links":{"self":[{"href":"https:\/\/happycolor.pl\/en\/wp-json\/wp\/v2\/product\/26722","targetHints":{"allow":["GET"]}}],"collection":[{"href":"https:\/\/happycolor.pl\/en\/wp-json\/wp\/v2\/product"}],"about":[{"href":"https:\/\/happycolor.pl\/en\/wp-json\/wp\/v2\/types\/product"}],"wp:featuredmedia":[{"embeddable":true,"href":"https:\/\/happycolor.pl\/en\/wp-json\/wp\/v2\/media\/27545"}],"wp:attachment":[{"href":"https:\/\/happycolor.pl\/en\/wp-json\/wp\/v2\/media?parent=26722"}],"wp:term":[{"taxonomy":"product_brand","embeddable":true,"href":"https:\/\/happycolor.pl\/en\/wp-json\/wp\/v2\/product_brand?post=26722"},{"taxonomy":"product_cat","embeddable":true,"href":"https:\/\/happycolor.pl\/en\/wp-json\/wp\/v2\/product_cat?post=26722"},{"taxonomy":"product_tag","embeddable":true,"href":"https:\/\/happycolor.pl\/en\/wp-json\/wp\/v2\/product_tag?post=26722"}],"curies":[{"name":"wp","href":"https:\/\/api.w.org\/{rel}","templated":true}]}}