{"id":26696,"date":"2024-01-12T12:56:56","date_gmt":"2024-01-12T11:56:56","guid":{"rendered":"https:\/\/www.happycolor.pl\/produkt\/synthetic-flat-tube\/"},"modified":"2024-02-19T12:06:04","modified_gmt":"2024-02-19T11:06:04","slug":"synthetic-flat-tube","status":"publish","type":"product","link":"https:\/\/happycolor.pl\/en\/product\/synthetic-flat-tube\/","title":{"rendered":"Synthetic Flat &#8211; Tube"},"content":{"rendered":"<table style=\"border-collapse: collapse; width: 100%;\">\n<tbody>\n<tr>\n<td style=\"width: 50%; text-align: center;\"><strong>BRUSH NO.<\/strong><\/td>\n<td style=\"width: 50%; text-align: center;\"><strong>WIDTH<\/strong><\/td>\n<\/tr>\n<tr>\n<td style=\"width: 50%; text-align: center;\">2<\/td>\n<td style=\"width: 50%; text-align: center;\">2 mm<\/td>\n<\/tr>\n<tr>\n<td style=\"width: 50%; text-align: center;\">6<\/td>\n<td style=\"width: 50%; text-align: center;\">6 mm<\/td>\n<\/tr>\n<tr>\n<td style=\"width: 50%; text-align: center;\">10<\/td>\n<td style=\"width: 50%; text-align: center;\">10 mm<\/td>\n<\/tr>\n<\/tbody>\n<\/table>\n","protected":false},"excerpt":{"rendered":"<p>A set of soft school brushes made of synthetic wool and with an ecological wooden handle<\/p>\n<p>SYNTHETIC FLAT \u2013 BRUSH SET IN A TUBE<\/p>\n<ul>\n<li>Soft bristles enable comfortable work with watercolor and poster paints<\/li>\n<li>The package includes 3 sizes of 24 pieces (brush no. 2,6,10)<\/li>\n<li>Each brush has an EAN code, the same for three sizes<\/li>\n<li>72 pcs. in a tube<\/li>\n<\/ul>\n<p>APPLICATION<br \/>\n<strong><img decoding=\"async\" class=\"emoji\" role=\"img\" draggable=\"false\" src=\"https:\/\/s.w.org\/images\/core\/emoji\/13.1.0\/svg\/25aa.svg\" alt=\"\u25aa\" \/><\/strong>templates<img decoding=\"async\" class=\"emoji\" role=\"img\" draggable=\"false\" src=\"https:\/\/s.w.org\/images\/core\/emoji\/13.1.0\/svg\/25aa.svg\" alt=\"\u25aa\" \/>paintings<img decoding=\"async\" class=\"emoji\" role=\"img\" draggable=\"false\" src=\"https:\/\/s.w.org\/images\/core\/emoji\/13.1.0\/svg\/25aa.svg\" alt=\"\u25aa\" \/>calligraphy<\/p>\n","protected":false},"featured_media":26387,"template":"","meta":[],"product_brand":[],"product_cat":[215],"product_tag":[],"class_list":{"0":"post-26696","1":"product","2":"type-product","3":"status-publish","4":"has-post-thumbnail","6":"product_cat-brush-sets","8":"first","9":"instock","10":"shipping-taxable","11":"product-type-simple"},"yoast_head":"<!-- This site is optimized with the Yoast SEO plugin v27.3 - https:\/\/yoast.com\/product\/yoast-seo-wordpress\/ -->\n<title>Synthetic Flat - Tube - Happy Color<\/title>\n<meta name=\"robots\" content=\"index, follow, max-snippet:-1, max-image-preview:large, max-video-preview:-1\" \/>\n<link rel=\"canonical\" href=\"https:\/\/happycolor.pl\/en\/product\/synthetic-flat-tube\/\" \/>\n<meta property=\"og:locale\" content=\"en_US\" \/>\n<meta property=\"og:type\" content=\"article\" \/>\n<meta property=\"og:title\" content=\"Synthetic Flat - Tube - Happy Color\" \/>\n<meta property=\"og:description\" content=\"A set of soft school brushes made of synthetic wool and with an ecological wooden handle  SYNTHETIC FLAT \u2013 BRUSH SET IN A TUBE   Soft bristles enable comfortable work with watercolor and poster paints  The package includes 3 sizes of 24 pieces (brush no. 2,6,10)  Each brush has an EAN code, the same for three sizes  72 pcs. in a tube  APPLICATION templatespaintingscalligraphy\" \/>\n<meta property=\"og:url\" content=\"https:\/\/happycolor.pl\/en\/product\/synthetic-flat-tube\/\" \/>\n<meta property=\"og:site_name\" content=\"Happy Color\" \/>\n<meta property=\"article:modified_time\" content=\"2024-02-19T11:06:04+00:00\" \/>\n<meta property=\"og:image\" content=\"https:\/\/happycolor.pl\/app\/uploads\/2024\/01\/HA-3261-1022-MIX-P72_1.jpg\" \/>\n\t<meta property=\"og:image:width\" content=\"1200\" \/>\n\t<meta property=\"og:image:height\" content=\"1200\" \/>\n\t<meta property=\"og:image:type\" content=\"image\/jpeg\" \/>\n<meta name=\"twitter:card\" content=\"summary_large_image\" \/>\n<script type=\"application\/ld+json\" class=\"yoast-schema-graph\">{\"@context\":\"https:\\\/\\\/schema.org\",\"@graph\":[{\"@type\":\"WebPage\",\"@id\":\"https:\\\/\\\/happycolor.pl\\\/en\\\/product\\\/synthetic-flat-tube\\\/\",\"url\":\"https:\\\/\\\/happycolor.pl\\\/en\\\/product\\\/synthetic-flat-tube\\\/\",\"name\":\"Synthetic Flat - Tube - Happy Color\",\"isPartOf\":{\"@id\":\"https:\\\/\\\/happycolor.pl\\\/#website\"},\"primaryImageOfPage\":{\"@id\":\"https:\\\/\\\/happycolor.pl\\\/en\\\/product\\\/synthetic-flat-tube\\\/#primaryimage\"},\"image\":{\"@id\":\"https:\\\/\\\/happycolor.pl\\\/en\\\/product\\\/synthetic-flat-tube\\\/#primaryimage\"},\"thumbnailUrl\":\"https:\\\/\\\/happycolor.pl\\\/app\\\/uploads\\\/2024\\\/01\\\/HA-3261-1022-MIX-P72_1.jpg\",\"datePublished\":\"2024-01-12T11:56:56+00:00\",\"dateModified\":\"2024-02-19T11:06:04+00:00\",\"breadcrumb\":{\"@id\":\"https:\\\/\\\/happycolor.pl\\\/en\\\/product\\\/synthetic-flat-tube\\\/#breadcrumb\"},\"inLanguage\":\"en-US\",\"potentialAction\":[{\"@type\":\"ReadAction\",\"target\":[\"https:\\\/\\\/happycolor.pl\\\/en\\\/product\\\/synthetic-flat-tube\\\/\"]}]},{\"@type\":\"ImageObject\",\"inLanguage\":\"en-US\",\"@id\":\"https:\\\/\\\/happycolor.pl\\\/en\\\/product\\\/synthetic-flat-tube\\\/#primaryimage\",\"url\":\"https:\\\/\\\/happycolor.pl\\\/app\\\/uploads\\\/2024\\\/01\\\/HA-3261-1022-MIX-P72_1.jpg\",\"contentUrl\":\"https:\\\/\\\/happycolor.pl\\\/app\\\/uploads\\\/2024\\\/01\\\/HA-3261-1022-MIX-P72_1.jpg\",\"width\":1200,\"height\":1200,\"caption\":\"P\u0119dzel szkolny Happy Color p\u0142askie z we\u0142ny syntetycznej w tubie, w trzech rozmiarach\"},{\"@type\":\"BreadcrumbList\",\"@id\":\"https:\\\/\\\/happycolor.pl\\\/en\\\/product\\\/synthetic-flat-tube\\\/#breadcrumb\",\"itemListElement\":[{\"@type\":\"ListItem\",\"position\":1,\"name\":\"Sklep\",\"item\":\"https:\\\/\\\/happycolor.pl\\\/sklep\\\/\"},{\"@type\":\"ListItem\",\"position\":2,\"name\":\"Synthetic Flat &#8211; Tube\"}]},{\"@type\":\"WebSite\",\"@id\":\"https:\\\/\\\/happycolor.pl\\\/#website\",\"url\":\"https:\\\/\\\/happycolor.pl\\\/\",\"name\":\"Happy Color\",\"description\":\"Poznaj nasz kolorowy \u015bwiat\",\"potentialAction\":[{\"@type\":\"SearchAction\",\"target\":{\"@type\":\"EntryPoint\",\"urlTemplate\":\"https:\\\/\\\/happycolor.pl\\\/?s={search_term_string}\"},\"query-input\":{\"@type\":\"PropertyValueSpecification\",\"valueRequired\":true,\"valueName\":\"search_term_string\"}}],\"inLanguage\":\"en-US\"}]}<\/script>\n<!-- \/ Yoast SEO plugin. -->","yoast_head_json":{"title":"Synthetic Flat - Tube - Happy Color","robots":{"index":"index","follow":"follow","max-snippet":"max-snippet:-1","max-image-preview":"max-image-preview:large","max-video-preview":"max-video-preview:-1"},"canonical":"https:\/\/happycolor.pl\/en\/product\/synthetic-flat-tube\/","og_locale":"en_US","og_type":"article","og_title":"Synthetic Flat - Tube - Happy Color","og_description":"A set of soft school brushes made of synthetic wool and with an ecological wooden handle  SYNTHETIC FLAT \u2013 BRUSH SET IN A TUBE   Soft bristles enable comfortable work with watercolor and poster paints  The package includes 3 sizes of 24 pieces (brush no. 2,6,10)  Each brush has an EAN code, the same for three sizes  72 pcs. in a tube  APPLICATION templatespaintingscalligraphy","og_url":"https:\/\/happycolor.pl\/en\/product\/synthetic-flat-tube\/","og_site_name":"Happy Color","article_modified_time":"2024-02-19T11:06:04+00:00","og_image":[{"width":1200,"height":1200,"url":"https:\/\/happycolor.pl\/app\/uploads\/2024\/01\/HA-3261-1022-MIX-P72_1.jpg","type":"image\/jpeg"}],"twitter_card":"summary_large_image","schema":{"@context":"https:\/\/schema.org","@graph":[{"@type":"WebPage","@id":"https:\/\/happycolor.pl\/en\/product\/synthetic-flat-tube\/","url":"https:\/\/happycolor.pl\/en\/product\/synthetic-flat-tube\/","name":"Synthetic Flat - Tube - Happy Color","isPartOf":{"@id":"https:\/\/happycolor.pl\/#website"},"primaryImageOfPage":{"@id":"https:\/\/happycolor.pl\/en\/product\/synthetic-flat-tube\/#primaryimage"},"image":{"@id":"https:\/\/happycolor.pl\/en\/product\/synthetic-flat-tube\/#primaryimage"},"thumbnailUrl":"https:\/\/happycolor.pl\/app\/uploads\/2024\/01\/HA-3261-1022-MIX-P72_1.jpg","datePublished":"2024-01-12T11:56:56+00:00","dateModified":"2024-02-19T11:06:04+00:00","breadcrumb":{"@id":"https:\/\/happycolor.pl\/en\/product\/synthetic-flat-tube\/#breadcrumb"},"inLanguage":"en-US","potentialAction":[{"@type":"ReadAction","target":["https:\/\/happycolor.pl\/en\/product\/synthetic-flat-tube\/"]}]},{"@type":"ImageObject","inLanguage":"en-US","@id":"https:\/\/happycolor.pl\/en\/product\/synthetic-flat-tube\/#primaryimage","url":"https:\/\/happycolor.pl\/app\/uploads\/2024\/01\/HA-3261-1022-MIX-P72_1.jpg","contentUrl":"https:\/\/happycolor.pl\/app\/uploads\/2024\/01\/HA-3261-1022-MIX-P72_1.jpg","width":1200,"height":1200,"caption":"P\u0119dzel szkolny Happy Color p\u0142askie z we\u0142ny syntetycznej w tubie, w trzech rozmiarach"},{"@type":"BreadcrumbList","@id":"https:\/\/happycolor.pl\/en\/product\/synthetic-flat-tube\/#breadcrumb","itemListElement":[{"@type":"ListItem","position":1,"name":"Sklep","item":"https:\/\/happycolor.pl\/sklep\/"},{"@type":"ListItem","position":2,"name":"Synthetic Flat &#8211; Tube"}]},{"@type":"WebSite","@id":"https:\/\/happycolor.pl\/#website","url":"https:\/\/happycolor.pl\/","name":"Happy Color","description":"Poznaj nasz kolorowy \u015bwiat","potentialAction":[{"@type":"SearchAction","target":{"@type":"EntryPoint","urlTemplate":"https:\/\/happycolor.pl\/?s={search_term_string}"},"query-input":{"@type":"PropertyValueSpecification","valueRequired":true,"valueName":"search_term_string"}}],"inLanguage":"en-US"}]}},"_links":{"self":[{"href":"https:\/\/happycolor.pl\/en\/wp-json\/wp\/v2\/product\/26696","targetHints":{"allow":["GET"]}}],"collection":[{"href":"https:\/\/happycolor.pl\/en\/wp-json\/wp\/v2\/product"}],"about":[{"href":"https:\/\/happycolor.pl\/en\/wp-json\/wp\/v2\/types\/product"}],"wp:featuredmedia":[{"embeddable":true,"href":"https:\/\/happycolor.pl\/en\/wp-json\/wp\/v2\/media\/26387"}],"wp:attachment":[{"href":"https:\/\/happycolor.pl\/en\/wp-json\/wp\/v2\/media?parent=26696"}],"wp:term":[{"taxonomy":"product_brand","embeddable":true,"href":"https:\/\/happycolor.pl\/en\/wp-json\/wp\/v2\/product_brand?post=26696"},{"taxonomy":"product_cat","embeddable":true,"href":"https:\/\/happycolor.pl\/en\/wp-json\/wp\/v2\/product_cat?post=26696"},{"taxonomy":"product_tag","embeddable":true,"href":"https:\/\/happycolor.pl\/en\/wp-json\/wp\/v2\/product_tag?post=26696"}],"curies":[{"name":"wp","href":"https:\/\/api.w.org\/{rel}","templated":true}]}}