{"id":26695,"date":"2021-11-30T15:15:27","date_gmt":"2021-11-30T14:15:27","guid":{"rendered":"https:\/\/www.happycolor.pl\/produkt\/acrylic-varnish\/"},"modified":"2021-11-30T15:15:27","modified_gmt":"2021-11-30T14:15:27","slug":"acrylic-varnish","status":"publish","type":"product","link":"https:\/\/happycolor.pl\/en\/product\/acrylic-varnish\/","title":{"rendered":"Acrylic varnish"},"content":{"rendered":"<table style=\"border-collapse: collapse; width: 100%;\">\n<tbody>\n<tr>\n<td style=\"width: 33.3333%; text-align: center;\"><strong>TYPE<\/strong><\/td>\n<td style=\"width: 33.3333%; text-align: center;\"><strong>CAPACITY<\/strong><\/td>\n<td style=\"width: 33.3333%; text-align: center;\"><strong>EFFECT<\/strong><\/td>\n<\/tr>\n<tr>\n<td style=\"width: 33.3333%; text-align: center;\">Gloss<\/td>\n<td style=\"width: 33.3333%; text-align: center;\">75 ml<\/td>\n<td style=\"width: 33.3333%; text-align: center;\">Depth and shine<\/td>\n<\/tr>\n<tr>\n<td style=\"width: 33.3333%; text-align: center;\">Matt<\/td>\n<td style=\"width: 33.3333%; text-align: center;\">75 ml<\/td>\n<td style=\"width: 33.3333%; text-align: center;\">Matte<\/td>\n<\/tr>\n<\/tbody>\n<\/table>\n","protected":false},"excerpt":{"rendered":"<p>Acrylic varnish is the perfect finishing medium for all kinds of artworks<\/p>\n<p>ACRYLIC VARNISH<\/p>\n<ul>\n<li>Varnish is used as a finishing medium for all decoupage works and with acrylic or tempera paints to finish\/protect the surface<\/li>\n<li>Gloss varnish gives depth and shine<\/li>\n<li>Matt varnish gives a matte effect<\/li>\n<li>Best applied with a large soft brush<\/li>\n<li>Capacity 75 ml<\/li>\n<\/ul>\n<p>APPLICATION<br \/>\n<img decoding=\"async\" class=\"emoji\" role=\"img\" draggable=\"false\" src=\"https:\/\/s.w.org\/images\/core\/emoji\/14.0.0\/svg\/25aa.svg\" alt=\"\u25aa\" \/>paintings<br \/>\n<img decoding=\"async\" class=\"emoji\" role=\"img\" draggable=\"false\" src=\"https:\/\/s.w.org\/images\/core\/emoji\/14.0.0\/svg\/25aa.svg\" alt=\"\u25aa\" \/>decorative elements<br \/>\n<img decoding=\"async\" class=\"emoji\" role=\"img\" draggable=\"false\" src=\"https:\/\/s.w.org\/images\/core\/emoji\/14.0.0\/svg\/25aa.svg\" alt=\"\u25aa\" \/>picture frames<br \/>\n<img decoding=\"async\" class=\"emoji\" role=\"img\" draggable=\"false\" src=\"https:\/\/s.w.org\/images\/core\/emoji\/14.0.0\/svg\/25aa.svg\" alt=\"\u25aa\" \/>art works <\/p>\n","protected":false},"featured_media":28929,"template":"","meta":[],"product_brand":[],"product_cat":[210],"product_tag":[],"class_list":{"0":"post-26695","1":"product","2":"type-product","3":"status-publish","4":"has-post-thumbnail","6":"product_cat-painting-mediums","8":"first","9":"instock","10":"shipping-taxable","11":"product-type-simple"},"yoast_head":"<!-- This site is optimized with the Yoast SEO plugin v27.3 - https:\/\/yoast.com\/product\/yoast-seo-wordpress\/ -->\n<title>Acrylic varnish - Happy Color<\/title>\n<meta name=\"robots\" content=\"index, follow, max-snippet:-1, max-image-preview:large, max-video-preview:-1\" \/>\n<link rel=\"canonical\" href=\"https:\/\/happycolor.pl\/en\/product\/acrylic-varnish\/\" \/>\n<meta property=\"og:locale\" content=\"en_US\" \/>\n<meta property=\"og:type\" content=\"article\" \/>\n<meta property=\"og:title\" content=\"Acrylic varnish - Happy Color\" \/>\n<meta property=\"og:description\" content=\"Acrylic varnish is the perfect finishing medium for all kinds of artworks  ACRYLIC VARNISH   Varnish is used as a finishing medium for all decoupage works and with acrylic or tempera paints to finish\/protect the surface  Gloss varnish gives depth and shine  Matt varnish gives a matte effect     Best applied with a large soft brush     Capacity 75 ml  APPLICATION paintings decorative elements  picture frames art works\" \/>\n<meta property=\"og:url\" content=\"https:\/\/happycolor.pl\/en\/product\/acrylic-varnish\/\" \/>\n<meta property=\"og:site_name\" content=\"Happy Color\" \/>\n<meta property=\"og:image\" content=\"https:\/\/happycolor.pl\/app\/uploads\/2021\/11\/HA-7380-0075-GL_www.png\" \/>\n\t<meta property=\"og:image:width\" content=\"1200\" \/>\n\t<meta property=\"og:image:height\" content=\"1200\" \/>\n\t<meta property=\"og:image:type\" content=\"image\/png\" \/>\n<meta name=\"twitter:card\" content=\"summary_large_image\" \/>\n<script type=\"application\/ld+json\" class=\"yoast-schema-graph\">{\"@context\":\"https:\\\/\\\/schema.org\",\"@graph\":[{\"@type\":\"WebPage\",\"@id\":\"https:\\\/\\\/happycolor.pl\\\/en\\\/product\\\/acrylic-varnish\\\/\",\"url\":\"https:\\\/\\\/happycolor.pl\\\/en\\\/product\\\/acrylic-varnish\\\/\",\"name\":\"Acrylic varnish - Happy Color\",\"isPartOf\":{\"@id\":\"https:\\\/\\\/happycolor.pl\\\/#website\"},\"primaryImageOfPage\":{\"@id\":\"https:\\\/\\\/happycolor.pl\\\/en\\\/product\\\/acrylic-varnish\\\/#primaryimage\"},\"image\":{\"@id\":\"https:\\\/\\\/happycolor.pl\\\/en\\\/product\\\/acrylic-varnish\\\/#primaryimage\"},\"thumbnailUrl\":\"https:\\\/\\\/happycolor.pl\\\/app\\\/uploads\\\/2021\\\/11\\\/HA-7380-0075-GL_www.png\",\"datePublished\":\"2021-11-30T14:15:27+00:00\",\"breadcrumb\":{\"@id\":\"https:\\\/\\\/happycolor.pl\\\/en\\\/product\\\/acrylic-varnish\\\/#breadcrumb\"},\"inLanguage\":\"en-US\",\"potentialAction\":[{\"@type\":\"ReadAction\",\"target\":[\"https:\\\/\\\/happycolor.pl\\\/en\\\/product\\\/acrylic-varnish\\\/\"]}]},{\"@type\":\"ImageObject\",\"inLanguage\":\"en-US\",\"@id\":\"https:\\\/\\\/happycolor.pl\\\/en\\\/product\\\/acrylic-varnish\\\/#primaryimage\",\"url\":\"https:\\\/\\\/happycolor.pl\\\/app\\\/uploads\\\/2021\\\/11\\\/HA-7380-0075-GL_www.png\",\"contentUrl\":\"https:\\\/\\\/happycolor.pl\\\/app\\\/uploads\\\/2021\\\/11\\\/HA-7380-0075-GL_www.png\",\"width\":1200,\"height\":1200,\"caption\":\"Werniks stosuje si\u0119 jako medium wyko\u0144czeniowe do wszelkich prac decoupage z farbami akrylowymi lub temperami, w celu wyko\u0144czenia- zabezpieczenia powierzchni. Werniks gloss nadaje g\u0142\u0119bie i po\u0142ysk. Werniks matt nadaje matowy efekt. Pojemno\u015b\u0107 75 ml.\"},{\"@type\":\"BreadcrumbList\",\"@id\":\"https:\\\/\\\/happycolor.pl\\\/en\\\/product\\\/acrylic-varnish\\\/#breadcrumb\",\"itemListElement\":[{\"@type\":\"ListItem\",\"position\":1,\"name\":\"Sklep\",\"item\":\"https:\\\/\\\/happycolor.pl\\\/sklep\\\/\"},{\"@type\":\"ListItem\",\"position\":2,\"name\":\"Acrylic varnish\"}]},{\"@type\":\"WebSite\",\"@id\":\"https:\\\/\\\/happycolor.pl\\\/#website\",\"url\":\"https:\\\/\\\/happycolor.pl\\\/\",\"name\":\"Happy Color\",\"description\":\"Poznaj nasz kolorowy \u015bwiat\",\"potentialAction\":[{\"@type\":\"SearchAction\",\"target\":{\"@type\":\"EntryPoint\",\"urlTemplate\":\"https:\\\/\\\/happycolor.pl\\\/?s={search_term_string}\"},\"query-input\":{\"@type\":\"PropertyValueSpecification\",\"valueRequired\":true,\"valueName\":\"search_term_string\"}}],\"inLanguage\":\"en-US\"}]}<\/script>\n<!-- \/ Yoast SEO plugin. -->","yoast_head_json":{"title":"Acrylic varnish - Happy Color","robots":{"index":"index","follow":"follow","max-snippet":"max-snippet:-1","max-image-preview":"max-image-preview:large","max-video-preview":"max-video-preview:-1"},"canonical":"https:\/\/happycolor.pl\/en\/product\/acrylic-varnish\/","og_locale":"en_US","og_type":"article","og_title":"Acrylic varnish - Happy Color","og_description":"Acrylic varnish is the perfect finishing medium for all kinds of artworks  ACRYLIC VARNISH   Varnish is used as a finishing medium for all decoupage works and with acrylic or tempera paints to finish\/protect the surface  Gloss varnish gives depth and shine  Matt varnish gives a matte effect     Best applied with a large soft brush     Capacity 75 ml  APPLICATION paintings decorative elements  picture frames art works","og_url":"https:\/\/happycolor.pl\/en\/product\/acrylic-varnish\/","og_site_name":"Happy Color","og_image":[{"width":1200,"height":1200,"url":"https:\/\/happycolor.pl\/app\/uploads\/2021\/11\/HA-7380-0075-GL_www.png","type":"image\/png"}],"twitter_card":"summary_large_image","schema":{"@context":"https:\/\/schema.org","@graph":[{"@type":"WebPage","@id":"https:\/\/happycolor.pl\/en\/product\/acrylic-varnish\/","url":"https:\/\/happycolor.pl\/en\/product\/acrylic-varnish\/","name":"Acrylic varnish - Happy Color","isPartOf":{"@id":"https:\/\/happycolor.pl\/#website"},"primaryImageOfPage":{"@id":"https:\/\/happycolor.pl\/en\/product\/acrylic-varnish\/#primaryimage"},"image":{"@id":"https:\/\/happycolor.pl\/en\/product\/acrylic-varnish\/#primaryimage"},"thumbnailUrl":"https:\/\/happycolor.pl\/app\/uploads\/2021\/11\/HA-7380-0075-GL_www.png","datePublished":"2021-11-30T14:15:27+00:00","breadcrumb":{"@id":"https:\/\/happycolor.pl\/en\/product\/acrylic-varnish\/#breadcrumb"},"inLanguage":"en-US","potentialAction":[{"@type":"ReadAction","target":["https:\/\/happycolor.pl\/en\/product\/acrylic-varnish\/"]}]},{"@type":"ImageObject","inLanguage":"en-US","@id":"https:\/\/happycolor.pl\/en\/product\/acrylic-varnish\/#primaryimage","url":"https:\/\/happycolor.pl\/app\/uploads\/2021\/11\/HA-7380-0075-GL_www.png","contentUrl":"https:\/\/happycolor.pl\/app\/uploads\/2021\/11\/HA-7380-0075-GL_www.png","width":1200,"height":1200,"caption":"Werniks stosuje si\u0119 jako medium wyko\u0144czeniowe do wszelkich prac decoupage z farbami akrylowymi lub temperami, w celu wyko\u0144czenia- zabezpieczenia powierzchni. Werniks gloss nadaje g\u0142\u0119bie i po\u0142ysk. Werniks matt nadaje matowy efekt. Pojemno\u015b\u0107 75 ml."},{"@type":"BreadcrumbList","@id":"https:\/\/happycolor.pl\/en\/product\/acrylic-varnish\/#breadcrumb","itemListElement":[{"@type":"ListItem","position":1,"name":"Sklep","item":"https:\/\/happycolor.pl\/sklep\/"},{"@type":"ListItem","position":2,"name":"Acrylic varnish"}]},{"@type":"WebSite","@id":"https:\/\/happycolor.pl\/#website","url":"https:\/\/happycolor.pl\/","name":"Happy Color","description":"Poznaj nasz kolorowy \u015bwiat","potentialAction":[{"@type":"SearchAction","target":{"@type":"EntryPoint","urlTemplate":"https:\/\/happycolor.pl\/?s={search_term_string}"},"query-input":{"@type":"PropertyValueSpecification","valueRequired":true,"valueName":"search_term_string"}}],"inLanguage":"en-US"}]}},"_links":{"self":[{"href":"https:\/\/happycolor.pl\/en\/wp-json\/wp\/v2\/product\/26695","targetHints":{"allow":["GET"]}}],"collection":[{"href":"https:\/\/happycolor.pl\/en\/wp-json\/wp\/v2\/product"}],"about":[{"href":"https:\/\/happycolor.pl\/en\/wp-json\/wp\/v2\/types\/product"}],"wp:featuredmedia":[{"embeddable":true,"href":"https:\/\/happycolor.pl\/en\/wp-json\/wp\/v2\/media\/28929"}],"wp:attachment":[{"href":"https:\/\/happycolor.pl\/en\/wp-json\/wp\/v2\/media?parent=26695"}],"wp:term":[{"taxonomy":"product_brand","embeddable":true,"href":"https:\/\/happycolor.pl\/en\/wp-json\/wp\/v2\/product_brand?post=26695"},{"taxonomy":"product_cat","embeddable":true,"href":"https:\/\/happycolor.pl\/en\/wp-json\/wp\/v2\/product_cat?post=26695"},{"taxonomy":"product_tag","embeddable":true,"href":"https:\/\/happycolor.pl\/en\/wp-json\/wp\/v2\/product_tag?post=26695"}],"curies":[{"name":"wp","href":"https:\/\/api.w.org\/{rel}","templated":true}]}}